{"id":42657,"date":"2023-03-10T23:23:09","date_gmt":"2023-03-10T22:23:09","guid":{"rendered":"https:\/\/dev.netpet.ch\/produit\/eleveuse-electrique-avec-reflecteur-en-aluminium\/"},"modified":"2026-02-23T10:15:24","modified_gmt":"2026-02-23T09:15:24","slug":"eleveuse-electrique-avec-reflecteur-en-aluminium","status":"publish","type":"product","link":"https:\/\/netpet.ch\/de\/produit\/eleveuse-electrique-avec-reflecteur-en-aluminium\/","title":{"rendered":"Schutzkorb f\u00fcr W\u00e4rmelampen und Dunkelstrahler"},"content":{"rendered":"<p>Diese elektrische Aufzuchtanlage f\u00fcr Infrarot- oder Keramiklampen besteht aus:<br \/>\n\u2022 Reflektor aus Aluminium mit Schutzgitter<br \/>\n\u2022 Fassung E27 aus Keramik<br \/>\n\u2022 Kette zum Aufh\u00e4ngen<br \/>\n\u2022 2.5m langes Kabel.<\/p>\n<p>Spannung 220-240v; Schutzklasse II (doppelt isoliert).<br \/>\nF\u00fcr Lampen bis zu 175 Watt geeignet; Schutzklasse IPX4 (spritzwassergesch\u00fctzt).<\/p>\n<p>Wird OHNE Gl\u00fchbirne geliefert; Infrarot- oder Keramiklampen sind separat erh\u00e4ltlich.<\/p>\n<p>(\u00fcbersetzt mit www.deepL.com)<\/p>\n","protected":false},"excerpt":{"rendered":"<p>Diese elektrische Aufzuchtanlage f\u00fcr Infrarot- oder Keramiklampen besteht aus: \u2022 Reflektor aus Aluminium mit Schutzgitter \u2022 Fassung E27 aus Keramik \u2022 Kette zum Aufh\u00e4ngen \u2022 2.5m langes Kabel. Spannung 220-240v; Schutzklasse II (doppelt isoliert). F\u00fcr Lampen bis zu 175 Watt geeignet; Schutzklasse IPX4 (spritzwassergesch\u00fctzt). Wird OHNE Gl\u00fchbirne geliefert; Infrarot- oder Keramiklampen sind separat erh\u00e4ltlich. (\u00fcbersetzt [&hellip;]<\/p>\n","protected":false},"featured_media":44327,"template":"","meta":{"_acf_changed":false,"wds_primary_product_brand":0,"wds_primary_product_cat":0},"product_brand":[],"product_cat":[457,453],"product_tag":[444],"class_list":{"0":"post-42657","1":"product","2":"type-product","3":"status-publish","4":"has-post-thumbnail","6":"product_cat-fur-kuken-und-wachteln","7":"product_cat-kuekenaufzucht-zubehoer","8":"product_tag-promo-de","10":"first","11":"instock","12":"sale","13":"taxable","14":"shipping-taxable","15":"purchasable","16":"product-type-simple"},"acf":[],"_links":{"self":[{"href":"https:\/\/netpet.ch\/de\/wp-json\/wp\/v2\/product\/42657","targetHints":{"allow":["GET"]}}],"collection":[{"href":"https:\/\/netpet.ch\/de\/wp-json\/wp\/v2\/product"}],"about":[{"href":"https:\/\/netpet.ch\/de\/wp-json\/wp\/v2\/types\/product"}],"wp:featuredmedia":[{"embeddable":true,"href":"https:\/\/netpet.ch\/de\/wp-json\/wp\/v2\/media\/44327"}],"wp:attachment":[{"href":"https:\/\/netpet.ch\/de\/wp-json\/wp\/v2\/media?parent=42657"}],"wp:term":[{"taxonomy":"product_brand","embeddable":true,"href":"https:\/\/netpet.ch\/de\/wp-json\/wp\/v2\/product_brand?post=42657"},{"taxonomy":"product_cat","embeddable":true,"href":"https:\/\/netpet.ch\/de\/wp-json\/wp\/v2\/product_cat?post=42657"},{"taxonomy":"product_tag","embeddable":true,"href":"https:\/\/netpet.ch\/de\/wp-json\/wp\/v2\/product_tag?post=42657"}],"curies":[{"name":"wp","href":"https:\/\/api.w.org\/{rel}","templated":true}]}}