{"id":42668,"date":"2023-03-10T23:22:42","date_gmt":"2023-03-10T22:22:42","guid":{"rendered":"https:\/\/dev.netpet.ch\/produit\/systeme-dabreuvoir-automatique-coupelle-basculante-6cm-en-bakelite\/"},"modified":"2024-01-03T10:38:12","modified_gmt":"2024-01-03T09:38:12","slug":"systeme-dabreuvoir-automatique-coupelle-basculante-6cm-en-bakelite","status":"publish","type":"product","link":"https:\/\/netpet.ch\/de\/produit\/systeme-dabreuvoir-automatique-coupelle-basculante-6cm-en-bakelite\/","title":{"rendered":"Automatisches Tr\u00e4nkesystem - Kippbare Schale aus Bakelit, 6cm"},"content":{"rendered":"<p>Die Tr\u00e4nke ist f\u00fcr alle Gefl\u00fcgel- und Kaninchenarten geeignet. Sie l\u00e4sst sich leicht am Maschendraht befestigen, mit einem 9mm PVC-Schlauch (Produktcode: olnl-s9z-1_bySPS und olnl-s9z-50) an ein Tr\u00e4nkesystem anschlie\u00dfen und zur Reinigung abnehmen.<\/p>\n<p>Die Schale aus Bakelit l\u00e4sst sich kippen, wenn sie voll ist, und unterbricht die Wasserzufuhr.<\/p>\n<p><em><strong>Achtung:<\/strong> dieses Trinksystem ist nur mit einem <strong>niedrigen Wasserdruck<\/strong> zu verwenden. M\u00f6chten Sie das Trinksystem doch an einen hohen Wasserdruck anschlie\u00dfen (zum Beispiel direkt an die Wasserleitung), dann muss\u00a0 ein Wasserbeh\u00e4lter mit Schwimmerventil verwendet werden (Produktcode: olnl-vb8z). Der maximale zugestandene Wasserdruck ist der, der bei einem H\u00f6henunterschied von 40cm zwischen der Beckentr\u00e4nke und dem Wasserspiegel im Wasserbeh\u00e4lter mit Schwimmerventil entsteht.<\/em><\/p>\n<p>(\u00fcbersetzt mit www.deepL.com)<\/p>\n","protected":false},"excerpt":{"rendered":"<p>Die Tr\u00e4nke ist f\u00fcr alle Gefl\u00fcgel- und Kaninchenarten geeignet. Sie l\u00e4sst sich leicht am Maschendraht befestigen, mit einem 9mm PVC-Schlauch (Produktcode: olnl-s9z-1_bySPS und olnl-s9z-50) an ein Tr\u00e4nkesystem anschlie\u00dfen und zur Reinigung abnehmen. Die Schale aus Bakelit l\u00e4sst sich kippen, wenn sie voll ist, und unterbricht die Wasserzufuhr. Achtung: dieses Trinksystem ist nur mit einem niedrigen [&hellip;]<\/p>\n","protected":false},"featured_media":45294,"template":"","meta":{"_acf_changed":false,"wds_primary_product_brand":0,"wds_primary_product_cat":0},"product_brand":[],"product_cat":[433],"product_tag":[],"class_list":{"0":"post-42668","1":"product","2":"type-product","3":"status-publish","4":"has-post-thumbnail","6":"product_cat-tranken","8":"first","9":"instock","10":"taxable","11":"shipping-taxable","12":"purchasable","13":"product-type-simple"},"acf":[],"_links":{"self":[{"href":"https:\/\/netpet.ch\/de\/wp-json\/wp\/v2\/product\/42668","targetHints":{"allow":["GET"]}}],"collection":[{"href":"https:\/\/netpet.ch\/de\/wp-json\/wp\/v2\/product"}],"about":[{"href":"https:\/\/netpet.ch\/de\/wp-json\/wp\/v2\/types\/product"}],"wp:featuredmedia":[{"embeddable":true,"href":"https:\/\/netpet.ch\/de\/wp-json\/wp\/v2\/media\/45294"}],"wp:attachment":[{"href":"https:\/\/netpet.ch\/de\/wp-json\/wp\/v2\/media?parent=42668"}],"wp:term":[{"taxonomy":"product_brand","embeddable":true,"href":"https:\/\/netpet.ch\/de\/wp-json\/wp\/v2\/product_brand?post=42668"},{"taxonomy":"product_cat","embeddable":true,"href":"https:\/\/netpet.ch\/de\/wp-json\/wp\/v2\/product_cat?post=42668"},{"taxonomy":"product_tag","embeddable":true,"href":"https:\/\/netpet.ch\/de\/wp-json\/wp\/v2\/product_tag?post=42668"}],"curies":[{"name":"wp","href":"https:\/\/api.w.org\/{rel}","templated":true}]}}