{"id":42670,"date":"2023-03-10T23:22:38","date_gmt":"2023-03-10T22:22:38","guid":{"rendered":"https:\/\/dev.netpet.ch\/produit\/raccord-en-t-o-10x7x10mm\/"},"modified":"2024-01-03T10:28:09","modified_gmt":"2024-01-03T09:28:09","slug":"raccord-en-t-o-10x7x10mm","status":"publish","type":"product","link":"https:\/\/netpet.ch\/de\/produit\/raccord-en-t-o-10x7x10mm\/","title":{"rendered":"T-St\u00fcck, \u00d8 10x7x10mm"},"content":{"rendered":"<p>Mit diesem T-St\u00fcck vom Typ 10x7x10mm k\u00f6nnen bei niedrigem Wasserdruck automatische Beckentr\u00e4nken oder Nippeltr\u00e4nken (Produktcodes : olnl-dhsz-dclg, olnl-dhsz-dclr und olnl-dhsz-mk11) \u00fcber einen PVC-Schlauch (Produktcodes : olnl-s9z-1_bySPS und olnl-s9z-50) an einen Tank angeschlossen werden.<\/p>\n<p>Hergestellt aus extrem widerstandsf\u00e4higem, schwarzem ABS-Kunststoff.<\/p>\n<p>(\u00fcbersetzt mit www.deepL.com)<\/p>\n","protected":false},"excerpt":{"rendered":"<p>Mit diesem T-St\u00fcck vom Typ 10x7x10mm k\u00f6nnen bei niedrigem Wasserdruck automatische Beckentr\u00e4nken oder Nippeltr\u00e4nken (Produktcodes : olnl-dhsz-dclg, olnl-dhsz-dclr und olnl-dhsz-mk11) \u00fcber einen PVC-Schlauch (Produktcodes : olnl-s9z-1_bySPS und olnl-s9z-50) an einen Tank angeschlossen werden. Hergestellt aus extrem widerstandsf\u00e4higem, schwarzem ABS-Kunststoff. (\u00fcbersetzt mit www.deepL.com)<\/p>\n","protected":false},"featured_media":38084,"template":"","meta":{"_acf_changed":false,"wds_primary_product_brand":0,"wds_primary_product_cat":0},"product_brand":[],"product_cat":[433],"product_tag":[],"class_list":{"0":"post-42670","1":"product","2":"type-product","3":"status-publish","4":"has-post-thumbnail","6":"product_cat-tranken","8":"first","9":"instock","10":"taxable","11":"shipping-taxable","12":"purchasable","13":"product-type-simple"},"acf":[],"_links":{"self":[{"href":"https:\/\/netpet.ch\/de\/wp-json\/wp\/v2\/product\/42670","targetHints":{"allow":["GET"]}}],"collection":[{"href":"https:\/\/netpet.ch\/de\/wp-json\/wp\/v2\/product"}],"about":[{"href":"https:\/\/netpet.ch\/de\/wp-json\/wp\/v2\/types\/product"}],"wp:featuredmedia":[{"embeddable":true,"href":"https:\/\/netpet.ch\/de\/wp-json\/wp\/v2\/media\/38084"}],"wp:attachment":[{"href":"https:\/\/netpet.ch\/de\/wp-json\/wp\/v2\/media?parent=42670"}],"wp:term":[{"taxonomy":"product_brand","embeddable":true,"href":"https:\/\/netpet.ch\/de\/wp-json\/wp\/v2\/product_brand?post=42670"},{"taxonomy":"product_cat","embeddable":true,"href":"https:\/\/netpet.ch\/de\/wp-json\/wp\/v2\/product_cat?post=42670"},{"taxonomy":"product_tag","embeddable":true,"href":"https:\/\/netpet.ch\/de\/wp-json\/wp\/v2\/product_tag?post=42670"}],"curies":[{"name":"wp","href":"https:\/\/api.w.org\/{rel}","templated":true}]}}