{"id":42671,"date":"2023-03-10T23:22:34","date_gmt":"2023-03-10T22:22:34","guid":{"rendered":"https:\/\/dev.netpet.ch\/produit\/terre-de-diatomee-5kg\/"},"modified":"2025-09-09T11:01:38","modified_gmt":"2025-09-09T09:01:38","slug":"terre-de-diatomee-5kg","status":"publish","type":"product","link":"https:\/\/netpet.ch\/de\/produit\/terre-de-diatomee-5kg\/","title":{"rendered":"Kieselgur - 5kg"},"content":{"rendered":"<p>Kieselgur mit 100% nat\u00fcrlichem Wirkstoff wird als biologisches Bek\u00e4mpfungsmittel gegen Milben (rote Milben) bei Gefl\u00fcgel eingesetzt.<\/p>\n<p>Einheit : 5kg (Pulver)<\/p>\n<p>Aufwandsdosis : ca. 20 bis 40 g\/m\u00b2, je nach Konfiguration des H\u00fchnerstalls und Befallsgrad<\/p>\n<p>Eigenschaften : Kieselgur l\u00e4sst Sch\u00e4dlinge austrocknen. Es gibt keine Nebenwirkungen f\u00fcr Menschen oder Haustiere. Neben ihrem hohen Kiesels\u00e4uregehalt enth\u00e4lt Kieselgur wichtige Mineralien und Spurenelemente (Bor, Kupfer, Eisen, Calcium und Mangan).<\/p>\n<p>Anwendung in Gefl\u00fcgelst\u00e4llen : Es wird dringend empfohlen, eine Maske zu tragen und die Tiere ausserhalb des behandelten Bereichs zu halten. Leeren Sie den H\u00fchnerstall und entfernen Sie die Einstreu. Tragen Sie das Pulver gem\u00e4ss der Gebrauchsanweisung auf (ca. 20 bis 40g\/m2). Die Anwendung kann bei jeder Reinigung oder sogar w\u00f6chentlich wiederholt werden, je nach Grad des Befalls. Kieselgur kann in den Sandkasten gemischt werden. Es kann auch direkt auf das Federkleid der H\u00fchner aufgetragen werden, wobei der Kopf ausgespart wird.<\/p>\n","protected":false},"excerpt":{"rendered":"<p>Kieselgur mit 100% nat\u00fcrlichem Wirkstoff wird als biologisches Bek\u00e4mpfungsmittel gegen Milben (rote Milben) bei Gefl\u00fcgel eingesetzt. Einheit : 5kg (Pulver) Aufwandsdosis : ca. 20 bis 40 g\/m\u00b2, je nach Konfiguration des H\u00fchnerstalls und Befallsgrad Eigenschaften : Kieselgur l\u00e4sst Sch\u00e4dlinge austrocknen. Es gibt keine Nebenwirkungen f\u00fcr Menschen oder Haustiere. Neben ihrem hohen Kiesels\u00e4uregehalt enth\u00e4lt Kieselgur wichtige [&hellip;]<\/p>\n","protected":false},"featured_media":38080,"template":"","meta":{"_acf_changed":false,"wds_primary_product_brand":0,"wds_primary_product_cat":0},"product_brand":[],"product_cat":[455,435],"product_tag":[],"class_list":{"0":"post-42671","1":"product","2":"type-product","3":"status-publish","4":"has-post-thumbnail","6":"product_cat-reinigung","7":"product_cat-wohlbefinden-und-futter","9":"first","10":"outofstock","11":"taxable","12":"shipping-taxable","13":"purchasable","14":"product-type-simple"},"acf":[],"_links":{"self":[{"href":"https:\/\/netpet.ch\/de\/wp-json\/wp\/v2\/product\/42671","targetHints":{"allow":["GET"]}}],"collection":[{"href":"https:\/\/netpet.ch\/de\/wp-json\/wp\/v2\/product"}],"about":[{"href":"https:\/\/netpet.ch\/de\/wp-json\/wp\/v2\/types\/product"}],"wp:featuredmedia":[{"embeddable":true,"href":"https:\/\/netpet.ch\/de\/wp-json\/wp\/v2\/media\/38080"}],"wp:attachment":[{"href":"https:\/\/netpet.ch\/de\/wp-json\/wp\/v2\/media?parent=42671"}],"wp:term":[{"taxonomy":"product_brand","embeddable":true,"href":"https:\/\/netpet.ch\/de\/wp-json\/wp\/v2\/product_brand?post=42671"},{"taxonomy":"product_cat","embeddable":true,"href":"https:\/\/netpet.ch\/de\/wp-json\/wp\/v2\/product_cat?post=42671"},{"taxonomy":"product_tag","embeddable":true,"href":"https:\/\/netpet.ch\/de\/wp-json\/wp\/v2\/product_tag?post=42671"}],"curies":[{"name":"wp","href":"https:\/\/api.w.org\/{rel}","templated":true}]}}