{"id":42676,"date":"2023-03-10T23:22:21","date_gmt":"2023-03-10T22:22:21","guid":{"rendered":"https:\/\/dev.netpet.ch\/produit\/danish-design-coussin-a-motif-hibou-71x98cm\/"},"modified":"2023-05-01T00:00:07","modified_gmt":"2023-04-30T22:00:07","slug":"danish-design-coussin-a-motif-hibou-71x98cm","status":"publish","type":"product","link":"https:\/\/netpet.ch\/de\/produit\/danish-design-coussin-a-motif-hibou-71x98cm\/","title":{"rendered":"Danish Design - Liegekissen mit Eulenmotiv, 71x98cm"},"content":{"rendered":"<p>Das gesteppte Kissen mit Eulenmotiv der Marke Danish Design bietet Hunden und Katzen einen bequemen, kuscheligen und sicheren Ruheplatz.<\/p>\n<p>Es hat eine rechteckige Form und bietet ein originalartiges Design, das von der britischen Landschaft inspiriert ist. Der Druck zeigt marinefarbene Eulenpaare auf einem subtilen weidenfarbenen Hintergrund.<\/p>\n<p>Es besteht aus hochwertigem Stoff aus 100% Baumwolle und ist mit ultraweichen thermischen Polyesterfasern gef\u00fcllt, die Wohlbefinden, Weichheit und W\u00e4rme gew\u00e4hrleisten.<\/p>\n<p>Das Kissen hat einen abnehmbaren Bezug, ist vollst\u00e4ndig waschbar und trocknet leicht.<\/p>\n<p>(\u00fcbersetzt mit www.deepL.com)<\/p>\n","protected":false},"excerpt":{"rendered":"<p>Das gesteppte Kissen mit Eulenmotiv der Marke Danish Design bietet Hunden und Katzen einen bequemen, kuscheligen und sicheren Ruheplatz. Es hat eine rechteckige Form und bietet ein originalartiges Design, das von der britischen Landschaft inspiriert ist. Der Druck zeigt marinefarbene Eulenpaare auf einem subtilen weidenfarbenen Hintergrund. Es besteht aus hochwertigem Stoff aus 100% Baumwolle und [&hellip;]<\/p>\n","protected":false},"featured_media":46742,"template":"","meta":{"_acf_changed":false,"wds_primary_product_brand":0,"wds_primary_product_cat":0},"product_brand":[],"product_cat":[505,518],"product_tag":[444],"class_list":{"0":"post-42676","1":"product","2":"type-product","3":"status-publish","4":"has-post-thumbnail","6":"product_cat-betten-kissen-und-decken-katzen","7":"product_cat-betten-kissen-und-decken-hunde","8":"product_tag-promo-de","10":"first","11":"instock","12":"sale","13":"taxable","14":"shipping-taxable","15":"purchasable","16":"product-type-simple"},"acf":[],"_links":{"self":[{"href":"https:\/\/netpet.ch\/de\/wp-json\/wp\/v2\/product\/42676","targetHints":{"allow":["GET"]}}],"collection":[{"href":"https:\/\/netpet.ch\/de\/wp-json\/wp\/v2\/product"}],"about":[{"href":"https:\/\/netpet.ch\/de\/wp-json\/wp\/v2\/types\/product"}],"wp:featuredmedia":[{"embeddable":true,"href":"https:\/\/netpet.ch\/de\/wp-json\/wp\/v2\/media\/46742"}],"wp:attachment":[{"href":"https:\/\/netpet.ch\/de\/wp-json\/wp\/v2\/media?parent=42676"}],"wp:term":[{"taxonomy":"product_brand","embeddable":true,"href":"https:\/\/netpet.ch\/de\/wp-json\/wp\/v2\/product_brand?post=42676"},{"taxonomy":"product_cat","embeddable":true,"href":"https:\/\/netpet.ch\/de\/wp-json\/wp\/v2\/product_cat?post=42676"},{"taxonomy":"product_tag","embeddable":true,"href":"https:\/\/netpet.ch\/de\/wp-json\/wp\/v2\/product_tag?post=42676"}],"curies":[{"name":"wp","href":"https:\/\/api.w.org\/{rel}","templated":true}]}}