{"id":42680,"date":"2023-03-10T23:22:02","date_gmt":"2023-03-10T22:22:02","guid":{"rendered":"https:\/\/dev.netpet.ch\/produit\/danish-design-lit-a-motif-tweed-45cm\/"},"modified":"2023-04-30T00:00:07","modified_gmt":"2023-04-29T22:00:07","slug":"danish-design-lit-a-motif-tweed-45cm","status":"publish","type":"product","link":"https:\/\/netpet.ch\/de\/produit\/danish-design-lit-a-motif-tweed-45cm\/","title":{"rendered":"Danish Design - Bett mit Tweedmotiv, 45cm"},"content":{"rendered":"<p>Das gesteppte Bett mit Tweedmotiv der Marke Danish Design bietet Hunden und Katzen einen bequemen, kuscheligen und sicheren Ruheplatz.<\/p>\n<p>Es bietet mit seinem l\u00e4ndlich gr\u00fcnen Tweedstoff und dem beigem Kunstwildleder einen originalen und eleganten Stil, der vom britischen Erbe und den britischen Traditionen inspiriert ist.<\/p>\n<p>Es hat eine rechteckige Form und verf\u00fcgt \u00fcber breite, gepolsterte St\u00fctzen an drei Seiten f\u00fcr hohen Komfort; die abgesenkte Vorderseite erleichtert den Einstieg. Es ist aus hochwertigem, strapazierf\u00e4higem Polyester und Acryl gefertigt und waschbar.<\/p>\n<p>(\u00fcbersetzt mit www.deepL.com)<\/p>\n","protected":false},"excerpt":{"rendered":"<p>Das gesteppte Bett mit Tweedmotiv der Marke Danish Design bietet Hunden und Katzen einen bequemen, kuscheligen und sicheren Ruheplatz. Es bietet mit seinem l\u00e4ndlich gr\u00fcnen Tweedstoff und dem beigem Kunstwildleder einen originalen und eleganten Stil, der vom britischen Erbe und den britischen Traditionen inspiriert ist. Es hat eine rechteckige Form und verf\u00fcgt \u00fcber breite, gepolsterte [&hellip;]<\/p>\n","protected":false},"featured_media":46735,"template":"","meta":{"_acf_changed":false,"wds_primary_product_brand":0,"wds_primary_product_cat":0},"product_brand":[],"product_cat":[505,518],"product_tag":[444],"class_list":{"0":"post-42680","1":"product","2":"type-product","3":"status-publish","4":"has-post-thumbnail","6":"product_cat-betten-kissen-und-decken-katzen","7":"product_cat-betten-kissen-und-decken-hunde","8":"product_tag-promo-de","10":"first","11":"instock","12":"sale","13":"taxable","14":"shipping-taxable","15":"purchasable","16":"product-type-simple"},"acf":[],"_links":{"self":[{"href":"https:\/\/netpet.ch\/de\/wp-json\/wp\/v2\/product\/42680","targetHints":{"allow":["GET"]}}],"collection":[{"href":"https:\/\/netpet.ch\/de\/wp-json\/wp\/v2\/product"}],"about":[{"href":"https:\/\/netpet.ch\/de\/wp-json\/wp\/v2\/types\/product"}],"wp:featuredmedia":[{"embeddable":true,"href":"https:\/\/netpet.ch\/de\/wp-json\/wp\/v2\/media\/46735"}],"wp:attachment":[{"href":"https:\/\/netpet.ch\/de\/wp-json\/wp\/v2\/media?parent=42680"}],"wp:term":[{"taxonomy":"product_brand","embeddable":true,"href":"https:\/\/netpet.ch\/de\/wp-json\/wp\/v2\/product_brand?post=42680"},{"taxonomy":"product_cat","embeddable":true,"href":"https:\/\/netpet.ch\/de\/wp-json\/wp\/v2\/product_cat?post=42680"},{"taxonomy":"product_tag","embeddable":true,"href":"https:\/\/netpet.ch\/de\/wp-json\/wp\/v2\/product_tag?post=42680"}],"curies":[{"name":"wp","href":"https:\/\/api.w.org\/{rel}","templated":true}]}}