{"id":42681,"date":"2023-03-10T23:22:00","date_gmt":"2023-03-10T22:22:00","guid":{"rendered":"https:\/\/dev.netpet.ch\/produit\/mangeoire-lineaire-galvanisee-75cm\/"},"modified":"2025-03-03T09:36:41","modified_gmt":"2025-03-03T08:36:41","slug":"mangeoire-lineaire-galvanisee-75cm","status":"publish","type":"product","link":"https:\/\/netpet.ch\/de\/produit\/mangeoire-lineaire-galvanisee-75cm\/","title":{"rendered":"Verzinkter linearer Futtertrog, 75cm"},"content":{"rendered":"<p>Dieser verzinkte Futtertrog mit einer L\u00e4nge von 75cm verf\u00fcgt \u00fcber ein aufklappbares Fressgitter. Er ist ideal f\u00fcr die t\u00e4gliche F\u00fctterung von Gefl\u00fcgel, wobei kein Futter gelagert werden muss.<\/p>\n<p>Durch seinen geringen Platzbedarf ist er auch in kleinen H\u00fchnerst\u00e4llen praktisch.<\/p>\n<p>Ebenfalls in einer Kunststoffausf\u00fchrung erh\u00e4ltlich (Produktcode : olnl-hd75p).<\/p>\n<p>(\u00fcbersetzt mit www.deepL.com)<\/p>\n","protected":false},"excerpt":{"rendered":"<p>Dieser verzinkte Futtertrog mit einer L\u00e4nge von 75cm verf\u00fcgt \u00fcber ein aufklappbares Fressgitter. Er ist ideal f\u00fcr die t\u00e4gliche F\u00fctterung von Gefl\u00fcgel, wobei kein Futter gelagert werden muss. Durch seinen geringen Platzbedarf ist er auch in kleinen H\u00fchnerst\u00e4llen praktisch. Ebenfalls in einer Kunststoffausf\u00fchrung erh\u00e4ltlich (Produktcode : olnl-hd75p). (\u00fcbersetzt mit www.deepL.com)<\/p>\n","protected":false},"featured_media":46574,"template":"","meta":{"_acf_changed":false,"wds_primary_product_brand":0,"wds_primary_product_cat":0},"product_brand":[],"product_cat":[452],"product_tag":[],"class_list":{"0":"post-42681","1":"product","2":"type-product","3":"status-publish","4":"has-post-thumbnail","6":"product_cat-futterautomaten","8":"first","9":"instock","10":"taxable","11":"shipping-taxable","12":"purchasable","13":"product-type-simple"},"acf":[],"_links":{"self":[{"href":"https:\/\/netpet.ch\/de\/wp-json\/wp\/v2\/product\/42681","targetHints":{"allow":["GET"]}}],"collection":[{"href":"https:\/\/netpet.ch\/de\/wp-json\/wp\/v2\/product"}],"about":[{"href":"https:\/\/netpet.ch\/de\/wp-json\/wp\/v2\/types\/product"}],"wp:featuredmedia":[{"embeddable":true,"href":"https:\/\/netpet.ch\/de\/wp-json\/wp\/v2\/media\/46574"}],"wp:attachment":[{"href":"https:\/\/netpet.ch\/de\/wp-json\/wp\/v2\/media?parent=42681"}],"wp:term":[{"taxonomy":"product_brand","embeddable":true,"href":"https:\/\/netpet.ch\/de\/wp-json\/wp\/v2\/product_brand?post=42681"},{"taxonomy":"product_cat","embeddable":true,"href":"https:\/\/netpet.ch\/de\/wp-json\/wp\/v2\/product_cat?post=42681"},{"taxonomy":"product_tag","embeddable":true,"href":"https:\/\/netpet.ch\/de\/wp-json\/wp\/v2\/product_tag?post=42681"}],"curies":[{"name":"wp","href":"https:\/\/api.w.org\/{rel}","templated":true}]}}