{"id":42683,"date":"2023-03-10T23:21:57","date_gmt":"2023-03-10T22:21:57","guid":{"rendered":"https:\/\/dev.netpet.ch\/produit\/eleveuse-electrique-avec-reflecteur-o-30cm\/"},"modified":"2024-02-25T23:14:16","modified_gmt":"2024-02-25T22:14:16","slug":"eleveuse-electrique-avec-reflecteur-o-30cm","status":"publish","type":"product","link":"https:\/\/netpet.ch\/de\/produit\/eleveuse-electrique-avec-reflecteur-o-30cm\/","title":{"rendered":"Schutzkorb f\u00fcr W\u00e4rmelampen und Dunkelstrahler, \u00d8 30cm"},"content":{"rendered":"<p>Diese elektrische Aufzuchtanlage f\u00fcr Infrarot- oder Keramiklampen besteht aus:<br \/>\n\u2022 Aluminiumreflektor mit einem Durchmesser von 30cm und Schutzgitter<br \/>\n\u2022 Fassung E27 aus Keramik<br \/>\n\u2022 Kette zum Aufh\u00e4ngen<br \/>\n\u2022 2.5m langes Kabel mit Erdung.<\/p>\n<p>Der W\u00e4rmelampenkorb entspricht allen aktuellen Sicherheitsvorschriften.<\/p>\n<p>Die Fassung ist in den gegossenen Aluminiumreflektor eingebaut; diese Konstruktion gew\u00e4hrleistet eine ausreichende K\u00fchlung der Fassung und ist ideal f\u00fcr die Verwendung von gro\u00dfen W\u00e4rmelampen.<\/p>\n<p>Wird OHNE Gl\u00fchbirne geliefert; Infrarot- oder Keramiklampen sind separat erh\u00e4ltlich.<\/p>\n<p>(\u00fcbersetzt mit www.deepL.com)<\/p>\n","protected":false},"excerpt":{"rendered":"<p>Diese elektrische Aufzuchtanlage f\u00fcr Infrarot- oder Keramiklampen besteht aus: \u2022 Aluminiumreflektor mit einem Durchmesser von 30cm und Schutzgitter \u2022 Fassung E27 aus Keramik \u2022 Kette zum Aufh\u00e4ngen \u2022 2.5m langes Kabel mit Erdung. Der W\u00e4rmelampenkorb entspricht allen aktuellen Sicherheitsvorschriften. Die Fassung ist in den gegossenen Aluminiumreflektor eingebaut; diese Konstruktion gew\u00e4hrleistet eine ausreichende K\u00fchlung der Fassung [&hellip;]<\/p>\n","protected":false},"featured_media":44330,"template":"","meta":{"_acf_changed":false,"wds_primary_product_brand":0,"wds_primary_product_cat":0},"product_brand":[],"product_cat":[457,453],"product_tag":[],"class_list":{"0":"post-42683","1":"product","2":"type-product","3":"status-publish","4":"has-post-thumbnail","6":"product_cat-fur-kuken-und-wachteln","7":"product_cat-kuekenaufzucht-zubehoer","9":"first","10":"instock","11":"taxable","12":"shipping-taxable","13":"purchasable","14":"product-type-simple"},"acf":[],"_links":{"self":[{"href":"https:\/\/netpet.ch\/de\/wp-json\/wp\/v2\/product\/42683","targetHints":{"allow":["GET"]}}],"collection":[{"href":"https:\/\/netpet.ch\/de\/wp-json\/wp\/v2\/product"}],"about":[{"href":"https:\/\/netpet.ch\/de\/wp-json\/wp\/v2\/types\/product"}],"wp:featuredmedia":[{"embeddable":true,"href":"https:\/\/netpet.ch\/de\/wp-json\/wp\/v2\/media\/44330"}],"wp:attachment":[{"href":"https:\/\/netpet.ch\/de\/wp-json\/wp\/v2\/media?parent=42683"}],"wp:term":[{"taxonomy":"product_brand","embeddable":true,"href":"https:\/\/netpet.ch\/de\/wp-json\/wp\/v2\/product_brand?post=42683"},{"taxonomy":"product_cat","embeddable":true,"href":"https:\/\/netpet.ch\/de\/wp-json\/wp\/v2\/product_cat?post=42683"},{"taxonomy":"product_tag","embeddable":true,"href":"https:\/\/netpet.ch\/de\/wp-json\/wp\/v2\/product_tag?post=42683"}],"curies":[{"name":"wp","href":"https:\/\/api.w.org\/{rel}","templated":true}]}}