{"id":42684,"date":"2023-03-10T23:21:54","date_gmt":"2023-03-10T22:21:54","guid":{"rendered":"https:\/\/dev.netpet.ch\/produit\/abreuvoir-avec-pieds-6l\/"},"modified":"2026-03-08T22:20:12","modified_gmt":"2026-03-08T21:20:12","slug":"abreuvoir-avec-pieds-6l","status":"publish","type":"product","link":"https:\/\/netpet.ch\/de\/produit\/abreuvoir-avec-pieds-6l\/","title":{"rendered":"Tr\u00e4nke mit F\u00fcssen, 6L"},"content":{"rendered":"<p>Diese rote und wei\u00dfe Tr\u00e4nke mit Bajonettverschluss und F\u00fc\u00dfen hat ein Fassungsverm\u00f6gen von 6L und bietet viele Vorteile:<br \/>\n\u2022 das Wasser bleibt noch l\u00e4nger sauber, dank der praktischen F\u00fc\u00dfe, die sich leicht zusammenstecken lassen<br \/>\n\u2022 einfaches Bef\u00fcllen und Reinigen, indem man sie auf den Kopf stellt<br \/>\n\u2022 hochwertiger und widerstandsf\u00e4higer Kunststoff<br \/>\n\u2022 praktischer Henkel zum Tragen, aber auch zum Aufh\u00e4ngen<br \/>\n\u2022 lange Lebensdauer dank UV-Schutz.<\/p>\n<p>(\u00fcbersetzt mit www.deepL.com)<\/p>\n","protected":false},"excerpt":{"rendered":"<p>Diese rote und wei\u00dfe Tr\u00e4nke mit Bajonettverschluss und F\u00fc\u00dfen hat ein Fassungsverm\u00f6gen von 6L und bietet viele Vorteile: \u2022 das Wasser bleibt noch l\u00e4nger sauber, dank der praktischen F\u00fc\u00dfe, die sich leicht zusammenstecken lassen \u2022 einfaches Bef\u00fcllen und Reinigen, indem man sie auf den Kopf stellt \u2022 hochwertiger und widerstandsf\u00e4higer Kunststoff \u2022 praktischer Henkel zum [&hellip;]<\/p>\n","protected":false},"featured_media":46508,"template":"","meta":{"_acf_changed":false,"wds_primary_product_brand":0,"wds_primary_product_cat":0},"product_brand":[],"product_cat":[433],"product_tag":[],"class_list":{"0":"post-42684","1":"product","2":"type-product","3":"status-publish","4":"has-post-thumbnail","6":"product_cat-tranken","8":"first","9":"instock","10":"taxable","11":"shipping-taxable","12":"purchasable","13":"product-type-simple"},"acf":[],"_links":{"self":[{"href":"https:\/\/netpet.ch\/de\/wp-json\/wp\/v2\/product\/42684","targetHints":{"allow":["GET"]}}],"collection":[{"href":"https:\/\/netpet.ch\/de\/wp-json\/wp\/v2\/product"}],"about":[{"href":"https:\/\/netpet.ch\/de\/wp-json\/wp\/v2\/types\/product"}],"wp:featuredmedia":[{"embeddable":true,"href":"https:\/\/netpet.ch\/de\/wp-json\/wp\/v2\/media\/46508"}],"wp:attachment":[{"href":"https:\/\/netpet.ch\/de\/wp-json\/wp\/v2\/media?parent=42684"}],"wp:term":[{"taxonomy":"product_brand","embeddable":true,"href":"https:\/\/netpet.ch\/de\/wp-json\/wp\/v2\/product_brand?post=42684"},{"taxonomy":"product_cat","embeddable":true,"href":"https:\/\/netpet.ch\/de\/wp-json\/wp\/v2\/product_cat?post=42684"},{"taxonomy":"product_tag","embeddable":true,"href":"https:\/\/netpet.ch\/de\/wp-json\/wp\/v2\/product_tag?post=42684"}],"curies":[{"name":"wp","href":"https:\/\/api.w.org\/{rel}","templated":true}]}}