{"id":42692,"date":"2023-03-10T23:21:33","date_gmt":"2023-03-10T22:21:33","guid":{"rendered":"https:\/\/dev.netpet.ch\/produit\/catgenie-porte\/"},"modified":"2025-12-08T07:43:32","modified_gmt":"2025-12-08T06:43:32","slug":"catgenie-porte","status":"publish","type":"product","link":"https:\/\/netpet.ch\/de\/produit\/catgenie-porte\/","title":{"rendered":"CatGenie - T\u00fcr"},"content":{"rendered":"<p>Die CatGenie-Fl\u00fcgelt\u00fcr ist der letzte Schliff f\u00fcr Ihr Toilettenhaus.<\/p>\n<p>Sie l\u00e4sst sich leicht an der CatGenie-Kuppel befestigen und bietet Ihrer Katze Privatsph\u00e4re, ohne dass sie im Dunkeln sitzt.<\/p>\n<p>Au\u00dferdem h\u00e4lt die T\u00fcr eventuelle Ger\u00fcche zwischen zwei Reinigungszyklen zur\u00fcck.<\/p>\n<p>(\u00fcbersetzt mit www.deepL.com)<\/p>\n","protected":false},"excerpt":{"rendered":"<p>Die CatGenie-Fl\u00fcgelt\u00fcr ist der letzte Schliff f\u00fcr Ihr Toilettenhaus. Sie l\u00e4sst sich leicht an der CatGenie-Kuppel befestigen und bietet Ihrer Katze Privatsph\u00e4re, ohne dass sie im Dunkeln sitzt. Au\u00dferdem h\u00e4lt die T\u00fcr eventuelle Ger\u00fcche zwischen zwei Reinigungszyklen zur\u00fcck. (\u00fcbersetzt mit www.deepL.com)<\/p>\n","protected":false},"featured_media":37984,"template":"","meta":{"_acf_changed":false,"wds_primary_product_brand":0,"wds_primary_product_cat":0},"product_brand":[],"product_cat":[462],"product_tag":[444],"class_list":{"0":"post-42692","1":"product","2":"type-product","3":"status-publish","4":"has-post-thumbnail","6":"product_cat-catgenie-und-katzenkisten","7":"product_tag-promo-de","9":"first","10":"outofstock","11":"sale","12":"featured","13":"taxable","14":"shipping-taxable","15":"purchasable","16":"product-type-simple"},"acf":[],"_links":{"self":[{"href":"https:\/\/netpet.ch\/de\/wp-json\/wp\/v2\/product\/42692","targetHints":{"allow":["GET"]}}],"collection":[{"href":"https:\/\/netpet.ch\/de\/wp-json\/wp\/v2\/product"}],"about":[{"href":"https:\/\/netpet.ch\/de\/wp-json\/wp\/v2\/types\/product"}],"wp:featuredmedia":[{"embeddable":true,"href":"https:\/\/netpet.ch\/de\/wp-json\/wp\/v2\/media\/37984"}],"wp:attachment":[{"href":"https:\/\/netpet.ch\/de\/wp-json\/wp\/v2\/media?parent=42692"}],"wp:term":[{"taxonomy":"product_brand","embeddable":true,"href":"https:\/\/netpet.ch\/de\/wp-json\/wp\/v2\/product_brand?post=42692"},{"taxonomy":"product_cat","embeddable":true,"href":"https:\/\/netpet.ch\/de\/wp-json\/wp\/v2\/product_cat?post=42692"},{"taxonomy":"product_tag","embeddable":true,"href":"https:\/\/netpet.ch\/de\/wp-json\/wp\/v2\/product_tag?post=42692"}],"curies":[{"name":"wp","href":"https:\/\/api.w.org\/{rel}","templated":true}]}}