{"id":42693,"date":"2023-03-10T23:21:29","date_gmt":"2023-03-10T22:21:29","guid":{"rendered":"https:\/\/dev.netpet.ch\/produit\/catgenie-cartouche-sanisolution-fresh-scent\/"},"modified":"2024-12-06T14:20:05","modified_gmt":"2024-12-06T13:20:05","slug":"catgenie-cartouche-sanisolution-fresh-scent","status":"publish","type":"product","link":"https:\/\/netpet.ch\/de\/produit\/catgenie-cartouche-sanisolution-fresh-scent\/","title":{"rendered":"CatGenie - Sanisolution Fresh Scent Patrone"},"content":{"rendered":"<p>Die Sanisolution Fresh Scent Patrone wird f\u00fcr die Reinigung des CatGenie Toilettenhauses verwendet.<\/p>\n<p>Diese Version mit frischem Duft h\u00e4lt den CatGenie-Bereich sauber und frisch und erf\u00fcllt Ihr Zuhause mit einem leichten, duftenden Aroma.<\/p>\n<p>Die SaniSolution-Kartusche wird in die CatGenie-Behandlungseinheit eingesetzt und gibt automatisch genau die Menge ab, die f\u00fcr einen Reinigungszyklus ben\u00f6tigt wird.<\/p>\n<p>Eine Patrone reicht f\u00fcr bis zu vier Monate f\u00fcr eine Katze oder 120 Waschg\u00e4nge im Hand-\/Timer-Modus und 240 Waschg\u00e4nge im Katzenaktivierungsmodus.<\/p>\n<p>Die umweltfreundliche und von Tier\u00e4rzten zugelassene Formel von SaniSolution ist 100% sicher f\u00fcr Tiere, Menschen und den Planeten.<\/p>\n<p>W\u00e4hrend jedes Reinigungszyklus reinigt SaniSolution die Sch\u00fcssel und die Granulate gr\u00fcndlich.<\/p>\n<p>(\u00fcbersetzt mit www.deepL.com)<\/p>\n","protected":false},"excerpt":{"rendered":"<p>Die Sanisolution Fresh Scent Patrone wird f\u00fcr die Reinigung des CatGenie Toilettenhauses verwendet. Diese Version mit frischem Duft h\u00e4lt den CatGenie-Bereich sauber und frisch und erf\u00fcllt Ihr Zuhause mit einem leichten, duftenden Aroma. Die SaniSolution-Kartusche wird in die CatGenie-Behandlungseinheit eingesetzt und gibt automatisch genau die Menge ab, die f\u00fcr einen Reinigungszyklus ben\u00f6tigt wird. Eine Patrone [&hellip;]<\/p>\n","protected":false},"featured_media":38223,"template":"","meta":{"_acf_changed":false,"wds_primary_product_brand":0,"wds_primary_product_cat":0},"product_brand":[],"product_cat":[463],"product_tag":[],"class_list":{"0":"post-42693","1":"product","2":"type-product","3":"status-publish","4":"has-post-thumbnail","6":"product_cat-catgenie-de","8":"first","9":"outofstock","10":"taxable","11":"shipping-taxable","12":"purchasable","13":"product-type-simple"},"acf":[],"_links":{"self":[{"href":"https:\/\/netpet.ch\/de\/wp-json\/wp\/v2\/product\/42693","targetHints":{"allow":["GET"]}}],"collection":[{"href":"https:\/\/netpet.ch\/de\/wp-json\/wp\/v2\/product"}],"about":[{"href":"https:\/\/netpet.ch\/de\/wp-json\/wp\/v2\/types\/product"}],"wp:featuredmedia":[{"embeddable":true,"href":"https:\/\/netpet.ch\/de\/wp-json\/wp\/v2\/media\/38223"}],"wp:attachment":[{"href":"https:\/\/netpet.ch\/de\/wp-json\/wp\/v2\/media?parent=42693"}],"wp:term":[{"taxonomy":"product_brand","embeddable":true,"href":"https:\/\/netpet.ch\/de\/wp-json\/wp\/v2\/product_brand?post=42693"},{"taxonomy":"product_cat","embeddable":true,"href":"https:\/\/netpet.ch\/de\/wp-json\/wp\/v2\/product_cat?post=42693"},{"taxonomy":"product_tag","embeddable":true,"href":"https:\/\/netpet.ch\/de\/wp-json\/wp\/v2\/product_tag?post=42693"}],"curies":[{"name":"wp","href":"https:\/\/api.w.org\/{rel}","templated":true}]}}