{"id":42695,"date":"2023-03-10T23:21:23","date_gmt":"2023-03-10T22:21:23","guid":{"rendered":"https:\/\/dev.netpet.ch\/produit\/cat-mate-filtres-de-rechange-pour-fontaine-animaliere-lot-de-6\/"},"modified":"2026-03-11T08:51:27","modified_gmt":"2026-03-11T07:51:27","slug":"cat-mate-filtres-de-rechange-pour-fontaine-animaliere-lot-de-6","status":"publish","type":"product","link":"https:\/\/netpet.ch\/de\/produit\/cat-mate-filtres-de-rechange-pour-fontaine-animaliere-lot-de-6\/","title":{"rendered":"Cat Mate - Ersatzfilterelement f\u00fcr Heimtier-Trinkbrunnen (6er-Pack)"},"content":{"rendered":"<p>Set mit 6 Ersatzfiltern f\u00fcr Cat Mate Trinkbrunnen, die f\u00fcr die Wasseraufbereitung Ihres Haustiers und die Durchflussleistung des Ger\u00e4ts optimiert sind.<\/p>\n<p>Ein Austausch des Filters bei Cat Mate Trinkbrunnen mindestens einmal im Monat sorgt daf\u00fcr, dass Ihr Tier die bestm\u00f6gliche Wasserqualit\u00e4t erh\u00e4lt.<\/p>\n<p>(\u00fcbersetzt mit www.deepL.com)<\/p>\n","protected":false},"excerpt":{"rendered":"<p>Set mit 6 Ersatzfiltern f\u00fcr Cat Mate Trinkbrunnen, die f\u00fcr die Wasseraufbereitung Ihres Haustiers und die Durchflussleistung des Ger\u00e4ts optimiert sind. Ein Austausch des Filters bei Cat Mate Trinkbrunnen mindestens einmal im Monat sorgt daf\u00fcr, dass Ihr Tier die bestm\u00f6gliche Wasserqualit\u00e4t erh\u00e4lt. (\u00fcbersetzt mit www.deepL.com)<\/p>\n","protected":false},"featured_media":45070,"template":"","meta":{"_acf_changed":false,"wds_primary_product_brand":0,"wds_primary_product_cat":0},"product_brand":[],"product_cat":[481,520],"product_tag":[],"class_list":{"0":"post-42695","1":"product","2":"type-product","3":"status-publish","4":"has-post-thumbnail","6":"product_cat-ersatzfilter-und-ersatzteile","7":"product_cat-trinkbrunnen-hunde","9":"first","10":"instock","11":"taxable","12":"shipping-taxable","13":"purchasable","14":"product-type-simple"},"acf":[],"_links":{"self":[{"href":"https:\/\/netpet.ch\/de\/wp-json\/wp\/v2\/product\/42695","targetHints":{"allow":["GET"]}}],"collection":[{"href":"https:\/\/netpet.ch\/de\/wp-json\/wp\/v2\/product"}],"about":[{"href":"https:\/\/netpet.ch\/de\/wp-json\/wp\/v2\/types\/product"}],"wp:featuredmedia":[{"embeddable":true,"href":"https:\/\/netpet.ch\/de\/wp-json\/wp\/v2\/media\/45070"}],"wp:attachment":[{"href":"https:\/\/netpet.ch\/de\/wp-json\/wp\/v2\/media?parent=42695"}],"wp:term":[{"taxonomy":"product_brand","embeddable":true,"href":"https:\/\/netpet.ch\/de\/wp-json\/wp\/v2\/product_brand?post=42695"},{"taxonomy":"product_cat","embeddable":true,"href":"https:\/\/netpet.ch\/de\/wp-json\/wp\/v2\/product_cat?post=42695"},{"taxonomy":"product_tag","embeddable":true,"href":"https:\/\/netpet.ch\/de\/wp-json\/wp\/v2\/product_tag?post=42695"}],"curies":[{"name":"wp","href":"https:\/\/api.w.org\/{rel}","templated":true}]}}