{"id":42700,"date":"2023-03-10T23:21:10","date_gmt":"2023-03-10T22:21:10","guid":{"rendered":"https:\/\/dev.netpet.ch\/produit\/oeuf-factice-en-plastique-pour-poule-53mm\/"},"modified":"2026-02-17T20:40:32","modified_gmt":"2026-02-17T19:40:32","slug":"oeuf-factice-en-plastique-pour-poule-53mm","status":"publish","type":"product","link":"https:\/\/netpet.ch\/de\/produit\/oeuf-factice-en-plastique-pour-poule-53mm\/","title":{"rendered":"Plastikei f\u00fcr Legeh\u00fchner, 53mm"},"content":{"rendered":"<p>Diese falschen Nesteier aus braunem Kunststoff k\u00f6nnen verschiedene Zwecke erf\u00fcllen:<br \/>\n\u2022 H\u00fchner dazu bringen, ihre Eier an der richtigen Stelle zu legen<br \/>\n\u2022 sie davon abhalten, ihre Eier zu fressen<br \/>\n\u2022 als Lockvogel dienen, wenn Eier aus einem Nest entfernt werden.<\/p>\n<p>(\u00fcbersetzt mit www.deepL.com)<\/p>\n","protected":false},"excerpt":{"rendered":"<p>Diese falschen Nesteier aus braunem Kunststoff k\u00f6nnen verschiedene Zwecke erf\u00fcllen: \u2022 H\u00fchner dazu bringen, ihre Eier an der richtigen Stelle zu legen \u2022 sie davon abhalten, ihre Eier zu fressen \u2022 als Lockvogel dienen, wenn Eier aus einem Nest entfernt werden. (\u00fcbersetzt mit www.deepL.com)<\/p>\n","protected":false},"featured_media":37960,"template":"","meta":{"_acf_changed":false,"wds_primary_product_brand":0,"wds_primary_product_cat":0},"product_brand":[],"product_cat":[456,434],"product_tag":[],"class_list":{"0":"post-42700","1":"product","2":"type-product","3":"status-publish","4":"has-post-thumbnail","6":"product_cat-legenester","7":"product_cat-zubehoer","9":"first","10":"instock","11":"taxable","12":"shipping-taxable","13":"purchasable","14":"product-type-simple"},"acf":[],"_links":{"self":[{"href":"https:\/\/netpet.ch\/de\/wp-json\/wp\/v2\/product\/42700","targetHints":{"allow":["GET"]}}],"collection":[{"href":"https:\/\/netpet.ch\/de\/wp-json\/wp\/v2\/product"}],"about":[{"href":"https:\/\/netpet.ch\/de\/wp-json\/wp\/v2\/types\/product"}],"wp:featuredmedia":[{"embeddable":true,"href":"https:\/\/netpet.ch\/de\/wp-json\/wp\/v2\/media\/37960"}],"wp:attachment":[{"href":"https:\/\/netpet.ch\/de\/wp-json\/wp\/v2\/media?parent=42700"}],"wp:term":[{"taxonomy":"product_brand","embeddable":true,"href":"https:\/\/netpet.ch\/de\/wp-json\/wp\/v2\/product_brand?post=42700"},{"taxonomy":"product_cat","embeddable":true,"href":"https:\/\/netpet.ch\/de\/wp-json\/wp\/v2\/product_cat?post=42700"},{"taxonomy":"product_tag","embeddable":true,"href":"https:\/\/netpet.ch\/de\/wp-json\/wp\/v2\/product_tag?post=42700"}],"curies":[{"name":"wp","href":"https:\/\/api.w.org\/{rel}","templated":true}]}}