{"id":42701,"date":"2023-03-10T23:21:09","date_gmt":"2023-03-10T22:21:09","guid":{"rendered":"https:\/\/dev.netpet.ch\/produit\/brinsea-plateau-petits-oeufs-pour-couveuse-mini-ii-advance-et-ex-12-oeufs\/"},"modified":"2026-03-28T17:57:15","modified_gmt":"2026-03-28T16:57:15","slug":"brinsea-plateau-petits-oeufs-pour-couveuse-mini-ii-advance-et-ex-12-oeufs","status":"publish","type":"product","link":"https:\/\/netpet.ch\/de\/produit\/brinsea-plateau-petits-oeufs-pour-couveuse-mini-ii-advance-et-ex-12-oeufs\/","title":{"rendered":"Brinsea - Einsatz f\u00fcr kleine Eier f\u00fcr Mini II Advance und EX Brutger\u00e4te (12 Eier)"},"content":{"rendered":"<p>Der Brinsea Einsatz f\u00fcr kleine Eier verwandelt die 7-Eier-Brutapparate Mini II Advance und EX in Brutapparate f\u00fcr 12 Eier von Wachteln oder anderen kleinen V\u00f6geln. Dieser einfach zu installierende Einsatz sorgt f\u00fcr eine behutsame und ideale Wendung der Eier w\u00e4hrend der Brutphase.<\/p>\n<p>(\u00fcbersetzt mit www.deepL.com)<\/p>\n","protected":false},"excerpt":{"rendered":"<p>Der Brinsea Einsatz f\u00fcr kleine Eier verwandelt die 7-Eier-Brutapparate Mini II Advance und EX in Brutapparate f\u00fcr 12 Eier von Wachteln oder anderen kleinen V\u00f6geln. Dieser einfach zu installierende Einsatz sorgt f\u00fcr eine behutsame und ideale Wendung der Eier w\u00e4hrend der Brutphase. (\u00fcbersetzt mit www.deepL.com)<\/p>\n","protected":false},"featured_media":46639,"template":"","meta":{"_acf_changed":false,"wds_primary_product_brand":0,"wds_primary_product_cat":0},"product_brand":[],"product_cat":[446,432,821],"product_tag":[],"class_list":{"0":"post-42701","1":"product","2":"type-product","3":"status-publish","4":"has-post-thumbnail","6":"product_cat-brutgeraete","7":"product_cat-gefluegelzubehoer","8":"product_cat-zubehoer-fuer-brinsea-inkubatoren","10":"first","11":"outofstock","12":"taxable","13":"shipping-taxable","14":"purchasable","15":"product-type-simple"},"acf":[],"_links":{"self":[{"href":"https:\/\/netpet.ch\/de\/wp-json\/wp\/v2\/product\/42701","targetHints":{"allow":["GET"]}}],"collection":[{"href":"https:\/\/netpet.ch\/de\/wp-json\/wp\/v2\/product"}],"about":[{"href":"https:\/\/netpet.ch\/de\/wp-json\/wp\/v2\/types\/product"}],"wp:featuredmedia":[{"embeddable":true,"href":"https:\/\/netpet.ch\/de\/wp-json\/wp\/v2\/media\/46639"}],"wp:attachment":[{"href":"https:\/\/netpet.ch\/de\/wp-json\/wp\/v2\/media?parent=42701"}],"wp:term":[{"taxonomy":"product_brand","embeddable":true,"href":"https:\/\/netpet.ch\/de\/wp-json\/wp\/v2\/product_brand?post=42701"},{"taxonomy":"product_cat","embeddable":true,"href":"https:\/\/netpet.ch\/de\/wp-json\/wp\/v2\/product_cat?post=42701"},{"taxonomy":"product_tag","embeddable":true,"href":"https:\/\/netpet.ch\/de\/wp-json\/wp\/v2\/product_tag?post=42701"}],"curies":[{"name":"wp","href":"https:\/\/api.w.org\/{rel}","templated":true}]}}