{"id":42702,"date":"2023-03-10T23:21:07","date_gmt":"2023-03-10T22:21:07","guid":{"rendered":"https:\/\/dev.netpet.ch\/produit\/drinkwell-fontaine-animaliere-mini-1-2l\/"},"modified":"2023-06-07T22:04:00","modified_gmt":"2023-06-07T20:04:00","slug":"drinkwell-fontaine-animaliere-mini-1-2l","status":"publish","type":"product","link":"https:\/\/netpet.ch\/de\/produit\/drinkwell-fontaine-animaliere-mini-1-2l\/","title":{"rendered":"Drinkwell - Trinkbrunnen f\u00fcr Haustiere \"Mini\", 1.2L"},"content":{"rendered":"<p>Die Gesundheit und Vitalit\u00e4t unserer vierbeinigen Freunde h\u00e4ngt unter anderem davon ab, dass sie genug Wasser trinken.<\/p>\n<p>Der Petsafe\u00ae Drinkwell\u00ae Mini Haustierbrunnen bietet einen kontinuierlichen, kaskadenartigen Wasserfluss, der die Tiere dazu anregt, mehr zu trinken.<\/p>\n<p><strong>Hauptmerkmale des Mini Haustierbrunnens von Petsafe:<\/strong><br \/>\n\u2022 Modell mit raffiniertem und kompaktem Design, ideal f\u00fcr K\u00e4tzchen, Welpen oder Kleintiere<br \/>\n\u2022 Fassungsverm\u00f6gen von 1.2L<br \/>\n\u2022 Ausguss und Wasserrutsche reduzieren Spritzwasser und das Ger\u00e4usch des Wasserfalls<br \/>\n\u2022 Tauchpumpe f\u00fcr einen nahezu ger\u00e4uschlosen Betrieb<br \/>\n\u2022 einstellbarer Wasserfluss<br \/>\n\u2022 Vorfilter, der Haare und andere gro\u00dfe Partikel zur\u00fcckh\u00e4lt<br \/>\n\u2022 austauschbarer Kohlefilter (Produktcode: ps-rf6c-intl-19) f\u00fcr sauberes und frisches Wasser<br \/>\n\u2022 sp\u00fclmaschinenfeste Kunststoffteile (ohne Pumpe)<br \/>\n\u2022 rutschfeste F\u00fc\u00dfe<br \/>\n\u2022 Niederspannungssystem (12v); geringer Stromverbrauch von 2.5 Watt<br \/>\n\u2022 Abmessungen: ca. 30x16x22cm (LxBxH)<br \/>\n\u2022 2 Jahre Herstellergarantie, vorbehaltlich einer Online-Registrierung beim Kauf.<\/p>\n<p><strong>Wichtige Hinweise zur Nutzung:<\/strong><br \/>\n\u2022 der Haustierbrunnen muss regelm\u00e4\u00dfig gereinigt bzw. entkalkt werden, um normal zu funktionieren;<br \/>\n\u2022 der Kohlefilter sollte alle 2 bis 4 Wochen ausgetauscht werden; er kann bei der Reinigung des Brunnens ausgesp\u00fclt, aber niemals mit Seifenwasser gereinigt werden;<br \/>\n\u2022 die Pumpe sollte alle 2 bis 4 Wochen gereinigt bzw. entkalkt werden, um ihre Funktionsf\u00e4higkeit zu gew\u00e4hrleisten;<br \/>\n\u2022 nach jeder Reinigung oder Entkalkung ist es wichtig, die Teile gr\u00fcndlich zu sp\u00fclen;<br \/>\n\u2022 die Pumpe darf auf keinen Fall ohne Wasser betrieben werden.<\/p>\n<p>(\u00fcbersetzt mit www.deepL.com)<\/p>\n","protected":false},"excerpt":{"rendered":"<p>Die Gesundheit und Vitalit\u00e4t unserer vierbeinigen Freunde h\u00e4ngt unter anderem davon ab, dass sie genug Wasser trinken. Der Petsafe\u00ae Drinkwell\u00ae Mini Haustierbrunnen bietet einen kontinuierlichen, kaskadenartigen Wasserfluss, der die Tiere dazu anregt, mehr zu trinken. Hauptmerkmale des Mini Haustierbrunnens von Petsafe: \u2022 Modell mit raffiniertem und kompaktem Design, ideal f\u00fcr K\u00e4tzchen, Welpen oder Kleintiere \u2022 [&hellip;]<\/p>\n","protected":false},"featured_media":44888,"template":"","meta":{"_acf_changed":false,"wds_primary_product_brand":0,"wds_primary_product_cat":0},"product_brand":[],"product_cat":[480,520],"product_tag":[444],"class_list":{"0":"post-42702","1":"product","2":"type-product","3":"status-publish","4":"has-post-thumbnail","6":"product_cat-drinkwell-de","7":"product_cat-trinkbrunnen-hunde","8":"product_tag-promo-de","10":"first","11":"instock","12":"sale","13":"taxable","14":"shipping-taxable","15":"purchasable","16":"product-type-simple"},"acf":[],"_links":{"self":[{"href":"https:\/\/netpet.ch\/de\/wp-json\/wp\/v2\/product\/42702","targetHints":{"allow":["GET"]}}],"collection":[{"href":"https:\/\/netpet.ch\/de\/wp-json\/wp\/v2\/product"}],"about":[{"href":"https:\/\/netpet.ch\/de\/wp-json\/wp\/v2\/types\/product"}],"wp:featuredmedia":[{"embeddable":true,"href":"https:\/\/netpet.ch\/de\/wp-json\/wp\/v2\/media\/44888"}],"wp:attachment":[{"href":"https:\/\/netpet.ch\/de\/wp-json\/wp\/v2\/media?parent=42702"}],"wp:term":[{"taxonomy":"product_brand","embeddable":true,"href":"https:\/\/netpet.ch\/de\/wp-json\/wp\/v2\/product_brand?post=42702"},{"taxonomy":"product_cat","embeddable":true,"href":"https:\/\/netpet.ch\/de\/wp-json\/wp\/v2\/product_cat?post=42702"},{"taxonomy":"product_tag","embeddable":true,"href":"https:\/\/netpet.ch\/de\/wp-json\/wp\/v2\/product_tag?post=42702"}],"curies":[{"name":"wp","href":"https:\/\/api.w.org\/{rel}","templated":true}]}}