{"id":42705,"date":"2023-03-10T23:20:58","date_gmt":"2023-03-10T22:20:58","guid":{"rendered":"https:\/\/dev.netpet.ch\/produit\/brinsea-tapis-declosion-pour-couveuse-maxi-lot-de-6\/"},"modified":"2026-04-13T09:16:16","modified_gmt":"2026-04-13T07:16:16","slug":"brinsea-tapis-declosion-pour-couveuse-maxi-lot-de-6","status":"publish","type":"product","link":"https:\/\/netpet.ch\/de\/produit\/brinsea-tapis-declosion-pour-couveuse-maxi-lot-de-6\/","title":{"rendered":"Brinsea - Schlupfmatten f\u00fcr Maxi Brutger\u00e4t (6er-Pack)"},"content":{"rendered":"<p>Mit der geriffelten Seite nach oben zu verwenden, um den K\u00fcken einen besseren Halt zu geben und das Risiko von gespreizten Beinen zu verringern. Bei jedem Schlupf zu entsorgen.<\/p>\n<p>(\u00fcbersetzt mit www.deepL.com)<\/p>\n","protected":false},"excerpt":{"rendered":"<p><em>Originales Brinsea-Zubeh\u00f6r<\/em><\/p>\n","protected":false},"featured_media":45037,"template":"","meta":{"_acf_changed":false,"wds_primary_product_brand":0,"wds_primary_product_cat":0},"product_brand":[],"product_cat":[821],"product_tag":[],"class_list":{"0":"post-42705","1":"product","2":"type-product","3":"status-publish","4":"has-post-thumbnail","6":"product_cat-zubehoer-fuer-brinsea-inkubatoren","8":"first","9":"instock","10":"taxable","11":"shipping-taxable","12":"purchasable","13":"product-type-simple"},"acf":[],"_links":{"self":[{"href":"https:\/\/netpet.ch\/de\/wp-json\/wp\/v2\/product\/42705","targetHints":{"allow":["GET"]}}],"collection":[{"href":"https:\/\/netpet.ch\/de\/wp-json\/wp\/v2\/product"}],"about":[{"href":"https:\/\/netpet.ch\/de\/wp-json\/wp\/v2\/types\/product"}],"wp:featuredmedia":[{"embeddable":true,"href":"https:\/\/netpet.ch\/de\/wp-json\/wp\/v2\/media\/45037"}],"wp:attachment":[{"href":"https:\/\/netpet.ch\/de\/wp-json\/wp\/v2\/media?parent=42705"}],"wp:term":[{"taxonomy":"product_brand","embeddable":true,"href":"https:\/\/netpet.ch\/de\/wp-json\/wp\/v2\/product_brand?post=42705"},{"taxonomy":"product_cat","embeddable":true,"href":"https:\/\/netpet.ch\/de\/wp-json\/wp\/v2\/product_cat?post=42705"},{"taxonomy":"product_tag","embeddable":true,"href":"https:\/\/netpet.ch\/de\/wp-json\/wp\/v2\/product_tag?post=42705"}],"curies":[{"name":"wp","href":"https:\/\/api.w.org\/{rel}","templated":true}]}}