{"id":42706,"date":"2023-03-10T23:20:54","date_gmt":"2023-03-10T22:20:54","guid":{"rendered":"https:\/\/dev.netpet.ch\/produit\/mycozynest-nid-de-ponte-en-plastique\/"},"modified":"2026-02-17T20:40:32","modified_gmt":"2026-02-17T19:40:32","slug":"mycozynest-nid-de-ponte-en-plastique","status":"publish","type":"product","link":"https:\/\/netpet.ch\/de\/produit\/mycozynest-nid-de-ponte-en-plastique\/","title":{"rendered":"MyCozyNest, Legenest aus Kunststoff"},"content":{"rendered":"<p>Das MyCozyNest ist ein Legenest, das den H\u00fchnern eine komfortable und gesch\u00fctzte Umgebung zum Legen ihrer Eier bietet.<\/p>\n<p>Ein Legenest muss im Inneren ausreichend dunkel sein, aber auch ausreichend bel\u00fcftet werden. Mit seinen verdunkelnden Vorh\u00e4ngen aus weichem Kunststoff an der Vorderseite und den innovativen L\u00fcftungsgittern an den Seiten erf\u00fcllt das MyCozyNest beide Anforderungen.<\/p>\n<p>Das MyCozyNest verf\u00fcgt \u00fcber eine stabile Sitzstange mit einer rutschfesten Struktur, die es den Tieren erm\u00f6glicht, leicht hineinzuklettern. Au\u00dferdem verhindert der hohe Rand, dass die Einstreu aus dem Nest herausgeschleudert wird.<\/p>\n<p>Was die abgerundete Form der Nestoberseite betrifft, so verhindert sie, dass sich das Gefl\u00fcgel darauf positioniert.<\/p>\n<p>MyCozyNest kombiniert die Trendfarben Braun und Limonengr\u00fcn mit einem zeitlosen Design und einer hohen Benutzerfreundlichkeit und besteht haupts\u00e4chlich aus hochwertigem, schlagfestem und UV-best\u00e4ndigem Polypropylen. Dank der Verwendung dieses Materials hat dieses Nest eine sehr lange Lebensdauer. Aufgrund seiner Form ist es au\u00dferdem sehr leicht zu reinigen.<\/p>\n<p>Das MyCozyNest kann bis zu 5 H\u00fchner beherbergen. Diese Kapazit\u00e4t pro Legenest und die einfache Montage machen diesen Artikel zu einem unverzichtbaren Bestandteil jeder Gefl\u00fcgelzucht.<\/p>\n<p>Seine ungef\u00e4hren Abmessungen nach dem Zusammenbau sind: 43,5x40x48,5cm (LxBxH).<\/p>\n<p>Entscheiden Sie sich f\u00fcr das Original MyCozyNest, das von der Firma Olba entworfen, entwickelt und produziert wurde.<\/p>\n<p>(\u00fcbersetzt mit www.deepL.com)<\/p>\n","protected":false},"excerpt":{"rendered":"<p>Das MyCozyNest ist ein Legenest, das den H\u00fchnern eine komfortable und gesch\u00fctzte Umgebung zum Legen ihrer Eier bietet. Ein Legenest muss im Inneren ausreichend dunkel sein, aber auch ausreichend bel\u00fcftet werden. Mit seinen verdunkelnden Vorh\u00e4ngen aus weichem Kunststoff an der Vorderseite und den innovativen L\u00fcftungsgittern an den Seiten erf\u00fcllt das MyCozyNest beide Anforderungen. Das MyCozyNest [&hellip;]<\/p>\n","protected":false},"featured_media":45095,"template":"","meta":{"_acf_changed":false,"wds_primary_product_brand":0,"wds_primary_product_cat":0},"product_brand":[],"product_cat":[456],"product_tag":[],"class_list":{"0":"post-42706","1":"product","2":"type-product","3":"status-publish","4":"has-post-thumbnail","6":"product_cat-legenester","8":"first","9":"instock","10":"featured","11":"taxable","12":"shipping-taxable","13":"purchasable","14":"product-type-simple"},"acf":[],"_links":{"self":[{"href":"https:\/\/netpet.ch\/de\/wp-json\/wp\/v2\/product\/42706","targetHints":{"allow":["GET"]}}],"collection":[{"href":"https:\/\/netpet.ch\/de\/wp-json\/wp\/v2\/product"}],"about":[{"href":"https:\/\/netpet.ch\/de\/wp-json\/wp\/v2\/types\/product"}],"wp:featuredmedia":[{"embeddable":true,"href":"https:\/\/netpet.ch\/de\/wp-json\/wp\/v2\/media\/45095"}],"wp:attachment":[{"href":"https:\/\/netpet.ch\/de\/wp-json\/wp\/v2\/media?parent=42706"}],"wp:term":[{"taxonomy":"product_brand","embeddable":true,"href":"https:\/\/netpet.ch\/de\/wp-json\/wp\/v2\/product_brand?post=42706"},{"taxonomy":"product_cat","embeddable":true,"href":"https:\/\/netpet.ch\/de\/wp-json\/wp\/v2\/product_cat?post=42706"},{"taxonomy":"product_tag","embeddable":true,"href":"https:\/\/netpet.ch\/de\/wp-json\/wp\/v2\/product_tag?post=42706"}],"curies":[{"name":"wp","href":"https:\/\/api.w.org\/{rel}","templated":true}]}}