{"id":42713,"date":"2023-03-10T23:20:38","date_gmt":"2023-03-10T22:20:38","guid":{"rendered":"https:\/\/dev.netpet.ch\/produit\/catgenie-cartouche-dentretien\/"},"modified":"2023-08-02T21:20:10","modified_gmt":"2023-08-02T19:20:10","slug":"catgenie-cartouche-dentretien","status":"publish","type":"product","link":"https:\/\/netpet.ch\/de\/produit\/catgenie-cartouche-dentretien\/","title":{"rendered":"CatGenie - Wartungspatrone"},"content":{"rendered":"<p>Die Wartungs-Cartridge wird f\u00fcr die regelm\u00e4\u00dfige Wartung des CatGenie-Toilettenhauses verwendet.<\/p>\n<p>Sie entfernt effektiv Kalk und Schmutz, die sich an schwer zug\u00e4nglichen Stellen ansammeln, und tr\u00e4gt dazu bei, dass das Ger\u00e4t reibungslos funktioniert.<\/p>\n<p>Eine Patrone kann f\u00fcr vier Reinigungen verwendet werden und h\u00e4lt somit bis zu einem Jahr, da empfohlen wird, sie alle drei bis vier Monate zu verwenden.<\/p>\n<p>Die Wartungspatrone wird wie eine gew\u00f6hnliche SaniSolution-Patrone in den CatGenie eingesetzt und durchl\u00e4uft einen \u00e4hnlichen Reinigungszyklus.<\/p>\n<p>Wie jedes andere Ger\u00e4t muss auch der CatGenie manuell gereinigt werden. Wir empfehlen, den CatGenie auseinanderzunehmen und alle Teile zu reinigen, um m\u00f6gliche Verstopfungen zu vermeiden.<\/p>\n<p>Die Wartungspatrone h\u00e4lt das gesamte Ger\u00e4t funktionsf\u00e4hig und macht die Handhabung effizienter und einfacher.<\/p>\n<p>(\u00fcbersetzt mit www.deepL.com)<\/p>\n","protected":false},"excerpt":{"rendered":"<p>Die Wartungs-Cartridge wird f\u00fcr die regelm\u00e4\u00dfige Wartung des CatGenie-Toilettenhauses verwendet. Sie entfernt effektiv Kalk und Schmutz, die sich an schwer zug\u00e4nglichen Stellen ansammeln, und tr\u00e4gt dazu bei, dass das Ger\u00e4t reibungslos funktioniert. Eine Patrone kann f\u00fcr vier Reinigungen verwendet werden und h\u00e4lt somit bis zu einem Jahr, da empfohlen wird, sie alle drei bis vier [&hellip;]<\/p>\n","protected":false},"featured_media":37912,"template":"","meta":{"_acf_changed":false,"wds_primary_product_brand":0,"wds_primary_product_cat":0},"product_brand":[],"product_cat":[463,462],"product_tag":[],"class_list":{"0":"post-42713","1":"product","2":"type-product","3":"status-publish","4":"has-post-thumbnail","6":"product_cat-catgenie-de","7":"product_cat-catgenie-und-katzenkisten","9":"first","10":"instock","11":"sale","12":"taxable","13":"shipping-taxable","14":"purchasable","15":"product-type-simple"},"acf":[],"_links":{"self":[{"href":"https:\/\/netpet.ch\/de\/wp-json\/wp\/v2\/product\/42713","targetHints":{"allow":["GET"]}}],"collection":[{"href":"https:\/\/netpet.ch\/de\/wp-json\/wp\/v2\/product"}],"about":[{"href":"https:\/\/netpet.ch\/de\/wp-json\/wp\/v2\/types\/product"}],"wp:featuredmedia":[{"embeddable":true,"href":"https:\/\/netpet.ch\/de\/wp-json\/wp\/v2\/media\/37912"}],"wp:attachment":[{"href":"https:\/\/netpet.ch\/de\/wp-json\/wp\/v2\/media?parent=42713"}],"wp:term":[{"taxonomy":"product_brand","embeddable":true,"href":"https:\/\/netpet.ch\/de\/wp-json\/wp\/v2\/product_brand?post=42713"},{"taxonomy":"product_cat","embeddable":true,"href":"https:\/\/netpet.ch\/de\/wp-json\/wp\/v2\/product_cat?post=42713"},{"taxonomy":"product_tag","embeddable":true,"href":"https:\/\/netpet.ch\/de\/wp-json\/wp\/v2\/product_tag?post=42713"}],"curies":[{"name":"wp","href":"https:\/\/api.w.org\/{rel}","templated":true}]}}