{"id":42717,"date":"2023-03-10T23:20:27","date_gmt":"2023-03-10T22:20:27","guid":{"rendered":"https:\/\/dev.netpet.ch\/produit\/sureflap-extension-de-tunnel-de-chatiere\/"},"modified":"2023-07-25T18:51:29","modified_gmt":"2023-07-25T16:51:29","slug":"sureflap-extension-de-tunnel-de-chatiere","status":"publish","type":"product","link":"https:\/\/netpet.ch\/de\/produit\/sureflap-extension-de-tunnel-de-chatiere\/","title":{"rendered":"SureFlap - Katzenklappen-Tunnelverl\u00e4ngerung"},"content":{"rendered":"<p>Die Tunnelverl\u00e4ngerung f\u00fcr SureFlap-Katzenklappen kann verwendet werden, um den Tunnel der Mikrochip Katzenklappe (Produktcode: sf-nrm-sur001) oder der DualScan Mikrochip Katzenklappe (Produktcode: sf-dscf001) bei der Anbringung in einer Wand zu verl\u00e4ngern.<\/p>\n<p>Diese Verl\u00e4ngerungen sind 50mm lang und passen perfekt in den 70mm langen Tunnel der Katzenklappe; mehrere Verl\u00e4ngerungen k\u00f6nnen hinzugef\u00fcgt werden, um einen Tunnel der richtigen L\u00e4nge zu bilden.<\/p>\n<p>(\u00fcbersetzt mit www.deepL.com)<\/p>\n","protected":false},"excerpt":{"rendered":"<p>Wei\u00dfes Modell<\/p>\n","protected":false},"featured_media":44694,"template":"","meta":{"_acf_changed":false,"wds_primary_product_brand":0,"wds_primary_product_cat":0},"product_brand":[],"product_cat":[477],"product_tag":[],"class_list":{"0":"post-42717","1":"product","2":"type-product","3":"status-publish","4":"has-post-thumbnail","6":"product_cat-ersatzteile-zubehor-de-2","8":"first","9":"instock","10":"taxable","11":"shipping-taxable","12":"purchasable","13":"product-type-simple"},"acf":[],"_links":{"self":[{"href":"https:\/\/netpet.ch\/de\/wp-json\/wp\/v2\/product\/42717","targetHints":{"allow":["GET"]}}],"collection":[{"href":"https:\/\/netpet.ch\/de\/wp-json\/wp\/v2\/product"}],"about":[{"href":"https:\/\/netpet.ch\/de\/wp-json\/wp\/v2\/types\/product"}],"wp:featuredmedia":[{"embeddable":true,"href":"https:\/\/netpet.ch\/de\/wp-json\/wp\/v2\/media\/44694"}],"wp:attachment":[{"href":"https:\/\/netpet.ch\/de\/wp-json\/wp\/v2\/media?parent=42717"}],"wp:term":[{"taxonomy":"product_brand","embeddable":true,"href":"https:\/\/netpet.ch\/de\/wp-json\/wp\/v2\/product_brand?post=42717"},{"taxonomy":"product_cat","embeddable":true,"href":"https:\/\/netpet.ch\/de\/wp-json\/wp\/v2\/product_cat?post=42717"},{"taxonomy":"product_tag","embeddable":true,"href":"https:\/\/netpet.ch\/de\/wp-json\/wp\/v2\/product_tag?post=42717"}],"curies":[{"name":"wp","href":"https:\/\/api.w.org\/{rel}","templated":true}]}}