{"id":42719,"date":"2023-03-10T23:20:23","date_gmt":"2023-03-10T22:20:23","guid":{"rendered":"https:\/\/dev.netpet.ch\/produit\/abreuvoir-pour-poussins-et-cailles-0-6l\/"},"modified":"2026-04-12T11:00:13","modified_gmt":"2026-04-12T09:00:13","slug":"abreuvoir-pour-poussins-et-cailles-0-6l","status":"publish","type":"product","link":"https:\/\/netpet.ch\/de\/produit\/abreuvoir-pour-poussins-et-cailles-0-6l\/","title":{"rendered":"K\u00fcken- und Wachteltr\u00e4nke, 0.6L"},"content":{"rendered":"<p>Ideale Tr\u00e4nke f\u00fcr K\u00fcken und Wachteln mit einem Fassungsverm\u00f6gen von 0.6L.<\/p>\n<p>Hergestellt aus den Kunststoffen Polypropylen (PP) und Polystyrol (PS).<\/p>\n<p>(\u00fcbersetzt mit www.deepL.com)<\/p>\n","protected":false},"excerpt":{"rendered":"<p>Ideale Tr\u00e4nke f\u00fcr K\u00fcken und Wachteln mit einem Fassungsverm\u00f6gen von 0.6L. Hergestellt aus den Kunststoffen Polypropylen (PP) und Polystyrol (PS). (\u00fcbersetzt mit www.deepL.com)<\/p>\n","protected":false},"featured_media":46520,"template":"","meta":{"_acf_changed":false,"wds_primary_product_brand":0,"wds_primary_product_cat":0},"product_brand":[],"product_cat":[457,433],"product_tag":[],"class_list":{"0":"post-42719","1":"product","2":"type-product","3":"status-publish","4":"has-post-thumbnail","6":"product_cat-fur-kuken-und-wachteln","7":"product_cat-tranken","9":"first","10":"instock","11":"taxable","12":"shipping-taxable","13":"purchasable","14":"product-type-simple"},"acf":[],"_links":{"self":[{"href":"https:\/\/netpet.ch\/de\/wp-json\/wp\/v2\/product\/42719","targetHints":{"allow":["GET"]}}],"collection":[{"href":"https:\/\/netpet.ch\/de\/wp-json\/wp\/v2\/product"}],"about":[{"href":"https:\/\/netpet.ch\/de\/wp-json\/wp\/v2\/types\/product"}],"wp:featuredmedia":[{"embeddable":true,"href":"https:\/\/netpet.ch\/de\/wp-json\/wp\/v2\/media\/46520"}],"wp:attachment":[{"href":"https:\/\/netpet.ch\/de\/wp-json\/wp\/v2\/media?parent=42719"}],"wp:term":[{"taxonomy":"product_brand","embeddable":true,"href":"https:\/\/netpet.ch\/de\/wp-json\/wp\/v2\/product_brand?post=42719"},{"taxonomy":"product_cat","embeddable":true,"href":"https:\/\/netpet.ch\/de\/wp-json\/wp\/v2\/product_cat?post=42719"},{"taxonomy":"product_tag","embeddable":true,"href":"https:\/\/netpet.ch\/de\/wp-json\/wp\/v2\/product_tag?post=42719"}],"curies":[{"name":"wp","href":"https:\/\/api.w.org\/{rel}","templated":true}]}}