{"id":42721,"date":"2023-03-10T23:20:17","date_gmt":"2023-03-10T22:20:17","guid":{"rendered":"https:\/\/dev.netpet.ch\/produit\/plateau-en-carton-pour-30-oeufs-10-pieces\/"},"modified":"2024-12-28T09:36:55","modified_gmt":"2024-12-28T08:36:55","slug":"plateau-en-carton-pour-30-oeufs-10-pieces","status":"publish","type":"product","link":"https:\/\/netpet.ch\/de\/produit\/plateau-en-carton-pour-30-oeufs-10-pieces\/","title":{"rendered":"Eierhorden aus Karton f\u00fcr 30 H\u00fchnereier (10 St\u00fcck)"},"content":{"rendered":"<p>Set mit 10 Eierkarton aus reinem Altpapier f\u00fcr 30 H\u00fchnereier.<\/p>\n<p>(\u00fcbersetzt mit www.deepL.com)<\/p>\n","protected":false},"excerpt":{"rendered":"<p>Set mit 10 Eierkarton aus reinem Altpapier f\u00fcr 30 H\u00fchnereier. (\u00fcbersetzt mit www.deepL.com)<\/p>\n","protected":false},"featured_media":38264,"template":"","meta":{"_acf_changed":false,"wds_primary_product_brand":0,"wds_primary_product_cat":0},"product_brand":[],"product_cat":[436],"product_tag":[],"class_list":{"0":"post-42721","1":"product","2":"type-product","3":"status-publish","4":"has-post-thumbnail","6":"product_cat-eierschachteln-und-horden","8":"first","9":"instock","10":"taxable","11":"shipping-taxable","12":"purchasable","13":"product-type-simple"},"acf":[],"_links":{"self":[{"href":"https:\/\/netpet.ch\/de\/wp-json\/wp\/v2\/product\/42721","targetHints":{"allow":["GET"]}}],"collection":[{"href":"https:\/\/netpet.ch\/de\/wp-json\/wp\/v2\/product"}],"about":[{"href":"https:\/\/netpet.ch\/de\/wp-json\/wp\/v2\/types\/product"}],"wp:featuredmedia":[{"embeddable":true,"href":"https:\/\/netpet.ch\/de\/wp-json\/wp\/v2\/media\/38264"}],"wp:attachment":[{"href":"https:\/\/netpet.ch\/de\/wp-json\/wp\/v2\/media?parent=42721"}],"wp:term":[{"taxonomy":"product_brand","embeddable":true,"href":"https:\/\/netpet.ch\/de\/wp-json\/wp\/v2\/product_brand?post=42721"},{"taxonomy":"product_cat","embeddable":true,"href":"https:\/\/netpet.ch\/de\/wp-json\/wp\/v2\/product_cat?post=42721"},{"taxonomy":"product_tag","embeddable":true,"href":"https:\/\/netpet.ch\/de\/wp-json\/wp\/v2\/product_tag?post=42721"}],"curies":[{"name":"wp","href":"https:\/\/api.w.org\/{rel}","templated":true}]}}