{"id":42724,"date":"2023-03-10T23:20:08","date_gmt":"2023-03-10T22:20:08","guid":{"rendered":"https:\/\/dev.netpet.ch\/produit\/abreuvoir-siphoide-1-5l\/"},"modified":"2023-05-18T21:57:30","modified_gmt":"2023-05-18T19:57:30","slug":"abreuvoir-siphoide-1-5l","status":"publish","type":"product","link":"https:\/\/netpet.ch\/de\/produit\/abreuvoir-siphoide-1-5l\/","title":{"rendered":"Siphontr\u00e4nke, 1.5L"},"content":{"rendered":"<p>Aufstellbare Wassertr\u00e4nke mit einem Fassungsverm\u00f6gen von 1.5L.<\/p>\n<p>Leicht zu reinigen und zu bef\u00fcllen.<\/p>\n<p>Hergestellt aus den Kunststoffen Polyethylen (PE) und Polypropylen (PP).<\/p>\n<p>(\u00fcbersetzt mit www.deepL.com)<\/p>\n","protected":false},"excerpt":{"rendered":"<p>Aufstellbare Wassertr\u00e4nke mit einem Fassungsverm\u00f6gen von 1.5L. Leicht zu reinigen und zu bef\u00fcllen. Hergestellt aus den Kunststoffen Polyethylen (PE) und Polypropylen (PP). (\u00fcbersetzt mit www.deepL.com)<\/p>\n","protected":false},"featured_media":44429,"template":"","meta":{"_acf_changed":false,"wds_primary_product_brand":0,"wds_primary_product_cat":0},"product_brand":[],"product_cat":[457,433],"product_tag":[],"class_list":{"0":"post-42724","1":"product","2":"type-product","3":"status-publish","4":"has-post-thumbnail","6":"product_cat-fur-kuken-und-wachteln","7":"product_cat-tranken","9":"first","10":"instock","11":"taxable","12":"shipping-taxable","13":"purchasable","14":"product-type-simple"},"acf":[],"_links":{"self":[{"href":"https:\/\/netpet.ch\/de\/wp-json\/wp\/v2\/product\/42724","targetHints":{"allow":["GET"]}}],"collection":[{"href":"https:\/\/netpet.ch\/de\/wp-json\/wp\/v2\/product"}],"about":[{"href":"https:\/\/netpet.ch\/de\/wp-json\/wp\/v2\/types\/product"}],"wp:featuredmedia":[{"embeddable":true,"href":"https:\/\/netpet.ch\/de\/wp-json\/wp\/v2\/media\/44429"}],"wp:attachment":[{"href":"https:\/\/netpet.ch\/de\/wp-json\/wp\/v2\/media?parent=42724"}],"wp:term":[{"taxonomy":"product_brand","embeddable":true,"href":"https:\/\/netpet.ch\/de\/wp-json\/wp\/v2\/product_brand?post=42724"},{"taxonomy":"product_cat","embeddable":true,"href":"https:\/\/netpet.ch\/de\/wp-json\/wp\/v2\/product_cat?post=42724"},{"taxonomy":"product_tag","embeddable":true,"href":"https:\/\/netpet.ch\/de\/wp-json\/wp\/v2\/product_tag?post=42724"}],"curies":[{"name":"wp","href":"https:\/\/api.w.org\/{rel}","templated":true}]}}