{"id":42727,"date":"2023-03-10T23:20:03","date_gmt":"2023-03-10T22:20:03","guid":{"rendered":"https:\/\/dev.netpet.ch\/produit\/cat-mate-distributeur-automatique-de-nourriture-c3000\/"},"modified":"2023-05-01T00:00:07","modified_gmt":"2023-04-30T22:00:07","slug":"cat-mate-distributeur-automatique-de-nourriture-c3000","status":"publish","type":"product","link":"https:\/\/netpet.ch\/de\/produit\/cat-mate-distributeur-automatique-de-nourriture-c3000\/","title":{"rendered":"Cat Mate - Trockenfutterautomat mit Digitaltimer C3000"},"content":{"rendered":"<p>Der automatische Trockenfutterautomat Cat Mate C3000 wurde entwickelt, um Ihrem Vierbeiner die empfohlene Menge an Trockenfutter zur richtigen Zeit zu verabreichen.<\/p>\n<p>Hauptmerkmale des Cat Mate C3000:<br \/>\n\u2022 geeignet f\u00fcr Katzen und kleine Hunde<br \/>\n\u2022 LCD-Bildschirm, zur einfachen Programmierung von bis zu 3 Einzelportionen \u00fcber den Tag verteilt<br \/>\n\u2022 M\u00f6glichkeit der manuellen F\u00fctterung<br \/>\n\u2022 Beh\u00e4lter mit einem Fassungsverm\u00f6gen von bis zu 3kg Trockenfutter, der Portionen ab 10g ausgeben kann<br \/>\n\u2022 leicht zu reinigen; Trichter, Deckel, Futtersch\u00fcssel und Ausgabemechanismus k\u00f6nnen in der Sp\u00fclmaschine gereinigt werden<br \/>\n\u2022 verschlie\u00dfbarer Deckel (Snap Lock) und patentierte, selbstschlie\u00dfende F\u00fctterungsd\u00fcse, um zu verhindern, dass sich das Tier vorzeitig bedienen kann<br \/>\n\u2022 Batteriebetrieb (4 Alkaline C-Batterien, nicht enthalten): Batterielebensdauer zwischen 6 und 12 Monaten; Anzeige bei niedrigem Batteriestand<br \/>\n\u2022 3 Jahre Herstellergarantie, vorbehaltlich einer Online-Registrierung beim Kauf.<\/p>\n<p>(\u00fcbersetzt mit www.deepL.com)<\/p>\n","protected":false},"excerpt":{"rendered":"<p>Der automatische Trockenfutterautomat Cat Mate C3000 wurde entwickelt, um Ihrem Vierbeiner die empfohlene Menge an Trockenfutter zur richtigen Zeit zu verabreichen. Hauptmerkmale des Cat Mate C3000: \u2022 geeignet f\u00fcr Katzen und kleine Hunde \u2022 LCD-Bildschirm, zur einfachen Programmierung von bis zu 3 Einzelportionen \u00fcber den Tag verteilt \u2022 M\u00f6glichkeit der manuellen F\u00fctterung \u2022 Beh\u00e4lter mit [&hellip;]<\/p>\n","protected":false},"featured_media":43316,"template":"","meta":{"_acf_changed":false,"wds_primary_product_brand":0,"wds_primary_product_cat":0},"product_brand":[],"product_cat":[459,510],"product_tag":[444],"class_list":{"0":"post-42727","1":"product","2":"type-product","3":"status-publish","4":"has-post-thumbnail","6":"product_cat-futterautomat","7":"product_cat-futterautomat-de","8":"product_tag-promo-de","10":"first","11":"instock","12":"sale","13":"taxable","14":"shipping-taxable","15":"purchasable","16":"product-type-simple"},"acf":[],"_links":{"self":[{"href":"https:\/\/netpet.ch\/de\/wp-json\/wp\/v2\/product\/42727","targetHints":{"allow":["GET"]}}],"collection":[{"href":"https:\/\/netpet.ch\/de\/wp-json\/wp\/v2\/product"}],"about":[{"href":"https:\/\/netpet.ch\/de\/wp-json\/wp\/v2\/types\/product"}],"wp:featuredmedia":[{"embeddable":true,"href":"https:\/\/netpet.ch\/de\/wp-json\/wp\/v2\/media\/43316"}],"wp:attachment":[{"href":"https:\/\/netpet.ch\/de\/wp-json\/wp\/v2\/media?parent=42727"}],"wp:term":[{"taxonomy":"product_brand","embeddable":true,"href":"https:\/\/netpet.ch\/de\/wp-json\/wp\/v2\/product_brand?post=42727"},{"taxonomy":"product_cat","embeddable":true,"href":"https:\/\/netpet.ch\/de\/wp-json\/wp\/v2\/product_cat?post=42727"},{"taxonomy":"product_tag","embeddable":true,"href":"https:\/\/netpet.ch\/de\/wp-json\/wp\/v2\/product_tag?post=42727"}],"curies":[{"name":"wp","href":"https:\/\/api.w.org\/{rel}","templated":true}]}}