{"id":42731,"date":"2023-03-10T23:19:48","date_gmt":"2023-03-10T22:19:48","guid":{"rendered":"https:\/\/dev.netpet.ch\/produit\/brinsea-tapis-declosion-pour-couveuse-ovation-56-lot-de-6\/"},"modified":"2026-05-03T18:46:48","modified_gmt":"2026-05-03T16:46:48","slug":"brinsea-tapis-declosion-pour-couveuse-ovation-56-lot-de-6","status":"publish","type":"product","link":"https:\/\/netpet.ch\/de\/produit\/brinsea-tapis-declosion-pour-couveuse-ovation-56-lot-de-6\/","title":{"rendered":"Brinsea - Schlupfmatten f\u00fcr Ovation 56 Brutger\u00e4t (6er-Pack)"},"content":{"rendered":"<p>6 Anti-Rutsch-Matten im Sparpack.<\/p>\n<p>Diese Schlupfmatten aus Wellpappe wurden speziell f\u00fcr die Brinsea Ovation 56 Inkubatoren entwickelt.<\/p>\n<p>Sie sind f\u00fcr folgende Modelle geeignet: Brinsea Ovation 56 Eco, Brinsea Ovation 56 Avance, Brinsea Ovation 56 EX.<\/p>\n<p>Die geriffelte Oberfl\u00e4che hilft den K\u00fcken zu stehen und kann Spreitzbeine vermeiden. Nach Verwendung sollte die Schlupfmatte entsorgt werden.<\/p>\n<p>(\u00fcbersetzt mit www.deepL.com)<\/p>\n","protected":false},"excerpt":{"rendered":"<p>6 Anti-Rutsch-Matten im Sparpack. Diese Schlupfmatten aus Wellpappe wurden speziell f\u00fcr die Brinsea Ovation 56 Inkubatoren entwickelt. Sie sind f\u00fcr folgende Modelle geeignet: Brinsea Ovation 56 Eco, Brinsea Ovation 56 Avance, Brinsea Ovation 56 EX. Die geriffelte Oberfl\u00e4che hilft den K\u00fcken zu stehen und kann Spreitzbeine vermeiden. Nach Verwendung sollte die Schlupfmatte entsorgt werden. (\u00fcbersetzt [&hellip;]<\/p>\n","protected":false},"featured_media":45012,"template":"","meta":{"_acf_changed":false,"wds_primary_product_brand":0,"wds_primary_product_cat":0},"product_brand":[],"product_cat":[821],"product_tag":[],"class_list":{"0":"post-42731","1":"product","2":"type-product","3":"status-publish","4":"has-post-thumbnail","6":"product_cat-zubehoer-fuer-brinsea-inkubatoren","8":"first","9":"instock","10":"taxable","11":"shipping-taxable","12":"purchasable","13":"product-type-simple"},"acf":[],"_links":{"self":[{"href":"https:\/\/netpet.ch\/de\/wp-json\/wp\/v2\/product\/42731","targetHints":{"allow":["GET"]}}],"collection":[{"href":"https:\/\/netpet.ch\/de\/wp-json\/wp\/v2\/product"}],"about":[{"href":"https:\/\/netpet.ch\/de\/wp-json\/wp\/v2\/types\/product"}],"wp:featuredmedia":[{"embeddable":true,"href":"https:\/\/netpet.ch\/de\/wp-json\/wp\/v2\/media\/45012"}],"wp:attachment":[{"href":"https:\/\/netpet.ch\/de\/wp-json\/wp\/v2\/media?parent=42731"}],"wp:term":[{"taxonomy":"product_brand","embeddable":true,"href":"https:\/\/netpet.ch\/de\/wp-json\/wp\/v2\/product_brand?post=42731"},{"taxonomy":"product_cat","embeddable":true,"href":"https:\/\/netpet.ch\/de\/wp-json\/wp\/v2\/product_cat?post=42731"},{"taxonomy":"product_tag","embeddable":true,"href":"https:\/\/netpet.ch\/de\/wp-json\/wp\/v2\/product_tag?post=42731"}],"curies":[{"name":"wp","href":"https:\/\/api.w.org\/{rel}","templated":true}]}}