{"id":42732,"date":"2023-03-10T23:19:46","date_gmt":"2023-03-10T22:19:46","guid":{"rendered":"https:\/\/dev.netpet.ch\/produit\/sureflap-chatiere-a-puce-electronique\/"},"modified":"2025-02-10T18:34:46","modified_gmt":"2025-02-10T17:34:46","slug":"sureflap-chatiere-a-puce-electronique","status":"publish","type":"product","link":"https:\/\/netpet.ch\/de\/produit\/sureflap-chatiere-a-puce-electronique\/","title":{"rendered":"SureFlap - Mikrochip Katzenklappe"},"content":{"rendered":"<p>Die Mikrochip Katzenklappe von SureFlap ist die L\u00f6sung, um Ihr Zuhause vor unerw\u00fcnschten Tieren zu sch\u00fctzen. Sie ist batteriebetrieben und l\u00e4sst nur Katzen herein, deren Identifikationschip oder RFID-Halsbandanh\u00e4nger registriert wurde.<\/p>\n<p>Wenn sich eine berechtigte Katze der Katzenklappe n\u00e4hert, \u00f6ffnet sich diese im Bruchteil einer Sekunde und schlie\u00dft sich dann automatisch einige Sekunden, nachdem Ihr Haustier durch den Tunnel gegangen ist.<\/p>\n<p><strong>Hauptmerkmale der SureFlap Mikrochip Katzenklappe:<\/strong><br \/>\n\u2022 robuste Verarbeitung und elegantes Design<br \/>\n\u2022 Katzenklappe mit Mikrochip-Leseger\u00e4t, das den Zugang f\u00fcr streunende Katzen und fremde Tieren verhindert<br \/>\n\u2022 M\u00f6glichkeit, bis zu 32 Chipnummern zu speichern<br \/>\n\u2022 f\u00fcr Tiere ohne Mikrochip, Betrieb mit einem RFID-Halsbandanh\u00e4nger (separat erh\u00e4ltlich, Produktcode: sf-col001)<br \/>\n\u2022 Batteriebetrieb (4 AA-Batterien, nicht im Lieferumfang enthalten): durchschnittliche Batterielebensdauer mindestens sechs Monate; Anzeige bei niedrigem Batteriestand<br \/>\n\u2022 Magnetverschluss h\u00e4lt die T\u00fcr geschlossen, wenn sie nicht benutzt wird<br \/>\n\u2022 manuelle Verriegelung mit 4 Positionen: Ein- und Ausgang, nur Ausgang, nur Eingang, vollst\u00e4ndig geschlossen<br \/>\n\u2022 eingebautes Zugluftschutzsystem<br \/>\n\u2022 Installation m\u00f6glich auf Holz und Kunststoff, Glas und Metall (mit Montageadapter, Produktcode: sf-nrm-gma001) oder in einer Wand (mit Tunnelverl\u00e4ngerung, Produktcode: sf-nrm-tun001)<br \/>\n\u2022 3 Jahre Herstellergarantie, mit Online-Registrierung.<\/p>\n<p><strong>Abmessungen:<\/strong><br \/>\n\u2022 Abmessungen des Au\u00dfenrahmens: 210x210mm (BxH)<br \/>\n\u2022 Abmessungen der Klappen\u00f6ffnung (Durchgang des Tieres): 142x120mm (BxH)<br \/>\n\u2022 Ausschnittsgr\u00f6sse: 165x171mm (BxH)<br \/>\n\u2022 optimaler Durchmesser des Ausschnitts f\u00fcr den Einbau in Glas: 212mm (die Katzenklappe kann in L\u00f6cher mit einem Durchmesser von bis zu 260mm eingebaut werden)<br \/>\n\u2022 Tunneltiefe: 70mm.<\/p>\n<p>(\u00fcbersetzt mit www.deepL)<\/p>\n<p><iframe loading=\"lazy\" title=\"SureFlap\u00ae Mikrochip Katzenklappe\" width=\"500\" height=\"281\" src=\"https:\/\/www.youtube.com\/embed\/D4PuxvNUjU0?feature=oembed\" frameborder=\"0\" allow=\"accelerometer; autoplay; clipboard-write; encrypted-media; gyroscope; picture-in-picture; web-share\" referrerpolicy=\"strict-origin-when-cross-origin\" allowfullscreen><\/iframe><\/p>\n","protected":false},"excerpt":{"rendered":"<p>Wei\u00dfes Modell<\/p>\n","protected":false},"featured_media":44617,"template":"","meta":{"_acf_changed":false,"wds_primary_product_brand":0,"wds_primary_product_cat":0},"product_brand":[],"product_cat":[466,470,475,476],"product_tag":[444],"class_list":{"0":"post-42732","1":"product","2":"type-product","3":"status-publish","4":"has-post-thumbnail","6":"product_cat-katzenklappen","7":"product_cat-katzenklappen-mit-chip","8":"product_cat-sureflap-de","9":"product_cat-katzenklappen-de-3","10":"product_tag-promo-de","12":"first","13":"outofstock","14":"sale","15":"taxable","16":"shipping-taxable","17":"purchasable","18":"product-type-simple"},"acf":[],"_links":{"self":[{"href":"https:\/\/netpet.ch\/de\/wp-json\/wp\/v2\/product\/42732","targetHints":{"allow":["GET"]}}],"collection":[{"href":"https:\/\/netpet.ch\/de\/wp-json\/wp\/v2\/product"}],"about":[{"href":"https:\/\/netpet.ch\/de\/wp-json\/wp\/v2\/types\/product"}],"wp:featuredmedia":[{"embeddable":true,"href":"https:\/\/netpet.ch\/de\/wp-json\/wp\/v2\/media\/44617"}],"wp:attachment":[{"href":"https:\/\/netpet.ch\/de\/wp-json\/wp\/v2\/media?parent=42732"}],"wp:term":[{"taxonomy":"product_brand","embeddable":true,"href":"https:\/\/netpet.ch\/de\/wp-json\/wp\/v2\/product_brand?post=42732"},{"taxonomy":"product_cat","embeddable":true,"href":"https:\/\/netpet.ch\/de\/wp-json\/wp\/v2\/product_cat?post=42732"},{"taxonomy":"product_tag","embeddable":true,"href":"https:\/\/netpet.ch\/de\/wp-json\/wp\/v2\/product_tag?post=42732"}],"curies":[{"name":"wp","href":"https:\/\/api.w.org\/{rel}","templated":true}]}}