{"id":42735,"date":"2023-03-10T23:19:38","date_gmt":"2023-03-10T22:19:38","guid":{"rendered":"https:\/\/dev.netpet.ch\/produit\/regulateur-de-temperature-pour-panneau-chauffant-pour-poussins\/"},"modified":"2025-10-02T19:43:49","modified_gmt":"2025-10-02T17:43:49","slug":"regulateur-de-temperature-pour-panneau-chauffant-pour-poussins","status":"publish","type":"product","link":"https:\/\/netpet.ch\/de\/produit\/regulateur-de-temperature-pour-panneau-chauffant-pour-poussins\/","title":{"rendered":"Stufenloser Temperaturregler f\u00fcr K\u00fckenw\u00e4rmeplatte"},"content":{"rendered":"<p>Dieser Temperaturregler 20-100% wurde speziel f\u00fcr die Comfort W\u00e4rmeplatten 25x25cm, 30x30cm, 40x40cm, 40x50cm und 40x60cm entwickelt.<\/p>\n<p>Sie k\u00f6nnen diesen Regler auch f\u00fcr andere <strong>nicht<\/strong> leuchtende Heizquellen, wie z. B. Heizmatten, verwenden.<\/p>\n<p>Der Regler hat ein 1 Meter langes Kabel und kann nur f\u00fcr Ger\u00e4te mit einer maximalen Leistung von 100 Watt verwendet werden.<\/p>\n<p><span style=\"color: #993300\">Hinweis: Dieser Temperaturregler kann nicht mit einer Lichtquelle (z.B. Infrarotlampe) verwendet werden, da es intermittierend Strom liefert und die Lichtquellen daher st\u00e4ndig blinken.<\/span><\/p>\n","protected":false},"excerpt":{"rendered":"<p>Dieser Temperaturregler 20-100% wurde speziel f\u00fcr die Comfort W\u00e4rmeplatten 25x25cm, 30x30cm, 40x40cm, 40x50cm und 40x60cm entwickelt. Sie k\u00f6nnen diesen Regler auch f\u00fcr andere nicht leuchtende Heizquellen, wie z. B. Heizmatten, verwenden. Der Regler hat ein 1 Meter langes Kabel und kann nur f\u00fcr Ger\u00e4te mit einer maximalen Leistung von 100 Watt verwendet werden. Hinweis: Dieser [&hellip;]<\/p>\n","protected":false},"featured_media":43804,"template":"","meta":{"_acf_changed":false,"wds_primary_product_brand":0,"wds_primary_product_cat":0},"product_brand":[],"product_cat":[457,453],"product_tag":[444],"class_list":{"0":"post-42735","1":"product","2":"type-product","3":"status-publish","4":"has-post-thumbnail","6":"product_cat-fur-kuken-und-wachteln","7":"product_cat-kuekenaufzucht-zubehoer","8":"product_tag-promo-de","10":"first","11":"instock","12":"sale","13":"taxable","14":"shipping-taxable","15":"purchasable","16":"product-type-simple"},"acf":[],"_links":{"self":[{"href":"https:\/\/netpet.ch\/de\/wp-json\/wp\/v2\/product\/42735","targetHints":{"allow":["GET"]}}],"collection":[{"href":"https:\/\/netpet.ch\/de\/wp-json\/wp\/v2\/product"}],"about":[{"href":"https:\/\/netpet.ch\/de\/wp-json\/wp\/v2\/types\/product"}],"wp:featuredmedia":[{"embeddable":true,"href":"https:\/\/netpet.ch\/de\/wp-json\/wp\/v2\/media\/43804"}],"wp:attachment":[{"href":"https:\/\/netpet.ch\/de\/wp-json\/wp\/v2\/media?parent=42735"}],"wp:term":[{"taxonomy":"product_brand","embeddable":true,"href":"https:\/\/netpet.ch\/de\/wp-json\/wp\/v2\/product_brand?post=42735"},{"taxonomy":"product_cat","embeddable":true,"href":"https:\/\/netpet.ch\/de\/wp-json\/wp\/v2\/product_cat?post=42735"},{"taxonomy":"product_tag","embeddable":true,"href":"https:\/\/netpet.ch\/de\/wp-json\/wp\/v2\/product_tag?post=42735"}],"curies":[{"name":"wp","href":"https:\/\/api.w.org\/{rel}","templated":true}]}}