{"id":42740,"date":"2023-03-10T23:19:15","date_gmt":"2023-03-10T22:19:15","guid":{"rendered":"https:\/\/dev.netpet.ch\/produit\/plateaux-a-oeufs-pour-30-oeufs-assortiment-de-4\/"},"modified":"2024-01-01T13:27:42","modified_gmt":"2024-01-01T12:27:42","slug":"plateaux-a-oeufs-pour-30-oeufs-assortiment-de-4","status":"publish","type":"product","link":"https:\/\/netpet.ch\/de\/produit\/plateaux-a-oeufs-pour-30-oeufs-assortiment-de-4\/","title":{"rendered":"Eierhorde f\u00fcr 30 Eier (4er-Sortiment)"},"content":{"rendered":"<p>Sortiment von Kunststoffplatten in 4 Farben (gelb, orange, gr\u00fcn, blau) f\u00fcr 30 Eier.<\/p>\n<p>(\u00fcbersetzt mit www.deepL.com)<\/p>\n","protected":false},"excerpt":{"rendered":"<p>Sortiment von Kunststoffplatten in 4 Farben (gelb, orange, gr\u00fcn, blau) f\u00fcr 30 Eier. (\u00fcbersetzt mit www.deepL.com)<\/p>\n","protected":false},"featured_media":37804,"template":"","meta":{"_acf_changed":false,"wds_primary_product_brand":0,"wds_primary_product_cat":0},"product_brand":[],"product_cat":[436],"product_tag":[],"class_list":{"0":"post-42740","1":"product","2":"type-product","3":"status-publish","4":"has-post-thumbnail","6":"product_cat-eierschachteln-und-horden","8":"first","9":"instock","10":"taxable","11":"shipping-taxable","12":"purchasable","13":"product-type-simple"},"acf":[],"_links":{"self":[{"href":"https:\/\/netpet.ch\/de\/wp-json\/wp\/v2\/product\/42740","targetHints":{"allow":["GET"]}}],"collection":[{"href":"https:\/\/netpet.ch\/de\/wp-json\/wp\/v2\/product"}],"about":[{"href":"https:\/\/netpet.ch\/de\/wp-json\/wp\/v2\/types\/product"}],"wp:featuredmedia":[{"embeddable":true,"href":"https:\/\/netpet.ch\/de\/wp-json\/wp\/v2\/media\/37804"}],"wp:attachment":[{"href":"https:\/\/netpet.ch\/de\/wp-json\/wp\/v2\/media?parent=42740"}],"wp:term":[{"taxonomy":"product_brand","embeddable":true,"href":"https:\/\/netpet.ch\/de\/wp-json\/wp\/v2\/product_brand?post=42740"},{"taxonomy":"product_cat","embeddable":true,"href":"https:\/\/netpet.ch\/de\/wp-json\/wp\/v2\/product_cat?post=42740"},{"taxonomy":"product_tag","embeddable":true,"href":"https:\/\/netpet.ch\/de\/wp-json\/wp\/v2\/product_tag?post=42740"}],"curies":[{"name":"wp","href":"https:\/\/api.w.org\/{rel}","templated":true}]}}