{"id":42742,"date":"2023-03-10T23:19:10","date_gmt":"2023-03-10T22:19:10","guid":{"rendered":"https:\/\/dev.netpet.ch\/produit\/sac-de-transport-souple-taille-m\/"},"modified":"2023-07-21T18:20:13","modified_gmt":"2023-07-21T16:20:13","slug":"sac-de-transport-souple-taille-m","status":"publish","type":"product","link":"https:\/\/netpet.ch\/de\/produit\/sac-de-transport-souple-taille-m\/","title":{"rendered":"Weiche Transporttasche, Gr\u00f6sse M"},"content":{"rendered":"<p>Diese schwarze, weiche Transporttasche ist eine Polyestertasche, die f\u00fcr den Transport von Gefl\u00fcgel und Haustieren entwickelt wurde.<\/p>\n<p>Ungef\u00e4hre Abmessungen: 42x24x28cm (LxBxH) - Gr\u00f6\u00dfe M.<\/p>\n<p>(\u00fcbersetzt mit www.deepL.com)<\/p>\n","protected":false},"excerpt":{"rendered":"<p>Diese schwarze, weiche Transporttasche ist eine Polyestertasche, die f\u00fcr den Transport von Gefl\u00fcgel und Haustieren entwickelt wurde. Ungef\u00e4hre Abmessungen: 42x24x28cm (LxBxH) - Gr\u00f6\u00dfe M. (\u00fcbersetzt mit www.deepL.com)<\/p>\n","protected":false},"featured_media":45033,"template":"","meta":{"_acf_changed":false,"wds_primary_product_brand":0,"wds_primary_product_cat":0},"product_brand":[],"product_cat":[461,525,434],"product_tag":[],"class_list":{"0":"post-42742","1":"product","2":"type-product","3":"status-publish","4":"has-post-thumbnail","6":"product_cat-transportboxen-chat","7":"product_cat-transportboxen-hunde","8":"product_cat-zubehoer","10":"first","11":"instock","12":"taxable","13":"shipping-taxable","14":"purchasable","15":"product-type-simple"},"acf":[],"_links":{"self":[{"href":"https:\/\/netpet.ch\/de\/wp-json\/wp\/v2\/product\/42742","targetHints":{"allow":["GET"]}}],"collection":[{"href":"https:\/\/netpet.ch\/de\/wp-json\/wp\/v2\/product"}],"about":[{"href":"https:\/\/netpet.ch\/de\/wp-json\/wp\/v2\/types\/product"}],"wp:featuredmedia":[{"embeddable":true,"href":"https:\/\/netpet.ch\/de\/wp-json\/wp\/v2\/media\/45033"}],"wp:attachment":[{"href":"https:\/\/netpet.ch\/de\/wp-json\/wp\/v2\/media?parent=42742"}],"wp:term":[{"taxonomy":"product_brand","embeddable":true,"href":"https:\/\/netpet.ch\/de\/wp-json\/wp\/v2\/product_brand?post=42742"},{"taxonomy":"product_cat","embeddable":true,"href":"https:\/\/netpet.ch\/de\/wp-json\/wp\/v2\/product_cat?post=42742"},{"taxonomy":"product_tag","embeddable":true,"href":"https:\/\/netpet.ch\/de\/wp-json\/wp\/v2\/product_tag?post=42742"}],"curies":[{"name":"wp","href":"https:\/\/api.w.org\/{rel}","templated":true}]}}