{"id":42743,"date":"2023-03-10T23:19:09","date_gmt":"2023-03-10T22:19:09","guid":{"rendered":"https:\/\/dev.netpet.ch\/produit\/cat-mate-grande-chatiere-pour-vitre-ref-357\/"},"modified":"2025-10-08T18:54:19","modified_gmt":"2025-10-08T16:54:19","slug":"cat-mate-grande-chatiere-pour-vitre-ref-357","status":"publish","type":"product","link":"https:\/\/netpet.ch\/de\/produit\/cat-mate-grande-chatiere-pour-vitre-ref-357\/","title":{"rendered":"Cat Mate - Grosse Katzenklappe f\u00fcr Glasscheiben (Ref: 357)"},"content":{"rendered":"<p>Speziell entwickelte Katzenklappe f\u00fcr <strong>gro\u00dfe Katzen<\/strong> oder <strong>kleine Hunde<\/strong> mit einer Schulterh\u00f6he von bis zu 36cm.<\/p>\n<p>Das attraktive runde Design dieser Katzenklappe mit 4-Wege-Verriegelung macht sie zu einer interessanten und eleganten Alternative f\u00fcr den Einbau in alle T\u00fcren bis zu einer Dicke von 50mm. Sie eignet sich auch besonders gut f\u00fcr Einfach-, Doppel- und Dreifachverglasungen*.<\/p>\n<p><strong>Hauptmerkmale der gro\u00dfen Katzenklappe f\u00fcr Glasscheiben von Cat Mate:<\/strong><br \/>\n\u2022 einfach zu bedienende Verriegelung mit 4 Positionen<br \/>\n\u2022 ger\u00e4uscharmer Mechanismus beim \u00d6ffnen oder Schlie\u00dfen<br \/>\n\u2022 Klappe mit Magnetverschluss ist dank der B\u00fcrstendichtung zug- und wetterfest<br \/>\n\u2022 Anti-Regen-Dichtung<br \/>\n\u2022 3 Jahre Herstellergarantie, vorbehaltlich einer Online-Registrierung beim Kauf.<\/p>\n<p><strong>Abmessungen:<\/strong><br \/>\n\u2022 Gesamtdurchmesser: 305mm<br \/>\n\u2022 Klappen\u00f6ffnungsgr\u00f6\u00dfe: ca. 180x180mm (BxH)<br \/>\n\u2022 Durchmesser des Ausschnitts: 283mm.<\/p>\n<p>*Bei bestehenden geh\u00e4rteten, Doppel- und Dreifachverglasungen ist eine neue Platte aus Glas erforderlich.<\/p>\n<p>(\u00fcbersetzt mit www.deepL.com)<\/p>\n","protected":false},"excerpt":{"rendered":"<p>Speziell entwickelte Katzenklappe f\u00fcr gro\u00dfe Katzen oder kleine Hunde mit einer Schulterh\u00f6he von bis zu 36cm. Das attraktive runde Design dieser Katzenklappe mit 4-Wege-Verriegelung macht sie zu einer interessanten und eleganten Alternative f\u00fcr den Einbau in alle T\u00fcren bis zu einer Dicke von 50mm. Sie eignet sich auch besonders gut f\u00fcr Einfach-, Doppel- und Dreifachverglasungen*. [&hellip;]<\/p>\n","protected":false},"featured_media":44779,"template":"","meta":{"_acf_changed":false,"wds_primary_product_brand":0,"wds_primary_product_cat":0},"product_brand":[],"product_cat":[467,468,466,526],"product_tag":[444],"class_list":{"0":"post-42743","1":"product","2":"type-product","3":"status-publish","4":"has-post-thumbnail","6":"product_cat-cat-mate-de","7":"product_cat-katzenklappen-de","8":"product_cat-katzenklappen","9":"product_cat-tueren","10":"product_tag-promo-de","12":"first","13":"outofstock","14":"sale","15":"taxable","16":"shipping-taxable","17":"purchasable","18":"product-type-simple"},"acf":[],"_links":{"self":[{"href":"https:\/\/netpet.ch\/de\/wp-json\/wp\/v2\/product\/42743","targetHints":{"allow":["GET"]}}],"collection":[{"href":"https:\/\/netpet.ch\/de\/wp-json\/wp\/v2\/product"}],"about":[{"href":"https:\/\/netpet.ch\/de\/wp-json\/wp\/v2\/types\/product"}],"wp:featuredmedia":[{"embeddable":true,"href":"https:\/\/netpet.ch\/de\/wp-json\/wp\/v2\/media\/44779"}],"wp:attachment":[{"href":"https:\/\/netpet.ch\/de\/wp-json\/wp\/v2\/media?parent=42743"}],"wp:term":[{"taxonomy":"product_brand","embeddable":true,"href":"https:\/\/netpet.ch\/de\/wp-json\/wp\/v2\/product_brand?post=42743"},{"taxonomy":"product_cat","embeddable":true,"href":"https:\/\/netpet.ch\/de\/wp-json\/wp\/v2\/product_cat?post=42743"},{"taxonomy":"product_tag","embeddable":true,"href":"https:\/\/netpet.ch\/de\/wp-json\/wp\/v2\/product_tag?post=42743"}],"curies":[{"name":"wp","href":"https:\/\/api.w.org\/{rel}","templated":true}]}}