{"id":42752,"date":"2023-03-10T23:18:30","date_gmt":"2023-03-10T22:18:30","guid":{"rendered":"https:\/\/dev.netpet.ch\/produit\/brinsea-blocs-devaporation-pour-ovation-56-ex-lot-de-3\/"},"modified":"2026-05-03T18:46:48","modified_gmt":"2026-05-03T16:46:48","slug":"brinsea-blocs-devaporation-pour-ovation-56-ex-lot-de-3","status":"publish","type":"product","link":"https:\/\/netpet.ch\/de\/produit\/brinsea-blocs-devaporation-pour-ovation-56-ex-lot-de-3\/","title":{"rendered":"Brinsea - Verdampfungsbl\u00f6cke f\u00fcr Ovation 56 EX Brutger\u00e4t (3er-Pack)"},"content":{"rendered":"<p>Diese Verdampfungsbl\u00f6cke sind f\u00fcr den Brinsea Ovation 56 EX Inkubator geeignet.<\/p>\n<p>Hinweis: Der Hersteller empfiehlt, sie nach jedem zweiten Schlupf auszutauschen.<\/p>\n<p>(\u00fcbersetzt mit www.deepL.com)<\/p>\n","protected":false},"excerpt":{"rendered":"<p>Diese Verdampfungsbl\u00f6cke sind f\u00fcr den Brinsea Ovation 56 EX Inkubator geeignet. Hinweis: Der Hersteller empfiehlt, sie nach jedem zweiten Schlupf auszutauschen. (\u00fcbersetzt mit www.deepL.com)<\/p>\n","protected":false},"featured_media":45016,"template":"","meta":{"_acf_changed":false,"wds_primary_product_brand":0,"wds_primary_product_cat":0},"product_brand":[],"product_cat":[821],"product_tag":[],"class_list":{"0":"post-42752","1":"product","2":"type-product","3":"status-publish","4":"has-post-thumbnail","6":"product_cat-zubehoer-fuer-brinsea-inkubatoren","8":"first","9":"instock","10":"taxable","11":"shipping-taxable","12":"purchasable","13":"product-type-simple"},"acf":[],"_links":{"self":[{"href":"https:\/\/netpet.ch\/de\/wp-json\/wp\/v2\/product\/42752","targetHints":{"allow":["GET"]}}],"collection":[{"href":"https:\/\/netpet.ch\/de\/wp-json\/wp\/v2\/product"}],"about":[{"href":"https:\/\/netpet.ch\/de\/wp-json\/wp\/v2\/types\/product"}],"wp:featuredmedia":[{"embeddable":true,"href":"https:\/\/netpet.ch\/de\/wp-json\/wp\/v2\/media\/45016"}],"wp:attachment":[{"href":"https:\/\/netpet.ch\/de\/wp-json\/wp\/v2\/media?parent=42752"}],"wp:term":[{"taxonomy":"product_brand","embeddable":true,"href":"https:\/\/netpet.ch\/de\/wp-json\/wp\/v2\/product_brand?post=42752"},{"taxonomy":"product_cat","embeddable":true,"href":"https:\/\/netpet.ch\/de\/wp-json\/wp\/v2\/product_cat?post=42752"},{"taxonomy":"product_tag","embeddable":true,"href":"https:\/\/netpet.ch\/de\/wp-json\/wp\/v2\/product_tag?post=42752"}],"curies":[{"name":"wp","href":"https:\/\/api.w.org\/{rel}","templated":true}]}}