{"id":42753,"date":"2023-03-10T23:18:28","date_gmt":"2023-03-10T22:18:28","guid":{"rendered":"https:\/\/dev.netpet.ch\/produit\/brinsea-desinfectant-concentre-pour-couveuses-et-oeufs-100ml\/"},"modified":"2026-03-18T22:18:30","modified_gmt":"2026-03-18T21:18:30","slug":"brinsea-desinfectant-concentre-pour-couveuses-et-oeufs-100ml","status":"publish","type":"product","link":"https:\/\/netpet.ch\/de\/produit\/brinsea-desinfectant-concentre-pour-couveuses-et-oeufs-100ml\/","title":{"rendered":"Brinsea - Desinfektionsmittelkonzentrat f\u00fcr Brutger\u00e4te und Bruteier (100ml)"},"content":{"rendered":"<p>Das Desinfektionsmittel von Brinsea (vollst\u00e4ndig biologisch abbaubare halogenierte terti\u00e4re Amine) ist zur Anwendung bei der Sanierung von Eiern, Inkubatoren, Brutger\u00e4ten und Intensivstationen formuliert.<\/p>\n<p>Es ist in konzentrierter Form erh\u00e4ltlich und sowohl sicher als auch wirksam gegen Hefen, Pilze, Viren und Bakterien, die dem wachsenden Embryo t\u00f6dlichen Schaden zuf\u00fcgen k\u00f6nnen.<\/p>\n<p>100ml des Desinfektionsmittelkonzentrats ergeben 10 Liter L\u00f6sung.<\/p>\n<p>Tipps f\u00fcr die Anwendung :<br \/>\n- Auf die zuvor gereinigten Ger\u00e4te und Instrumente spr\u00fchen und trocknen lassen.<br \/>\n- Eier auf einer sauberen Unterlage bespr\u00fchen, bevor sie in den Inkubator gelegt werden; trocknen lassen.<\/p>\n<p>Nur zur \u00e4u\u00dferlichen Anwendung.<\/p>\n<p>(\u00fcbersetzt mit www.deepL.com)<\/p>\n","protected":false},"excerpt":{"rendered":"<p>Das Desinfektionsmittel von Brinsea (vollst\u00e4ndig biologisch abbaubare halogenierte terti\u00e4re Amine) ist zur Anwendung bei der Sanierung von Eiern, Inkubatoren, Brutger\u00e4ten und Intensivstationen formuliert. Es ist in konzentrierter Form erh\u00e4ltlich und sowohl sicher als auch wirksam gegen Hefen, Pilze, Viren und Bakterien, die dem wachsenden Embryo t\u00f6dlichen Schaden zuf\u00fcgen k\u00f6nnen. 100ml des Desinfektionsmittelkonzentrats ergeben 10 Liter [&hellip;]<\/p>\n","protected":false},"featured_media":44456,"template":"","meta":{"_acf_changed":false,"wds_primary_product_brand":0,"wds_primary_product_cat":0},"product_brand":[],"product_cat":[821,447],"product_tag":[],"class_list":{"0":"post-42753","1":"product","2":"type-product","3":"status-publish","4":"has-post-thumbnail","6":"product_cat-zubehoer-fuer-brinsea-inkubatoren","7":"product_cat-zubehoer-fuer-fiem-inkubatoren","9":"first","10":"outofstock","11":"taxable","12":"shipping-taxable","13":"purchasable","14":"product-type-simple"},"acf":[],"_links":{"self":[{"href":"https:\/\/netpet.ch\/de\/wp-json\/wp\/v2\/product\/42753","targetHints":{"allow":["GET"]}}],"collection":[{"href":"https:\/\/netpet.ch\/de\/wp-json\/wp\/v2\/product"}],"about":[{"href":"https:\/\/netpet.ch\/de\/wp-json\/wp\/v2\/types\/product"}],"wp:featuredmedia":[{"embeddable":true,"href":"https:\/\/netpet.ch\/de\/wp-json\/wp\/v2\/media\/44456"}],"wp:attachment":[{"href":"https:\/\/netpet.ch\/de\/wp-json\/wp\/v2\/media?parent=42753"}],"wp:term":[{"taxonomy":"product_brand","embeddable":true,"href":"https:\/\/netpet.ch\/de\/wp-json\/wp\/v2\/product_brand?post=42753"},{"taxonomy":"product_cat","embeddable":true,"href":"https:\/\/netpet.ch\/de\/wp-json\/wp\/v2\/product_cat?post=42753"},{"taxonomy":"product_tag","embeddable":true,"href":"https:\/\/netpet.ch\/de\/wp-json\/wp\/v2\/product_tag?post=42753"}],"curies":[{"name":"wp","href":"https:\/\/api.w.org\/{rel}","templated":true}]}}