{"id":42756,"date":"2023-03-10T23:18:11","date_gmt":"2023-03-10T22:18:11","guid":{"rendered":"https:\/\/dev.netpet.ch\/produit\/catgenie-dome\/"},"modified":"2023-03-12T18:30:06","modified_gmt":"2023-03-12T17:30:06","slug":"catgenie-dome","status":"publish","type":"product","link":"https:\/\/netpet.ch\/de\/produit\/catgenie-dome\/","title":{"rendered":"CatGenie - Haube"},"content":{"rendered":"<p>Die CatGenie-Kuppel, die perfekt in das CatGenie-Toilettenhaus passt, bietet Ihrer Katze Privatsph\u00e4re.<\/p>\n<p>Sie ist ideal, um Ger\u00fcche zu vermeiden, die zwischen zwei Reinigungszyklen entstehen k\u00f6nnen, und verhindert, dass das abwaschbare Granulat aus der Toilette auf den Boden geschleudert wird.<\/p>\n<p>Sie besteht aus vier abnehmbaren Elementen und verleiht dem CatGenie-Toilettenhaus ein modernes und elegantes Aussehen: zwei schneewei\u00dfe Elemente bilden die Haube und zwei weitere perlgraue Elemente die Seitenw\u00e4nde.<\/p>\n<p>Wenn Ihre Katze an absolute Privatsph\u00e4re gew\u00f6hnt ist, bildet eine durchsichtige T\u00fcr (Produktcode: cgi-cgdr) den letzten Schliff f\u00fcr Ihr CatGenie-Toilettenhaus.<\/p>\n<p>(\u00fcbersetzt mit www.deepL.com)<\/p>\n","protected":false},"excerpt":{"rendered":"<p>Die CatGenie-Kuppel, die perfekt in das CatGenie-Toilettenhaus passt, bietet Ihrer Katze Privatsph\u00e4re. Sie ist ideal, um Ger\u00fcche zu vermeiden, die zwischen zwei Reinigungszyklen entstehen k\u00f6nnen, und verhindert, dass das abwaschbare Granulat aus der Toilette auf den Boden geschleudert wird. Sie besteht aus vier abnehmbaren Elementen und verleiht dem CatGenie-Toilettenhaus ein modernes und elegantes Aussehen: zwei [&hellip;]<\/p>\n","protected":false},"featured_media":37736,"template":"","meta":{"_acf_changed":false,"wds_primary_product_brand":0,"wds_primary_product_cat":0},"product_brand":[],"product_cat":[462],"product_tag":[444],"class_list":{"0":"post-42756","1":"product","2":"type-product","3":"status-publish","4":"has-post-thumbnail","6":"product_cat-catgenie-und-katzenkisten","7":"product_tag-promo-de","9":"first","10":"instock","11":"sale","12":"taxable","13":"shipping-taxable","14":"purchasable","15":"product-type-simple"},"acf":[],"_links":{"self":[{"href":"https:\/\/netpet.ch\/de\/wp-json\/wp\/v2\/product\/42756","targetHints":{"allow":["GET"]}}],"collection":[{"href":"https:\/\/netpet.ch\/de\/wp-json\/wp\/v2\/product"}],"about":[{"href":"https:\/\/netpet.ch\/de\/wp-json\/wp\/v2\/types\/product"}],"wp:featuredmedia":[{"embeddable":true,"href":"https:\/\/netpet.ch\/de\/wp-json\/wp\/v2\/media\/37736"}],"wp:attachment":[{"href":"https:\/\/netpet.ch\/de\/wp-json\/wp\/v2\/media?parent=42756"}],"wp:term":[{"taxonomy":"product_brand","embeddable":true,"href":"https:\/\/netpet.ch\/de\/wp-json\/wp\/v2\/product_brand?post=42756"},{"taxonomy":"product_cat","embeddable":true,"href":"https:\/\/netpet.ch\/de\/wp-json\/wp\/v2\/product_cat?post=42756"},{"taxonomy":"product_tag","embeddable":true,"href":"https:\/\/netpet.ch\/de\/wp-json\/wp\/v2\/product_tag?post=42756"}],"curies":[{"name":"wp","href":"https:\/\/api.w.org\/{rel}","templated":true}]}}