{"id":42758,"date":"2023-03-10T23:17:58","date_gmt":"2023-03-10T22:17:58","guid":{"rendered":"https:\/\/dev.netpet.ch\/produit\/chickenguard-poulie-lot-de-2\/"},"modified":"2023-04-10T12:10:43","modified_gmt":"2023-04-10T10:10:43","slug":"chickenguard-poulie-lot-de-2","status":"publish","type":"product","link":"https:\/\/netpet.ch\/de\/produit\/chickenguard-poulie-lot-de-2\/","title":{"rendered":"ChickenGuard Riemenscheibe (2er-Pack)"},"content":{"rendered":"<p>Riemenscheibe aus Kunststoff, die eine ideale L\u00f6sung darstellt, wenn ein ChickenGuard anders als mittig \u00fcber der anzuhebenden T\u00fcr installiert werden muss.<\/p>\n<p>Wird in Packungen mit zwei Einheiten angeboten.<\/p>\n<p>(\u00fcbersetzt mit www.deepL.com)<\/p>\n","protected":false},"excerpt":{"rendered":"<p>Riemenscheibe aus Kunststoff, die eine ideale L\u00f6sung darstellt, wenn ein ChickenGuard anders als mittig \u00fcber der anzuhebenden T\u00fcr installiert werden muss. Wird in Packungen mit zwei Einheiten angeboten. (\u00fcbersetzt mit www.deepL.com)<\/p>\n","protected":false},"featured_media":37728,"template":"","meta":{"_acf_changed":false,"wds_primary_product_brand":0,"wds_primary_product_cat":0},"product_brand":[],"product_cat":[445],"product_tag":[],"class_list":{"0":"post-42758","1":"product","2":"type-product","3":"status-publish","4":"has-post-thumbnail","6":"product_cat-automatische-tueroeffner-fuer-huehnerstaelle","8":"first","9":"instock","10":"taxable","11":"shipping-taxable","12":"purchasable","13":"product-type-simple"},"acf":[],"_links":{"self":[{"href":"https:\/\/netpet.ch\/de\/wp-json\/wp\/v2\/product\/42758","targetHints":{"allow":["GET"]}}],"collection":[{"href":"https:\/\/netpet.ch\/de\/wp-json\/wp\/v2\/product"}],"about":[{"href":"https:\/\/netpet.ch\/de\/wp-json\/wp\/v2\/types\/product"}],"wp:featuredmedia":[{"embeddable":true,"href":"https:\/\/netpet.ch\/de\/wp-json\/wp\/v2\/media\/37728"}],"wp:attachment":[{"href":"https:\/\/netpet.ch\/de\/wp-json\/wp\/v2\/media?parent=42758"}],"wp:term":[{"taxonomy":"product_brand","embeddable":true,"href":"https:\/\/netpet.ch\/de\/wp-json\/wp\/v2\/product_brand?post=42758"},{"taxonomy":"product_cat","embeddable":true,"href":"https:\/\/netpet.ch\/de\/wp-json\/wp\/v2\/product_cat?post=42758"},{"taxonomy":"product_tag","embeddable":true,"href":"https:\/\/netpet.ch\/de\/wp-json\/wp\/v2\/product_tag?post=42758"}],"curies":[{"name":"wp","href":"https:\/\/api.w.org\/{rel}","templated":true}]}}