{"id":42759,"date":"2023-03-10T23:17:56","date_gmt":"2023-03-10T22:17:56","guid":{"rendered":"https:\/\/dev.netpet.ch\/produit\/chicken-lickin-grit-mixte-pour-volaille-1-5kg\/"},"modified":"2024-01-13T09:50:26","modified_gmt":"2024-01-13T08:50:26","slug":"chicken-lickin-grit-mixte-pour-volaille-1-5kg","status":"publish","type":"product","link":"https:\/\/netpet.ch\/de\/produit\/chicken-lickin-grit-mixte-pour-volaille-1-5kg\/","title":{"rendered":"Chicken Lickin' gemischter Grit f\u00fcr Gefl\u00fcgel - 1.5kg"},"content":{"rendered":"<p>Eine Mischung aus l\u00f6slichem Kies, der f\u00fcr starke und ansprechende Eierschalen sorgt, und nicht l\u00f6slichem Kies, den die H\u00fchner ben\u00f6tigen, um die Zerkleinerung des Futters zu unterst\u00fctzen und die Verdauung zu erleichtern.<\/p>\n<p>(\u00fcbersetzt mit www.deepL.com)<\/p>\n","protected":false},"excerpt":{"rendered":"<p>Eine Mischung aus l\u00f6slichem Kies, der f\u00fcr starke und ansprechende Eierschalen sorgt, und nicht l\u00f6slichem Kies, den die H\u00fchner ben\u00f6tigen, um die Zerkleinerung des Futters zu unterst\u00fctzen und die Verdauung zu erleichtern. (\u00fcbersetzt mit www.deepL.com)<\/p>\n","protected":false},"featured_media":47985,"template":"","meta":{"_acf_changed":false,"wds_primary_product_brand":0,"wds_primary_product_cat":0},"product_brand":[],"product_cat":[435],"product_tag":[],"class_list":{"0":"post-42759","1":"product","2":"type-product","3":"status-publish","4":"has-post-thumbnail","6":"product_cat-wohlbefinden-und-futter","8":"first","9":"instock","10":"taxable","11":"shipping-taxable","12":"purchasable","13":"product-type-simple"},"acf":[],"_links":{"self":[{"href":"https:\/\/netpet.ch\/de\/wp-json\/wp\/v2\/product\/42759","targetHints":{"allow":["GET"]}}],"collection":[{"href":"https:\/\/netpet.ch\/de\/wp-json\/wp\/v2\/product"}],"about":[{"href":"https:\/\/netpet.ch\/de\/wp-json\/wp\/v2\/types\/product"}],"wp:featuredmedia":[{"embeddable":true,"href":"https:\/\/netpet.ch\/de\/wp-json\/wp\/v2\/media\/47985"}],"wp:attachment":[{"href":"https:\/\/netpet.ch\/de\/wp-json\/wp\/v2\/media?parent=42759"}],"wp:term":[{"taxonomy":"product_brand","embeddable":true,"href":"https:\/\/netpet.ch\/de\/wp-json\/wp\/v2\/product_brand?post=42759"},{"taxonomy":"product_cat","embeddable":true,"href":"https:\/\/netpet.ch\/de\/wp-json\/wp\/v2\/product_cat?post=42759"},{"taxonomy":"product_tag","embeddable":true,"href":"https:\/\/netpet.ch\/de\/wp-json\/wp\/v2\/product_tag?post=42759"}],"curies":[{"name":"wp","href":"https:\/\/api.w.org\/{rel}","templated":true}]}}