{"id":42760,"date":"2023-03-10T23:17:54","date_gmt":"2023-03-10T22:17:54","guid":{"rendered":"https:\/\/dev.netpet.ch\/produit\/mangeoire-en-tole-galvanisee-avec-couvercle-incline-2-5kg\/"},"modified":"2026-02-15T20:54:09","modified_gmt":"2026-02-15T19:54:09","slug":"mangeoire-en-tole-galvanisee-avec-couvercle-incline-2-5kg","status":"publish","type":"product","link":"https:\/\/netpet.ch\/de\/produit\/mangeoire-en-tole-galvanisee-avec-couvercle-incline-2-5kg\/","title":{"rendered":"Verzinktes Futterautomat mit schr\u00e4gem Deckel, 2.5kg"},"content":{"rendered":"<p>Dieser H\u00fchnerfutterautomat ist aus verzinktem Blech gefertigt und eignet sich ideal f\u00fcr kompakte St\u00e4lle bis max. 5 Tiere.<\/p>\n<p>Das Produkt sollte gegen eine Wand gestellt werden. An der R\u00fcckseite befinden sich 2 Aufh\u00e4ngel\u00f6cher.<\/p>\n<p>Es ist f\u00fcr Futterb geeignet, kann aber auch f\u00fcr Grit verwendet werden.<\/p>\n<p>Der Deckel ist aufklappbar und kann zum Nachf\u00fcllen der Speisen leicht ge\u00f6ffnet werden. Der schr\u00e4ge Deckel verhindert, dass sich die Tiere darauf setzen k\u00f6nnen.<\/p>\n<p>Um Abfall zu vermeiden, ist der Futterautomat mit einem speziellen Gitter aus Kunststoff ausgestattet. Auf diese Weise k\u00f6nnen die Tiere nicht mit dem Futter spielen.<\/p>\n<p>Abmessungen: 16x15x25cm (LxBxH).<\/p>\n","protected":false},"excerpt":{"rendered":"<p>Dieser H\u00fchnerfutterautomat ist aus verzinktem Blech gefertigt und eignet sich ideal f\u00fcr kompakte St\u00e4lle bis max. 5 Tiere. Das Produkt sollte gegen eine Wand gestellt werden. An der R\u00fcckseite befinden sich 2 Aufh\u00e4ngel\u00f6cher. Es ist f\u00fcr Futterb geeignet, kann aber auch f\u00fcr Grit verwendet werden. Der Deckel ist aufklappbar und kann zum Nachf\u00fcllen der Speisen [&hellip;]<\/p>\n","protected":false},"featured_media":45039,"template":"","meta":{"_acf_changed":false,"wds_primary_product_brand":0,"wds_primary_product_cat":0},"product_brand":[],"product_cat":[452,435],"product_tag":[],"class_list":{"0":"post-42760","1":"product","2":"type-product","3":"status-publish","4":"has-post-thumbnail","6":"product_cat-futterautomaten","7":"product_cat-wohlbefinden-und-futter","9":"first","10":"instock","11":"taxable","12":"shipping-taxable","13":"purchasable","14":"product-type-simple"},"acf":[],"_links":{"self":[{"href":"https:\/\/netpet.ch\/de\/wp-json\/wp\/v2\/product\/42760","targetHints":{"allow":["GET"]}}],"collection":[{"href":"https:\/\/netpet.ch\/de\/wp-json\/wp\/v2\/product"}],"about":[{"href":"https:\/\/netpet.ch\/de\/wp-json\/wp\/v2\/types\/product"}],"wp:featuredmedia":[{"embeddable":true,"href":"https:\/\/netpet.ch\/de\/wp-json\/wp\/v2\/media\/45039"}],"wp:attachment":[{"href":"https:\/\/netpet.ch\/de\/wp-json\/wp\/v2\/media?parent=42760"}],"wp:term":[{"taxonomy":"product_brand","embeddable":true,"href":"https:\/\/netpet.ch\/de\/wp-json\/wp\/v2\/product_brand?post=42760"},{"taxonomy":"product_cat","embeddable":true,"href":"https:\/\/netpet.ch\/de\/wp-json\/wp\/v2\/product_cat?post=42760"},{"taxonomy":"product_tag","embeddable":true,"href":"https:\/\/netpet.ch\/de\/wp-json\/wp\/v2\/product_tag?post=42760"}],"curies":[{"name":"wp","href":"https:\/\/api.w.org\/{rel}","templated":true}]}}