{"id":42762,"date":"2023-03-10T23:17:45","date_gmt":"2023-03-10T22:17:45","guid":{"rendered":"https:\/\/dev.netpet.ch\/produit\/cat-mate-fontaine-animaliere-coquillage-blanc-bleu-3l\/"},"modified":"2023-12-03T11:03:54","modified_gmt":"2023-12-03T10:03:54","slug":"cat-mate-fontaine-animaliere-coquillage-blanc-bleu-3l","status":"publish","type":"product","link":"https:\/\/netpet.ch\/de\/produit\/cat-mate-fontaine-animaliere-coquillage-blanc-bleu-3l\/","title":{"rendered":"Cat Mate - Muschel-Trinkbrunnen f\u00fcr Haustiere, weiss\/blau, 3L"},"content":{"rendered":"<p>Die Gesundheit und Vitalit\u00e4t unserer vierbeinigen Freunde h\u00e4ngt unter anderem davon ab, dass sie genug Wasser trinken.<\/p>\n<p>Der Cat Mate Muschel-Trinkbrunnen f\u00fcr Haustiere mit einem Fassungsverm\u00f6gen von 3L wurde sorgf\u00e4ltig entworfen, um die Attraktivit\u00e4t des Wassers zu maximieren: das muschelf\u00f6rmige Accessoire bietet 2 Trinkh\u00f6hen und erzeugt einen kleinen Wasserfall, der die Wahl zwischen fliessendem und ruhigem Wasser bietet. Au\u00dferdem sorgt die st\u00e4ndige Zirkulation des Wassers daf\u00fcr, dass es den ganzen Tag \u00fcber frisch und nat\u00fcrlich mit Sauerstoff angereichert bleibt.<\/p>\n<p><strong>Hauptmerkmale des Muschel-Trinkbrunnens von Cat Mate:<\/strong><br \/>\n\u2022 kompaktes und unauff\u00e4lliges Modell, ideal f\u00fcr Katzen und kleine Hunde<br \/>\n\u2022 Fassungsverm\u00f6gen von 3L<br \/>\n\u2022 2 Trinkh\u00f6hen, so dass es f\u00fcr alle passt<br \/>\n\u2022 Muschelf\u00f6rmiges Zubeh\u00f6r, das einen kleinen Wasserfall aus fliessendem Wasser erzeugt<br \/>\n\u2022 konstante Wasserzirkulation<br \/>\n\u2022 isolierte, ger\u00e4uscharme Pumpe<br \/>\n\u2022 3-stufige Filterung f\u00fcr sauberes Wasser: Vorfilter f\u00fcr groben Schmutz und Haare, Ionenaustauscherharz gegen sch\u00e4dliche Ablagerungen, Aktivkohle gegen Chlor und schlechte Ger\u00fcche (monatlicher Filterwechsel empfohlen)<br \/>\n\u2022 vollst\u00e4ndig zerlegbar; leicht zu reinigende und sp\u00fclmaschinenfeste Kunststoffteile<br \/>\n\u2022 geringer Stromverbrauch von 2 Watt; 3m langes Kabel<br \/>\n\u2022 Gesamtabmessungen: 19x19x18cm (LxBxH)<br \/>\n\u2022 3 Jahre Herstellergarantie auf den Brunnen und 12 Monate Herstellergarantie auf die Pumpe, vorbehaltlich einer Online-Registrierung beim Kauf.<\/p>\n<p>(\u00fcbersetzt mit www.deepL.com)<\/p>\n","protected":false},"excerpt":{"rendered":"<p>Die Gesundheit und Vitalit\u00e4t unserer vierbeinigen Freunde h\u00e4ngt unter anderem davon ab, dass sie genug Wasser trinken. Der Cat Mate Muschel-Trinkbrunnen f\u00fcr Haustiere mit einem Fassungsverm\u00f6gen von 3L wurde sorgf\u00e4ltig entworfen, um die Attraktivit\u00e4t des Wassers zu maximieren: das muschelf\u00f6rmige Accessoire bietet 2 Trinkh\u00f6hen und erzeugt einen kleinen Wasserfall, der die Wahl zwischen fliessendem und [&hellip;]<\/p>\n","protected":false},"featured_media":37712,"template":"","meta":{"_acf_changed":false,"wds_primary_product_brand":0,"wds_primary_product_cat":0},"product_brand":[],"product_cat":[479,520],"product_tag":[444],"class_list":{"0":"post-42762","1":"product","2":"type-product","3":"status-publish","4":"has-post-thumbnail","6":"product_cat-cat-mate-de-2","7":"product_cat-trinkbrunnen-hunde","8":"product_tag-promo-de","10":"first","11":"instock","12":"sale","13":"taxable","14":"shipping-taxable","15":"purchasable","16":"product-type-simple"},"acf":[],"_links":{"self":[{"href":"https:\/\/netpet.ch\/de\/wp-json\/wp\/v2\/product\/42762","targetHints":{"allow":["GET"]}}],"collection":[{"href":"https:\/\/netpet.ch\/de\/wp-json\/wp\/v2\/product"}],"about":[{"href":"https:\/\/netpet.ch\/de\/wp-json\/wp\/v2\/types\/product"}],"wp:featuredmedia":[{"embeddable":true,"href":"https:\/\/netpet.ch\/de\/wp-json\/wp\/v2\/media\/37712"}],"wp:attachment":[{"href":"https:\/\/netpet.ch\/de\/wp-json\/wp\/v2\/media?parent=42762"}],"wp:term":[{"taxonomy":"product_brand","embeddable":true,"href":"https:\/\/netpet.ch\/de\/wp-json\/wp\/v2\/product_brand?post=42762"},{"taxonomy":"product_cat","embeddable":true,"href":"https:\/\/netpet.ch\/de\/wp-json\/wp\/v2\/product_cat?post=42762"},{"taxonomy":"product_tag","embeddable":true,"href":"https:\/\/netpet.ch\/de\/wp-json\/wp\/v2\/product_tag?post=42762"}],"curies":[{"name":"wp","href":"https:\/\/api.w.org\/{rel}","templated":true}]}}