{"id":42765,"date":"2023-03-10T23:17:40","date_gmt":"2023-03-10T22:17:40","guid":{"rendered":"https:\/\/dev.netpet.ch\/produit\/mangeoire-lineaire-galvanisee-pour-poussins-30cm\/"},"modified":"2026-04-15T10:14:06","modified_gmt":"2026-04-15T08:14:06","slug":"mangeoire-lineaire-galvanisee-pour-poussins-30cm","status":"publish","type":"product","link":"https:\/\/netpet.ch\/de\/produit\/mangeoire-lineaire-galvanisee-pour-poussins-30cm\/","title":{"rendered":"Verzinkter linearer Futtertrog f\u00fcr K\u00fcken, 30cm"},"content":{"rendered":"<p>Dieser verzinkte Futtertrog mit einer L\u00e4nge von 30cm verf\u00fcgt \u00fcber ein aufklappbares Fressgitter. Er ist ideal f\u00fcr die F\u00fctterung von K\u00fcken.<\/p>\n","protected":false},"excerpt":{"rendered":"<p>Dieser verzinkte Futtertrog mit einer L\u00e4nge von 30cm verf\u00fcgt \u00fcber ein aufklappbares Fressgitter. Er ist ideal f\u00fcr die F\u00fctterung von K\u00fcken.<\/p>\n","protected":false},"featured_media":38157,"template":"","meta":{"_acf_changed":false,"wds_primary_product_brand":0,"wds_primary_product_cat":0},"product_brand":[],"product_cat":[457,452],"product_tag":[],"class_list":{"0":"post-42765","1":"product","2":"type-product","3":"status-publish","4":"has-post-thumbnail","6":"product_cat-fur-kuken-und-wachteln","7":"product_cat-futterautomaten","9":"first","10":"instock","11":"taxable","12":"shipping-taxable","13":"purchasable","14":"product-type-simple"},"acf":[],"_links":{"self":[{"href":"https:\/\/netpet.ch\/de\/wp-json\/wp\/v2\/product\/42765","targetHints":{"allow":["GET"]}}],"collection":[{"href":"https:\/\/netpet.ch\/de\/wp-json\/wp\/v2\/product"}],"about":[{"href":"https:\/\/netpet.ch\/de\/wp-json\/wp\/v2\/types\/product"}],"wp:featuredmedia":[{"embeddable":true,"href":"https:\/\/netpet.ch\/de\/wp-json\/wp\/v2\/media\/38157"}],"wp:attachment":[{"href":"https:\/\/netpet.ch\/de\/wp-json\/wp\/v2\/media?parent=42765"}],"wp:term":[{"taxonomy":"product_brand","embeddable":true,"href":"https:\/\/netpet.ch\/de\/wp-json\/wp\/v2\/product_brand?post=42765"},{"taxonomy":"product_cat","embeddable":true,"href":"https:\/\/netpet.ch\/de\/wp-json\/wp\/v2\/product_cat?post=42765"},{"taxonomy":"product_tag","embeddable":true,"href":"https:\/\/netpet.ch\/de\/wp-json\/wp\/v2\/product_tag?post=42765"}],"curies":[{"name":"wp","href":"https:\/\/api.w.org\/{rel}","templated":true}]}}