{"id":42768,"date":"2023-03-10T23:17:30","date_gmt":"2023-03-10T22:17:30","guid":{"rendered":"https:\/\/dev.netpet.ch\/produit\/redtop-piege-a-mouches-1-piege\/"},"modified":"2024-01-19T22:25:02","modified_gmt":"2024-01-19T21:25:02","slug":"redtop-piege-a-mouches-1-piege","status":"publish","type":"product","link":"https:\/\/netpet.ch\/de\/produit\/redtop-piege-a-mouches-1-piege\/","title":{"rendered":"Redtop - Fliegenfalle (1 Falle)"},"content":{"rendered":"<p>Die Redtop-Fliegenfalle ist sehr effektiv bei der Reduzierung der Fliegenzahl an jedem Ort, der von Fliegen befallen ist. Sie ist kosteng\u00fcnstig, ungiftig und umweltfreundlich.<\/p>\n<p>Nach dem Aufstellen wird die Falle innerhalb weniger Tage durch Licht und W\u00e4rme aktiviert und kann je nach Befallsrate bis zu 12 Wochen lang funktionieren.<\/p>\n<p>Jede Falle kann bis zu 20.000 Fliegen fangen. Sie ist besonders attraktiv f\u00fcr weibliche Fliegen und reduziert den Reproduktionszyklus; sie lockt keine Bienen oder andere Insekten an.<\/p>\n<p>Die Redtop-Fliegenfalle l\u00e4sst sich in drei einfachen Schritten aufstellen:<\/p>\n<p>\u2022 den mitgelieferten K\u00f6der in den Fangbeutel geben<br \/>\n\u2022 1 Liter Wasser in den Beutel geben<br \/>\n\u2022 die Falle im Freien an einem ausreichend sonnigen und geeigneten Ort aufh\u00e4ngen:<br \/>\n- mindestens 15 Meter von dem zu sch\u00fctzenden Gebiet entfernt<br \/>\n- mindestens 5 Meter von den Brutst\u00e4tten der Fliegen entfernt, d. h. von Misthaufen, Komposthaufen, H\u00fchnerst\u00e4llen usw.<br \/>\n- auf Kopfh\u00f6he oder h\u00f6her<br \/>\n- in voller Sonne bei gem\u00e4\u00dfigtem Klima, im Halbschatten bei sehr hei\u00dfem Klima.<\/p>\n<p>Sobald die Redtop-Fliegenfalle mit Fliegen gef\u00fcllt ist, muss sie durch ein Neues ersetzt werden. Sie kann auf dem Kompost ausgeleert oder als M\u00fcll entsorgt werden.<\/p>\n<p>(\u00fcbersetzt mit www.deepL.com)<\/p>\n","protected":false},"excerpt":{"rendered":"<p>Die Redtop-Fliegenfalle ist sehr effektiv bei der Reduzierung der Fliegenzahl an jedem Ort, der von Fliegen befallen ist. Sie ist kosteng\u00fcnstig, ungiftig und umweltfreundlich. Nach dem Aufstellen wird die Falle innerhalb weniger Tage durch Licht und W\u00e4rme aktiviert und kann je nach Befallsrate bis zu 12 Wochen lang funktionieren. Jede Falle kann bis zu 20.000 [&hellip;]<\/p>\n","protected":false},"featured_media":38235,"template":"","meta":{"_acf_changed":false,"wds_primary_product_brand":0,"wds_primary_product_cat":0},"product_brand":[],"product_cat":[524],"product_tag":[],"class_list":{"0":"post-42768","1":"product","2":"type-product","3":"status-publish","4":"has-post-thumbnail","6":"product_cat-insektenfallen","8":"first","9":"instock","10":"taxable","11":"shipping-taxable","12":"purchasable","13":"product-type-simple"},"acf":[],"_links":{"self":[{"href":"https:\/\/netpet.ch\/de\/wp-json\/wp\/v2\/product\/42768","targetHints":{"allow":["GET"]}}],"collection":[{"href":"https:\/\/netpet.ch\/de\/wp-json\/wp\/v2\/product"}],"about":[{"href":"https:\/\/netpet.ch\/de\/wp-json\/wp\/v2\/types\/product"}],"wp:featuredmedia":[{"embeddable":true,"href":"https:\/\/netpet.ch\/de\/wp-json\/wp\/v2\/media\/38235"}],"wp:attachment":[{"href":"https:\/\/netpet.ch\/de\/wp-json\/wp\/v2\/media?parent=42768"}],"wp:term":[{"taxonomy":"product_brand","embeddable":true,"href":"https:\/\/netpet.ch\/de\/wp-json\/wp\/v2\/product_brand?post=42768"},{"taxonomy":"product_cat","embeddable":true,"href":"https:\/\/netpet.ch\/de\/wp-json\/wp\/v2\/product_cat?post=42768"},{"taxonomy":"product_tag","embeddable":true,"href":"https:\/\/netpet.ch\/de\/wp-json\/wp\/v2\/product_tag?post=42768"}],"curies":[{"name":"wp","href":"https:\/\/api.w.org\/{rel}","templated":true}]}}