{"id":42770,"date":"2023-03-10T23:17:24","date_gmt":"2023-03-10T22:17:24","guid":{"rendered":"https:\/\/dev.netpet.ch\/produit\/set-brinsea-maxi-ii-eco-kit-de-retournement-semi-automatique\/"},"modified":"2025-03-25T14:13:30","modified_gmt":"2025-03-25T13:13:30","slug":"set-brinsea-maxi-ii-eco-kit-de-retournement-semi-automatique","status":"publish","type":"product","link":"https:\/\/netpet.ch\/de\/produit\/set-brinsea-maxi-ii-eco-kit-de-retournement-semi-automatique\/","title":{"rendered":"SET : Brinsea - Maxi II Eco + Semi-automatisches Wende-Kit"},"content":{"rendered":"<p><strong>BRINSEA MAXI II ECO BRUTGER\u00c4T<\/strong><\/p>\n<p>Das Brinsea Maxi II Eco Brutger\u00e4t mit manuellem Wenden der Eier - mindestens zweimal t\u00e4glich w\u00e4hrend der Inkubation - bietet eine hohe Eierkapazit\u00e4t zu einem niedrigen Preis. Sie ist die ideale Brutmaschine f\u00fcr den Hobbyz\u00fcchter oder kann als Schlupfbr\u00fcter verwendet werden, wenn Sie bereits eine automatische Brutmaschine besitzen.<\/p>\n<p>Das Brutger\u00e4t kombiniert einfache Bedienung mit der Technologie und dem Design der anderen Maxi-Brutapparate.<\/p>\n<p><strong>Hauptmerkmale :<\/strong><br \/>\n\u2022 Gro\u00dfes, durchsichtiges Sichtfenster, so dass Eier und K\u00fcken beobachtet werden k\u00f6nnen<br \/>\n\u2022 Biomaster\u2122 antimikrobielle Kunststoffe<br \/>\n\u2022 Externes Auff\u00fcllen des Wassertanks<br \/>\n\u2022 Optimierter Warmluftstrom durch Bel\u00fcftung<br \/>\n\u2022 Analoges Thermometer<\/p>\n<p><strong>Maximale Eierkapazit\u00e4t (ungef\u00e4hr) :<\/strong><br \/>\n\u2022 H\u00fchner - 30<br \/>\n\u2022 Wachteln - 90<br \/>\n\u2022 Enten - 20<br \/>\n\u2022 Fasane - 54<\/p>\n<p><strong>SEMI-AUTOMATISCHES WENDE-KIT<\/strong><\/p>\n<p>Mit dem semi-automatischen Wende-Kit k\u00f6nnen Sie die in den Brinsea Maxi II Eco Inkubator gelegten Eier mit einer einfachen Drehung des R\u00e4dchens wenden, anstatt sie einzeln von Hand wenden zu m\u00fcssen.<\/p>\n<p>Das Kit beinhaltet :<br \/>\n\u2022 1 Drehmechanismus<br \/>\n\u2022 1 Standardschale f\u00fcr bis zu 14 Eier von H\u00fchnern\/Enten\/Zwergh\u00fchnern<br \/>\n\u2022 1 Schale in kleiner Gr\u00f6\u00dfe f\u00fcr bis zu 40 Wachtel- oder Fasaneneier<br \/>\n\u2022 1 Gebrauchsanweisung.<\/p>\n<p>(\u00fcbersetzt mit www.deepL.com)<\/p>\n","protected":false},"excerpt":{"rendered":"<p><span style=\"color: #339966\">KOSTENLOSER VERSAND<\/span><\/p>\n","protected":false},"featured_media":44512,"template":"","meta":{"_acf_changed":false,"wds_primary_product_brand":0,"wds_primary_product_cat":0},"product_brand":[],"product_cat":[448],"product_tag":[],"class_list":{"0":"post-42770","1":"product","2":"type-product","3":"status-publish","4":"has-post-thumbnail","6":"product_cat-couveuses-brinsea-de","8":"first","9":"instock","10":"sale","11":"taxable","12":"shipping-taxable","13":"purchasable","14":"product-type-simple"},"acf":[],"_links":{"self":[{"href":"https:\/\/netpet.ch\/de\/wp-json\/wp\/v2\/product\/42770","targetHints":{"allow":["GET"]}}],"collection":[{"href":"https:\/\/netpet.ch\/de\/wp-json\/wp\/v2\/product"}],"about":[{"href":"https:\/\/netpet.ch\/de\/wp-json\/wp\/v2\/types\/product"}],"wp:featuredmedia":[{"embeddable":true,"href":"https:\/\/netpet.ch\/de\/wp-json\/wp\/v2\/media\/44512"}],"wp:attachment":[{"href":"https:\/\/netpet.ch\/de\/wp-json\/wp\/v2\/media?parent=42770"}],"wp:term":[{"taxonomy":"product_brand","embeddable":true,"href":"https:\/\/netpet.ch\/de\/wp-json\/wp\/v2\/product_brand?post=42770"},{"taxonomy":"product_cat","embeddable":true,"href":"https:\/\/netpet.ch\/de\/wp-json\/wp\/v2\/product_cat?post=42770"},{"taxonomy":"product_tag","embeddable":true,"href":"https:\/\/netpet.ch\/de\/wp-json\/wp\/v2\/product_tag?post=42770"}],"curies":[{"name":"wp","href":"https:\/\/api.w.org\/{rel}","templated":true}]}}