{"id":42773,"date":"2023-03-10T23:17:18","date_gmt":"2023-03-10T22:17:18","guid":{"rendered":"https:\/\/dev.netpet.ch\/produit\/abreuvoir-galvanise-sur-pieds-25l\/"},"modified":"2024-01-03T09:44:59","modified_gmt":"2024-01-03T08:44:59","slug":"abreuvoir-galvanise-sur-pieds-25l","status":"publish","type":"product","link":"https:\/\/netpet.ch\/de\/produit\/abreuvoir-galvanise-sur-pieds-25l\/","title":{"rendered":"Verzinkte Siphontr\u00e4nke, 25L"},"content":{"rendered":"<p>Diese Siphontr\u00e4nke ist ideal f\u00fcr gr\u00f6\u00dfere Gruppen von H\u00fchnern, Enten, Fasanen oder Pfauen. Sie ist von allen Seiten zug\u00e4nglich, so dass mehrere Tiere gleichzeitig trinken k\u00f6nnen.<\/p>\n<p>Der verzinkte Stahl und die hochwertigen Kunststoffteile sorgen f\u00fcr einen festen Stand und eine lange Lebensdauer der Tr\u00e4nke.<\/p>\n<p>Dank ihres Fassungsverm\u00f6gens von 25L kann das Gefl\u00fcgel \u00fcber einen langen Zeitraum hinweg sauberes Wasser trinken.<\/p>\n<p>(\u00fcbersetzt mit www.deepL.com)<\/p>\n","protected":false},"excerpt":{"rendered":"<p>Diese Siphontr\u00e4nke ist ideal f\u00fcr gr\u00f6\u00dfere Gruppen von H\u00fchnern, Enten, Fasanen oder Pfauen. Sie ist von allen Seiten zug\u00e4nglich, so dass mehrere Tiere gleichzeitig trinken k\u00f6nnen. Der verzinkte Stahl und die hochwertigen Kunststoffteile sorgen f\u00fcr einen festen Stand und eine lange Lebensdauer der Tr\u00e4nke. Dank ihres Fassungsverm\u00f6gens von 25L kann das Gefl\u00fcgel \u00fcber einen langen [&hellip;]<\/p>\n","protected":false},"featured_media":46502,"template":"","meta":{"_acf_changed":false,"wds_primary_product_brand":0,"wds_primary_product_cat":0},"product_brand":[],"product_cat":[433],"product_tag":[],"class_list":{"0":"post-42773","1":"product","2":"type-product","3":"status-publish","4":"has-post-thumbnail","6":"product_cat-tranken","8":"first","9":"instock","10":"taxable","11":"shipping-taxable","12":"purchasable","13":"product-type-simple"},"acf":[],"_links":{"self":[{"href":"https:\/\/netpet.ch\/de\/wp-json\/wp\/v2\/product\/42773","targetHints":{"allow":["GET"]}}],"collection":[{"href":"https:\/\/netpet.ch\/de\/wp-json\/wp\/v2\/product"}],"about":[{"href":"https:\/\/netpet.ch\/de\/wp-json\/wp\/v2\/types\/product"}],"wp:featuredmedia":[{"embeddable":true,"href":"https:\/\/netpet.ch\/de\/wp-json\/wp\/v2\/media\/46502"}],"wp:attachment":[{"href":"https:\/\/netpet.ch\/de\/wp-json\/wp\/v2\/media?parent=42773"}],"wp:term":[{"taxonomy":"product_brand","embeddable":true,"href":"https:\/\/netpet.ch\/de\/wp-json\/wp\/v2\/product_brand?post=42773"},{"taxonomy":"product_cat","embeddable":true,"href":"https:\/\/netpet.ch\/de\/wp-json\/wp\/v2\/product_cat?post=42773"},{"taxonomy":"product_tag","embeddable":true,"href":"https:\/\/netpet.ch\/de\/wp-json\/wp\/v2\/product_tag?post=42773"}],"curies":[{"name":"wp","href":"https:\/\/api.w.org\/{rel}","templated":true}]}}