{"id":42774,"date":"2023-03-10T23:17:16","date_gmt":"2023-03-10T22:17:16","guid":{"rendered":"https:\/\/dev.netpet.ch\/produit\/brinsea-plateau-petits-oeufs-pour-couveuse-maxi-ii-advance-et-ex-40-oeufs\/"},"modified":"2025-10-02T19:43:49","modified_gmt":"2025-10-02T17:43:49","slug":"brinsea-plateau-petits-oeufs-pour-couveuse-maxi-ii-advance-et-ex-40-oeufs","status":"publish","type":"product","link":"https:\/\/netpet.ch\/de\/produit\/brinsea-plateau-petits-oeufs-pour-couveuse-maxi-ii-advance-et-ex-40-oeufs\/","title":{"rendered":"Brinsea - Einsatz f\u00fcr kleine Eier f\u00fcr Maxi II Advance und EX Brutger\u00e4te (40 Eier)"},"content":{"rendered":"<p>Der Brinsea Einsatz f\u00fcr kleine Eier verwandelt die 14-Eier-Brutapparate Maxi II Advance und EX in Brutapparate f\u00fcr 40 Eier von Wachteln oder anderen kleinen V\u00f6geln. Dieser einfach zu installierende Einsatz sorgt\u00a0f\u00fcr eine behutsame und ideale Wendung der Eier w\u00e4hrend der Brutphase.<\/p>\n<p>(\u00fcbersetzt mit www.deepL.com)<\/p>\n","protected":false},"excerpt":{"rendered":"<p>Der Brinsea Einsatz f\u00fcr kleine Eier verwandelt die 14-Eier-Brutapparate Maxi II Advance und EX in Brutapparate f\u00fcr 40 Eier von Wachteln oder anderen kleinen V\u00f6geln. Dieser einfach zu installierende Einsatz sorgt\u00a0f\u00fcr eine behutsame und ideale Wendung der Eier w\u00e4hrend der Brutphase. (\u00fcbersetzt mit www.deepL.com)<\/p>\n","protected":false},"featured_media":46633,"template":"","meta":{"_acf_changed":false,"wds_primary_product_brand":0,"wds_primary_product_cat":0},"product_brand":[],"product_cat":[821],"product_tag":[],"class_list":{"0":"post-42774","1":"product","2":"type-product","3":"status-publish","4":"has-post-thumbnail","6":"product_cat-zubehoer-fuer-brinsea-inkubatoren","8":"first","9":"instock","10":"taxable","11":"shipping-taxable","12":"purchasable","13":"product-type-simple"},"acf":[],"_links":{"self":[{"href":"https:\/\/netpet.ch\/de\/wp-json\/wp\/v2\/product\/42774","targetHints":{"allow":["GET"]}}],"collection":[{"href":"https:\/\/netpet.ch\/de\/wp-json\/wp\/v2\/product"}],"about":[{"href":"https:\/\/netpet.ch\/de\/wp-json\/wp\/v2\/types\/product"}],"wp:featuredmedia":[{"embeddable":true,"href":"https:\/\/netpet.ch\/de\/wp-json\/wp\/v2\/media\/46633"}],"wp:attachment":[{"href":"https:\/\/netpet.ch\/de\/wp-json\/wp\/v2\/media?parent=42774"}],"wp:term":[{"taxonomy":"product_brand","embeddable":true,"href":"https:\/\/netpet.ch\/de\/wp-json\/wp\/v2\/product_brand?post=42774"},{"taxonomy":"product_cat","embeddable":true,"href":"https:\/\/netpet.ch\/de\/wp-json\/wp\/v2\/product_cat?post=42774"},{"taxonomy":"product_tag","embeddable":true,"href":"https:\/\/netpet.ch\/de\/wp-json\/wp\/v2\/product_tag?post=42774"}],"curies":[{"name":"wp","href":"https:\/\/api.w.org\/{rel}","templated":true}]}}