{"id":42778,"date":"2023-03-10T23:17:03","date_gmt":"2023-03-10T22:17:03","guid":{"rendered":"https:\/\/dev.netpet.ch\/produit\/brinsea-mire-oeuf-ovaview-et-ovascope-en-set\/"},"modified":"2026-02-23T10:15:24","modified_gmt":"2026-02-23T09:15:24","slug":"brinsea-mire-oeuf-ovaview-et-ovascope-en-set","status":"publish","type":"product","link":"https:\/\/netpet.ch\/de\/produit\/brinsea-mire-oeuf-ovaview-et-ovascope-en-set\/","title":{"rendered":"Brinsea - Schierlampe OvaView und OvaScope, im Set"},"content":{"rendered":"<p><strong>Schierlampe OvaView von Brinsea<\/strong><\/p>\n<p>Eine Schierlampe zum Durchleuchten der Bruteier geh\u00f6rt zu jeder Inkubation dazu. Sie erm\u00f6glicht es, unbefruchtete Eier zu erkennen und die Entwicklung der Embryonen zu \u00fcberwachen. Das Entfernen unbefruchteter Eier aus dem Brutapparat ist wichtig, um zu verhindern, dass sie den anderen Eiern schaden.<\/p>\n<p>Die OvaView Durchleuchtlampe ist eine effiziente LED-Lampe, die mit Batterien betrieben wird. Sie ist ideal f\u00fcr die Untersuchung von Eiern mit heller, einfarbiger Schale und hat den Vorteil, dass die Eier beim Spiegeln nicht \u00fcberhitzt werden.<\/p>\n<p>Die OvaView ist sowohl f\u00fcr das Halten in der Hand als auch f\u00fcr das Abstellen auf der Arbeitsfl\u00e4che geeignet.<\/p>\n<p>Zus\u00e4tzlich ist die Schierlampe OvaView von Brinsea durch den antimikrobiellen Biomaster\u2122-Zusatz* gesch\u00fctzt.<\/p>\n<p>3 Jahre Herstellergarantie, vorbehaltlich einer Online-Registrierung beim Kauf auf <span style=\"color: #ffc50b\"><a style=\"color: #ffc50b\" href=\"http:\/\/www.brinsea.co.uk\" target=\"_blank\" rel=\"noopener\">brinsea.co.uk<\/a><\/span>.<\/p>\n<p><em>*nachweislich reduziert der antimikrobielle Biomaster\u2122-Zusatz das Bakterienwachstum um bis zu 99.99% und ist 100% sicher f\u00fcr Eier, K\u00fcken und Menschen.<\/em><\/p>\n<hr \/>\n<p><strong>OvaScope von Brinsea, Zubeh\u00f6r f\u00fcr Schierlampe OvaView<\/strong><\/p>\n<p>Das OvaScope von Brinsea ist ein sehr effektives Zubeh\u00f6r f\u00fcr die Verwendung mit der Schierlampe OvaView. Es erleichtert die Untersuchung von Eiern und ist ideal f\u00fcr Pr\u00e4sentationen oder Animationen.<\/p>\n<p>Das OvaScope ist eine echte Dunkelkammer und wird auf das OvaView aufgesetzt; das zu betrachtende Ei wird dann in das OvaScope gelegt, bevor der Deckel des OvaScopes wieder aufgesetzt wird.<\/p>\n<p>Das OvaScope blendet das gesamte Umgebungslicht aus und vergr\u00f6\u00dfert das Ei leicht, wodurch das beleuchtete Ei viel besser zu sehen ist. Das Ei kann von der Au\u00dfenseite des OvaScopes aus gedreht werden, sodass das Ei aus verschiedenen Winkeln betrachtet werden kann.<\/p>\n<p>Es ist auch m\u00f6glich, eine kleine Kamera oder Webcam (nicht im Lieferumfang enthalten) mit einem Gummiband am Okulartubus zu befestigen, um Bilder des Eies und des Embryos unter dem Scoping zu machen (die Kamera oder Webcam muss den Fokus einstellen k\u00f6nnen, um ein gutes Bild des Embryos zu erhalten; weitere Informationen finden Sie in der Bedienungsanleitung).<\/p>\n<p>3 Jahre Herstellergarantie, vorbehaltlich einer Online-Registrierung beim Kauf auf <span style=\"color: #ffc50b\"><a style=\"color: #ffc50b\" href=\"http:\/\/www.brinsea.co.uk\" target=\"_blank\" rel=\"noopener\">brinsea.co.uk<\/a><\/span>.<\/p>\n<p>(\u00fcbersetzt mit www.deepL.com)<br \/>\n<img loading=\"lazy\" decoding=\"async\" class=\"alignnone size-medium wp-image-48246\" src=\"https:\/\/netpet.ch\/wp-content\/uploads\/2023\/03\/bs-biomaster-2024-300x300.jpg\" alt=\"\" width=\"300\" height=\"300\" srcset=\"https:\/\/netpet.ch\/wp-content\/uploads\/2023\/03\/bs-biomaster-2024-300x300.jpg 300w, https:\/\/netpet.ch\/wp-content\/uploads\/2023\/03\/bs-biomaster-2024-1024x1024.jpg 1024w, https:\/\/netpet.ch\/wp-content\/uploads\/2023\/03\/bs-biomaster-2024-150x150.jpg 150w, https:\/\/netpet.ch\/wp-content\/uploads\/2023\/03\/bs-biomaster-2024-768x768.jpg 768w, https:\/\/netpet.ch\/wp-content\/uploads\/2023\/03\/bs-biomaster-2024-1536x1536.jpg 1536w, https:\/\/netpet.ch\/wp-content\/uploads\/2023\/03\/bs-biomaster-2024-2048x2048.jpg 2048w, https:\/\/netpet.ch\/wp-content\/uploads\/2023\/03\/bs-biomaster-2024-600x600.jpg 600w, https:\/\/netpet.ch\/wp-content\/uploads\/2023\/03\/bs-biomaster-2024-100x100.jpg 100w, https:\/\/netpet.ch\/wp-content\/uploads\/2023\/03\/bs-biomaster-2024.jpg 2362w\" sizes=\"auto, (max-width: 300px) 100vw, 300px\" \/><img loading=\"lazy\" decoding=\"async\" class=\"alignnone size-medium wp-image-48244\" src=\"https:\/\/netpet.ch\/wp-content\/uploads\/2023\/03\/bs-3yearguarantee-2024-300x300.jpg\" alt=\"\" width=\"300\" height=\"300\" srcset=\"https:\/\/netpet.ch\/wp-content\/uploads\/2023\/03\/bs-3yearguarantee-2024-300x300.jpg 300w, https:\/\/netpet.ch\/wp-content\/uploads\/2023\/03\/bs-3yearguarantee-2024-1024x1024.jpg 1024w, https:\/\/netpet.ch\/wp-content\/uploads\/2023\/03\/bs-3yearguarantee-2024-150x150.jpg 150w, https:\/\/netpet.ch\/wp-content\/uploads\/2023\/03\/bs-3yearguarantee-2024-768x768.jpg 768w, https:\/\/netpet.ch\/wp-content\/uploads\/2023\/03\/bs-3yearguarantee-2024-1536x1536.jpg 1536w, https:\/\/netpet.ch\/wp-content\/uploads\/2023\/03\/bs-3yearguarantee-2024-2048x2048.jpg 2048w, https:\/\/netpet.ch\/wp-content\/uploads\/2023\/03\/bs-3yearguarantee-2024-600x600.jpg 600w, https:\/\/netpet.ch\/wp-content\/uploads\/2023\/03\/bs-3yearguarantee-2024-100x100.jpg 100w, https:\/\/netpet.ch\/wp-content\/uploads\/2023\/03\/bs-3yearguarantee-2024.jpg 2362w\" sizes=\"auto, (max-width: 300px) 100vw, 300px\" \/><\/p>\n","protected":false},"excerpt":{"rendered":"<p>&nbsp;<\/p>\n<p><img loading=\"lazy\" decoding=\"async\" class=\"size-medium wp-image-48250 alignleft\" src=\"https:\/\/netpet.ch\/wp-content\/uploads\/2023\/03\/Image16-300x183.png\" alt=\"\" width=\"300\" height=\"183\" srcset=\"https:\/\/netpet.ch\/wp-content\/uploads\/2023\/03\/Image16-300x183.png 300w, https:\/\/netpet.ch\/wp-content\/uploads\/2023\/03\/Image16-1024x625.png 1024w, https:\/\/netpet.ch\/wp-content\/uploads\/2023\/03\/Image16-768x469.png 768w, https:\/\/netpet.ch\/wp-content\/uploads\/2023\/03\/Image16-1536x937.png 1536w, https:\/\/netpet.ch\/wp-content\/uploads\/2023\/03\/Image16-600x366.png 600w, https:\/\/netpet.ch\/wp-content\/uploads\/2023\/03\/Image16.png 1822w\" sizes=\"auto, (max-width: 300px) 100vw, 300px\" \/><\/p>\n","protected":false},"featured_media":43375,"template":"","meta":{"_acf_changed":false,"wds_primary_product_brand":0,"wds_primary_product_cat":0},"product_brand":[],"product_cat":[454],"product_tag":[],"class_list":{"0":"post-42778","1":"product","2":"type-product","3":"status-publish","4":"has-post-thumbnail","6":"product_cat-schierlampe","8":"first","9":"instock","10":"taxable","11":"shipping-taxable","12":"purchasable","13":"product-type-simple"},"acf":[],"_links":{"self":[{"href":"https:\/\/netpet.ch\/de\/wp-json\/wp\/v2\/product\/42778","targetHints":{"allow":["GET"]}}],"collection":[{"href":"https:\/\/netpet.ch\/de\/wp-json\/wp\/v2\/product"}],"about":[{"href":"https:\/\/netpet.ch\/de\/wp-json\/wp\/v2\/types\/product"}],"wp:featuredmedia":[{"embeddable":true,"href":"https:\/\/netpet.ch\/de\/wp-json\/wp\/v2\/media\/43375"}],"wp:attachment":[{"href":"https:\/\/netpet.ch\/de\/wp-json\/wp\/v2\/media?parent=42778"}],"wp:term":[{"taxonomy":"product_brand","embeddable":true,"href":"https:\/\/netpet.ch\/de\/wp-json\/wp\/v2\/product_brand?post=42778"},{"taxonomy":"product_cat","embeddable":true,"href":"https:\/\/netpet.ch\/de\/wp-json\/wp\/v2\/product_cat?post=42778"},{"taxonomy":"product_tag","embeddable":true,"href":"https:\/\/netpet.ch\/de\/wp-json\/wp\/v2\/product_tag?post=42778"}],"curies":[{"name":"wp","href":"https:\/\/api.w.org\/{rel}","templated":true}]}}