{"id":42781,"date":"2023-03-10T23:16:55","date_gmt":"2023-03-10T22:16:55","guid":{"rendered":"https:\/\/dev.netpet.ch\/produit\/panneau-chauffant-pour-poussins-40x40cm\/"},"modified":"2025-05-09T11:50:11","modified_gmt":"2025-05-09T09:50:11","slug":"panneau-chauffant-pour-poussins-40x40cm","status":"publish","type":"product","link":"https:\/\/netpet.ch\/de\/produit\/panneau-chauffant-pour-poussins-40x40cm\/","title":{"rendered":"W\u00e4rmeplatte f\u00fcr K\u00fcken - 40x40cm"},"content":{"rendered":"<p>Kleine K\u00fcken wachsen schnell heran. Das verl\u00e4uft gut, vorausgesetzt sie haben es ausreichend warm. Der W\u00e4rmebedarf von ganz jungen K\u00fcken ist h\u00f6her als der von schon \u00e4lteren K\u00fcken. Die Comfort W\u00e4rmeplatte ber\u00fccksichtigt das, insbesondere durch die leicht in H\u00f6he verstellbaren F\u00fc\u00dfe. Diese Garantie auf eine richtige Temperatur sorgt daf\u00fcr, dass die K\u00fcken immer gen\u00fcgend W\u00e4rme bekommen. Dies ungeachtet ob sie gerade geschl\u00fcpft oder schon ein paar Wochen alt sind.<\/p>\n<p><strong>Pluspunkte der Comfort W\u00e4rmeplatte<\/strong><\/p>\n<ul>\n<li><strong>Naturgetreue W\u00e4rme<\/strong>, so wie bei der Glucke, bei der die K\u00fcken selbst die W\u00e4rme aufsuchen, wenn sie es ben\u00f6tigen.<\/li>\n<li>Immer die <strong>richtige Temperatur <\/strong>f\u00fcr alle K\u00fcken, dank der einfachen H\u00f6henverstellungsm\u00f6glichkeit.<\/li>\n<li>\u00c4u\u00dferst <strong>niedriger <\/strong>Stromverbrauch: die Comfort W\u00e4rmeplatte ist bis zu 5 Mal energiesparender als eine herk\u00f6mmliche W\u00e4rmelampe.<\/li>\n<li><strong>Doppelte Sicherheit <\/strong>dank einer Temperatursicherung <span style=\"text-decoration: underline\">und<\/span> einer Widerstandsicherung.<\/li>\n<li><strong>LED-Anzeigel\u00e4mpchen<\/strong>, sodass gleich zu sehen ist, ob die W\u00e4rmeplatte eingeschaltet ist.<\/li>\n<li>Eine <strong>l\u00e4ngere Lebensdauer<\/strong>, dank dem starken und nachhaltigen ABS-Kunststoff.<\/li>\n<\/ul>\n<p><strong>Warum eine W\u00e4rmeplatte?<\/strong><\/p>\n<p>In der Natur sitzen die K\u00fcken unter den Federn der Glucke. Viele Hobbyz\u00fcchter arbeiten jedoch mit Brutmaschinen, wodurch die K\u00fcken eine andere W\u00e4rmequelle ben\u00f6tigen. Hierf\u00fcr ist eine W\u00e4rmeplatte die ideale L\u00f6sung. Die W\u00e4rmeplatte fungiert als eine \u201cGlucke\u201d und die K\u00fcken gehen zu ihr hin, als sie W\u00e4rme ben\u00f6tigen. Au\u00dferhalb der W\u00e4rmeplatte ist die Temperatur viel niedriger, doch die K\u00fcken gew\u00f6hnen sich daran. Sie h\u00e4rten auf diese Weise viel schneller ab als mit einer W\u00e4rmelampe. Diese erw\u00e4rmt n\u00e4mlich den ganzen Raum. Schnelles Abh\u00e4rten bedeutet ein schnelleres Wachstum des Federkleides und dementsprechend einen besseren Schutz gegen die K\u00e4lte. Dies alles tr\u00e4gt zu gesunden und starken K\u00fcken bei und macht die Comfort W\u00e4rmeplatte zum idealen Ersatz einer Henne.<\/p>\n<p>Abh\u00e4ngig von der Au\u00dfentemperatur und die H\u00fchnerart, werden die K\u00fcken die W\u00e4rmeplatte ungef\u00e4hr 4 bis 8 Wochen benutzen.<\/p>\n<p><strong>L\u00e4ngere Lebensdauer, sicherere Nutzung und niedrigere Stromkosten<\/strong><\/p>\n<p>Die weitbekannte W\u00e4rmelampe ist die traditionelle k\u00fcnstliche W\u00e4rmequelle f\u00fcr K\u00fcken. Obwohl eine W\u00e4rmelampe auch Vorteile hat, sind ihre hohen Elektrizit\u00e4tskosten und beschr\u00e4nkte Zuverl\u00e4ssigkeit einen gro\u00dfen Nachteil. Eine W\u00e4rmelampe hat auf Papier theoretisch eine Lebensdauer von 3000-5000 Stunden, jedoch wird diese Lebensdauer durch St\u00f6\u00dfe und abrupte Bewegungen oft sehr gek\u00fcrzt.<\/p>\n<p>Eine W\u00e4rmeplatte ist in vielen F\u00e4llen eine bessere Alternative. Sie werden m\u00fchelos 10 Jahre alt, sind anwendungssicher, betriebssicher und verbrauchen sehr wenig Strom. Dank der Verwendung einer hochwertigen PIR-Isolierung an der Oberseite, geht die gesamte erzeugte W\u00e4rme direkt zu den K\u00fcken unter der Platte. Hierdurch ist der Unterschied im Elektrizit\u00e4tsverbrauch im Vergleich zu einer W\u00e4rmelampe sogar so gro\u00df, dass der Kaufpreis einer W\u00e4rmeplatte schon in 8 bis 20 Wochen amortisiert werden kann. Schon deswegen eine sehr gute Investition!<\/p>\n<p>Die Comfort W\u00e4rmeplatte ist die L\u00f6sung f\u00fcr jeden, der K\u00fcken aufz\u00fcchten will. Einfach im Gebrauch, extra sicher und energiesparend.<\/p>\n<p><strong>ACHTUNG: Die W\u00e4rmeplatte muss dennoch in einer gem\u00e4\u00dfigten Umgebung verwendet werden.<\/strong><\/p>\n<p><span style=\"color: #993300\">Schutzabdeckung f\u00fcr W\u00e4rmeplatte nicht inbegriffen; separat erh\u00e4ltlich.<\/span><\/p>\n","protected":false},"excerpt":{"rendered":"<p>&nbsp;<\/p>\n<p><strong>Geeignet f\u00fcr bis zu 30 K\u00fcken<\/strong><br \/>\n<span style=\"color: #999999\"><em><span style=\"font-size: small\"> 42 Watt<\/span><\/em><\/span><\/p>\n","protected":false},"featured_media":43377,"template":"","meta":{"_acf_changed":false,"wds_primary_product_brand":0,"wds_primary_product_cat":0},"product_brand":[],"product_cat":[457,453],"product_tag":[444],"class_list":{"0":"post-42781","1":"product","2":"type-product","3":"status-publish","4":"has-post-thumbnail","6":"product_cat-fur-kuken-und-wachteln","7":"product_cat-kuekenaufzucht-zubehoer","8":"product_tag-promo-de","10":"first","11":"instock","12":"sale","13":"taxable","14":"shipping-taxable","15":"purchasable","16":"product-type-simple"},"acf":[],"_links":{"self":[{"href":"https:\/\/netpet.ch\/de\/wp-json\/wp\/v2\/product\/42781","targetHints":{"allow":["GET"]}}],"collection":[{"href":"https:\/\/netpet.ch\/de\/wp-json\/wp\/v2\/product"}],"about":[{"href":"https:\/\/netpet.ch\/de\/wp-json\/wp\/v2\/types\/product"}],"wp:featuredmedia":[{"embeddable":true,"href":"https:\/\/netpet.ch\/de\/wp-json\/wp\/v2\/media\/43377"}],"wp:attachment":[{"href":"https:\/\/netpet.ch\/de\/wp-json\/wp\/v2\/media?parent=42781"}],"wp:term":[{"taxonomy":"product_brand","embeddable":true,"href":"https:\/\/netpet.ch\/de\/wp-json\/wp\/v2\/product_brand?post=42781"},{"taxonomy":"product_cat","embeddable":true,"href":"https:\/\/netpet.ch\/de\/wp-json\/wp\/v2\/product_cat?post=42781"},{"taxonomy":"product_tag","embeddable":true,"href":"https:\/\/netpet.ch\/de\/wp-json\/wp\/v2\/product_tag?post=42781"}],"curies":[{"name":"wp","href":"https:\/\/api.w.org\/{rel}","templated":true}]}}