{"id":42787,"date":"2023-03-10T23:16:42","date_gmt":"2023-03-10T22:16:42","guid":{"rendered":"https:\/\/dev.netpet.ch\/produit\/sureflap-adaptateur-de-montage-de-chatiere\/"},"modified":"2026-02-20T13:10:55","modified_gmt":"2026-02-20T12:10:55","slug":"sureflap-adaptateur-de-montage-de-chatiere","status":"publish","type":"product","link":"https:\/\/netpet.ch\/de\/produit\/sureflap-adaptateur-de-montage-de-chatiere\/","title":{"rendered":"SureFlap - Katzenklappen-Montageadapter"},"content":{"rendered":"<p>Der SureFlap-Katzenklappen-Montageadapter kann f\u00fcr den Einbau von Katzenklappen mit Mikrochip (Produktcode: sf-nrm-sur001), DualScan-Katzenklappen (Produktcode: sf-dscf001) oder Connect-Katzenklappen mit Mikrochip (Produktcode: sf-idscfwt) verwendet werden, insbesondere auf Glas oder an einer Metallt\u00fcr.<\/p>\n<p>Auf Glas erm\u00f6glicht er die Montage der Katzenklappe in L\u00f6chern mit einem Durchmesser von mindestens 212mm bis zu einem Durchmesser von maximal 260mm.<\/p>\n<p>Der Montageadapter besteht aus zwei Teilen, einem f\u00fcr die Au\u00dfenseite und einem f\u00fcr die Innenseite Ihrer Wohnung.<\/p>\n<p>Der Gesamtdurchmesser des Montageadapters betr\u00e4gt 285mm.<\/p>\n<p>(\u00fcbersetzt mit www.deepL.com)<\/p>\n","protected":false},"excerpt":{"rendered":"<p>Weisses Modell<\/p>\n","protected":false},"featured_media":44642,"template":"","meta":{"_acf_changed":false,"wds_primary_product_brand":0,"wds_primary_product_cat":0},"product_brand":[],"product_cat":[477],"product_tag":[],"class_list":{"0":"post-42787","1":"product","2":"type-product","3":"status-publish","4":"has-post-thumbnail","6":"product_cat-ersatzteile-zubehor-de-2","8":"first","9":"instock","10":"taxable","11":"shipping-taxable","12":"purchasable","13":"product-type-simple"},"acf":[],"_links":{"self":[{"href":"https:\/\/netpet.ch\/de\/wp-json\/wp\/v2\/product\/42787","targetHints":{"allow":["GET"]}}],"collection":[{"href":"https:\/\/netpet.ch\/de\/wp-json\/wp\/v2\/product"}],"about":[{"href":"https:\/\/netpet.ch\/de\/wp-json\/wp\/v2\/types\/product"}],"wp:featuredmedia":[{"embeddable":true,"href":"https:\/\/netpet.ch\/de\/wp-json\/wp\/v2\/media\/44642"}],"wp:attachment":[{"href":"https:\/\/netpet.ch\/de\/wp-json\/wp\/v2\/media?parent=42787"}],"wp:term":[{"taxonomy":"product_brand","embeddable":true,"href":"https:\/\/netpet.ch\/de\/wp-json\/wp\/v2\/product_brand?post=42787"},{"taxonomy":"product_cat","embeddable":true,"href":"https:\/\/netpet.ch\/de\/wp-json\/wp\/v2\/product_cat?post=42787"},{"taxonomy":"product_tag","embeddable":true,"href":"https:\/\/netpet.ch\/de\/wp-json\/wp\/v2\/product_tag?post=42787"}],"curies":[{"name":"wp","href":"https:\/\/api.w.org\/{rel}","templated":true}]}}