{"id":42789,"date":"2023-03-10T23:16:37","date_gmt":"2023-03-10T22:16:37","guid":{"rendered":"https:\/\/dev.netpet.ch\/produit\/cat-mate-kit-dadaptation-pour-murs-et-parois-vitrees-ref-361\/"},"modified":"2025-09-18T13:54:32","modified_gmt":"2025-09-18T11:54:32","slug":"cat-mate-kit-dadaptation-pour-murs-et-parois-vitrees-ref-361","status":"publish","type":"product","link":"https:\/\/netpet.ch\/de\/produit\/cat-mate-kit-dadaptation-pour-murs-et-parois-vitrees-ref-361\/","title":{"rendered":"Cat Mate - Katzenklappen-Adapter-Kit f\u00fcr W\u00e4nde und Glasscheiben (Ref: 361)"},"content":{"rendered":"<p>Dieser lackierbare Adapter-Set aus Kunststoff erm\u00f6glicht eine einfache Installation in W\u00e4nden* und Glasscheiben f\u00fcr die folgenden Cat Mate Produkte:<\/p>\n<p>\u2022 Cat Mate Mikrochip Katzenklappe (Ref: 360W, 360B)<br \/>\n\u2022 Cat Mate Zeitschaltuhrsteuerung Katzenklappe (Ref: 359W)<br \/>\n\u2022 Cat Mate 4-Wege-Drehverriegelung Katzenklappe (Ref: 358W)<\/p>\n<p>*F\u00fcr die Wandmontage wird ein Cat Mate Elite Tunnelelement (Ref: 308) ben\u00f6tigt.<\/p>\n<p>&nbsp;<\/p>\n<p><em><span style=\"color: #993300\"><strong>Hinweis: Die Artikel sind neu, unbenutzt und voll funktionsf\u00e4hig. Die Verpackungen einiger Artikel weisen Manipulationsspuren auf; diese Exemplare, die unter Variante \"Verpackung -&gt; Neu, Spuren von Manipulationen\" erh\u00e4ltlich sind, werden zu reduzierten Preisen angeboten, solange der Vorrat reicht, im Zustand ihrer Verpackung und ohne R\u00fcckgaberecht aufgrund dieser Spuren auf den Verpackungen.<\/strong><\/span><\/em><\/p>\n<p>(\u00fcbersetzt mit www.deepL.com)<\/p>\n","protected":false},"excerpt":{"rendered":"<p><em><span style=\"color: #993300\"><strong>Neuartikel, der in seiner unbesch\u00e4digten Originalverpackung oder, bei niedrigeren Preisen, in seiner Originalverpackung mit Spuren von Manipulationen erh\u00e4ltlich ist.<\/strong><\/span><\/em><\/p>\n","protected":false},"featured_media":44774,"template":"","meta":{"_acf_changed":false,"wds_primary_product_brand":0,"wds_primary_product_cat":0},"product_brand":[],"product_cat":[469],"product_tag":[],"class_list":{"0":"post-42789","1":"product","2":"type-product","3":"status-publish","4":"has-post-thumbnail","6":"product_cat-ersatzteile-zubehor","8":"first","9":"instock","10":"taxable","11":"shipping-taxable","12":"purchasable","13":"product-type-variable"},"acf":[],"_links":{"self":[{"href":"https:\/\/netpet.ch\/de\/wp-json\/wp\/v2\/product\/42789","targetHints":{"allow":["GET"]}}],"collection":[{"href":"https:\/\/netpet.ch\/de\/wp-json\/wp\/v2\/product"}],"about":[{"href":"https:\/\/netpet.ch\/de\/wp-json\/wp\/v2\/types\/product"}],"wp:featuredmedia":[{"embeddable":true,"href":"https:\/\/netpet.ch\/de\/wp-json\/wp\/v2\/media\/44774"}],"wp:attachment":[{"href":"https:\/\/netpet.ch\/de\/wp-json\/wp\/v2\/media?parent=42789"}],"wp:term":[{"taxonomy":"product_brand","embeddable":true,"href":"https:\/\/netpet.ch\/de\/wp-json\/wp\/v2\/product_brand?post=42789"},{"taxonomy":"product_cat","embeddable":true,"href":"https:\/\/netpet.ch\/de\/wp-json\/wp\/v2\/product_cat?post=42789"},{"taxonomy":"product_tag","embeddable":true,"href":"https:\/\/netpet.ch\/de\/wp-json\/wp\/v2\/product_tag?post=42789"}],"curies":[{"name":"wp","href":"https:\/\/api.w.org\/{rel}","templated":true}]}}