{"id":42792,"date":"2023-03-10T23:16:31","date_gmt":"2023-03-10T22:16:31","guid":{"rendered":"https:\/\/dev.netpet.ch\/produit\/mangeoire-a-tremie-avec-couvercle-3kg\/"},"modified":"2023-05-18T21:45:26","modified_gmt":"2023-05-18T19:45:26","slug":"mangeoire-a-tremie-avec-couvercle-3kg","status":"publish","type":"product","link":"https:\/\/netpet.ch\/de\/produit\/mangeoire-a-tremie-avec-couvercle-3kg\/","title":{"rendered":"Gefl\u00fcgelfutterautomat mit Trichter und Deckel, 3kg"},"content":{"rendered":"<p>Dieser gr\u00fcne und weisse Trichterfutterautomat mit einem Fassungsverm\u00f6gen von 3kg bietet mehrere Vorteile:<br \/>\n- er kann sowohl auf dem Boden platziert als auch ganz einfach an einem Seil* aufgeh\u00e4ngt werden<br \/>\n- zuverl\u00e4ssiger und stabiler Bajonettverschluss<br \/>\n- hohe Widerstandsf\u00e4higkeit des verwendeten Materials (Polypropylen-Copolymer), auch gegen K\u00e4lte<br \/>\n- ein Kunststoffgitter reduziert die Futterverschwendung.<\/p>\n<p>*das Aufh\u00e4ngungsset ist separat erh\u00e4ltlich (Produktcode: olnl-oh-prset).<\/p>\n<p>(\u00fcbersetzt mit www.deepL.com)<\/p>\n","protected":false},"excerpt":{"rendered":"<p>Dieser gr\u00fcne und weisse Trichterfutterautomat mit einem Fassungsverm\u00f6gen von 3kg bietet mehrere Vorteile: - er kann sowohl auf dem Boden platziert als auch ganz einfach an einem Seil* aufgeh\u00e4ngt werden - zuverl\u00e4ssiger und stabiler Bajonettverschluss - hohe Widerstandsf\u00e4higkeit des verwendeten Materials (Polypropylen-Copolymer), auch gegen K\u00e4lte - ein Kunststoffgitter reduziert die Futterverschwendung. *das Aufh\u00e4ngungsset ist separat [&hellip;]<\/p>\n","protected":false},"featured_media":46568,"template":"","meta":{"_acf_changed":false,"wds_primary_product_brand":0,"wds_primary_product_cat":0},"product_brand":[],"product_cat":[452],"product_tag":[],"class_list":{"0":"post-42792","1":"product","2":"type-product","3":"status-publish","4":"has-post-thumbnail","6":"product_cat-futterautomaten","8":"first","9":"instock","10":"taxable","11":"shipping-taxable","12":"purchasable","13":"product-type-simple"},"acf":[],"_links":{"self":[{"href":"https:\/\/netpet.ch\/de\/wp-json\/wp\/v2\/product\/42792","targetHints":{"allow":["GET"]}}],"collection":[{"href":"https:\/\/netpet.ch\/de\/wp-json\/wp\/v2\/product"}],"about":[{"href":"https:\/\/netpet.ch\/de\/wp-json\/wp\/v2\/types\/product"}],"wp:featuredmedia":[{"embeddable":true,"href":"https:\/\/netpet.ch\/de\/wp-json\/wp\/v2\/media\/46568"}],"wp:attachment":[{"href":"https:\/\/netpet.ch\/de\/wp-json\/wp\/v2\/media?parent=42792"}],"wp:term":[{"taxonomy":"product_brand","embeddable":true,"href":"https:\/\/netpet.ch\/de\/wp-json\/wp\/v2\/product_brand?post=42792"},{"taxonomy":"product_cat","embeddable":true,"href":"https:\/\/netpet.ch\/de\/wp-json\/wp\/v2\/product_cat?post=42792"},{"taxonomy":"product_tag","embeddable":true,"href":"https:\/\/netpet.ch\/de\/wp-json\/wp\/v2\/product_tag?post=42792"}],"curies":[{"name":"wp","href":"https:\/\/api.w.org\/{rel}","templated":true}]}}