{"id":42794,"date":"2023-03-10T23:16:20","date_gmt":"2023-03-10T22:16:20","guid":{"rendered":"https:\/\/dev.netpet.ch\/produit\/brinsea-kit-de-retournement-semi-automatique-pour-couveuse-maxi-ii-eco\/"},"modified":"2026-03-26T14:50:20","modified_gmt":"2026-03-26T13:50:20","slug":"brinsea-kit-de-retournement-semi-automatique-pour-couveuse-maxi-ii-eco","status":"publish","type":"product","link":"https:\/\/netpet.ch\/de\/produit\/brinsea-kit-de-retournement-semi-automatique-pour-couveuse-maxi-ii-eco\/","title":{"rendered":"Brinsea - Semi-automatisches Wende-Kit f\u00fcr Maxi II Eco Brutger\u00e4t"},"content":{"rendered":"<p>Mit dem semi-automatischen Wende-Kit k\u00f6nnen Sie die in den Brinsea Maxi II Eco Inkubator gelegten Eier mit einer einfachen Drehung des R\u00e4dchens wenden, anstatt sie einzeln von Hand wenden zu m\u00fcssen.<\/p>\n<p>Das Kit beinhaltet :<br \/>\n\u2022 1 Drehmechanismus<br \/>\n\u2022 1 Standardschale f\u00fcr bis zu 14 Eier von H\u00fchnern\/Enten\/Zwergh\u00fchnern<br \/>\n\u2022 1 Schale in kleiner Gr\u00f6\u00dfe f\u00fcr bis zu 40 Wachtel- oder Fasaneneier<br \/>\n\u2022 1 Gebrauchsanweisung.<\/p>\n<p>(\u00fcbersetzt mit www.deepL.com)<\/p>\n","protected":false},"excerpt":{"rendered":"<p>Mit dem semi-automatischen Wende-Kit k\u00f6nnen Sie die in den Brinsea Maxi II Eco Inkubator gelegten Eier mit einer einfachen Drehung des R\u00e4dchens wenden, anstatt sie einzeln von Hand wenden zu m\u00fcssen. Das Kit beinhaltet : \u2022 1 Drehmechanismus \u2022 1 Standardschale f\u00fcr bis zu 14 Eier von H\u00fchnern\/Enten\/Zwergh\u00fchnern \u2022 1 Schale in kleiner Gr\u00f6\u00dfe f\u00fcr [&hellip;]<\/p>\n","protected":false},"featured_media":44520,"template":"","meta":{"_acf_changed":false,"wds_primary_product_brand":0,"wds_primary_product_cat":0},"product_brand":[],"product_cat":[821],"product_tag":[],"class_list":{"0":"post-42794","1":"product","2":"type-product","3":"status-publish","4":"has-post-thumbnail","6":"product_cat-zubehoer-fuer-brinsea-inkubatoren","8":"first","9":"instock","10":"taxable","11":"shipping-taxable","12":"purchasable","13":"product-type-simple"},"acf":[],"_links":{"self":[{"href":"https:\/\/netpet.ch\/de\/wp-json\/wp\/v2\/product\/42794","targetHints":{"allow":["GET"]}}],"collection":[{"href":"https:\/\/netpet.ch\/de\/wp-json\/wp\/v2\/product"}],"about":[{"href":"https:\/\/netpet.ch\/de\/wp-json\/wp\/v2\/types\/product"}],"wp:featuredmedia":[{"embeddable":true,"href":"https:\/\/netpet.ch\/de\/wp-json\/wp\/v2\/media\/44520"}],"wp:attachment":[{"href":"https:\/\/netpet.ch\/de\/wp-json\/wp\/v2\/media?parent=42794"}],"wp:term":[{"taxonomy":"product_brand","embeddable":true,"href":"https:\/\/netpet.ch\/de\/wp-json\/wp\/v2\/product_brand?post=42794"},{"taxonomy":"product_cat","embeddable":true,"href":"https:\/\/netpet.ch\/de\/wp-json\/wp\/v2\/product_cat?post=42794"},{"taxonomy":"product_tag","embeddable":true,"href":"https:\/\/netpet.ch\/de\/wp-json\/wp\/v2\/product_tag?post=42794"}],"curies":[{"name":"wp","href":"https:\/\/api.w.org\/{rel}","templated":true}]}}