{"id":42795,"date":"2023-03-10T23:16:16","date_gmt":"2023-03-10T22:16:16","guid":{"rendered":"https:\/\/dev.netpet.ch\/produit\/chickenguard-kit-de-porte-autobloquante\/"},"modified":"2023-07-31T21:53:39","modified_gmt":"2023-07-31T19:53:39","slug":"chickenguard-kit-de-porte-autobloquante","status":"publish","type":"product","link":"https:\/\/netpet.ch\/de\/produit\/chickenguard-kit-de-porte-autobloquante\/","title":{"rendered":"ChickenGuard - Selbstverriegelndes T\u00fcr-Kit"},"content":{"rendered":"<p>Das ChickenGuard selbstschlie\u00dfende T\u00fcr-Set ist die perfekte Erg\u00e4nzung zum ChickenGuard automatischen T\u00fcr\u00f6ffner.<\/p>\n<p>Die einzigartigen, selbstverriegelnden Fl\u00fcgel verhindern, dass Raubtiere die T\u00fcr Ihres H\u00fchnerstalls anheben k\u00f6nnen, der damit sicher ist.<\/p>\n<p><strong>Hauptmerkmale des ChickenGuard selbstverriegelnden T\u00fcr-Kits:<\/strong><br \/>\n\u2022 Selbstverriegelungsmechanismus<br \/>\n\u2022 Ma\u00dfe der Aluminiumt\u00fcr: 30x25cm (HxB)<br \/>\n\u2022 L\u00e4nge der Laufschienen aus 100% recyceltem Material: 59.5cm<\/p>\n","protected":false},"excerpt":{"rendered":"<p><span style=\"color: #339966\">Schneller Versand aus unserem Lager<\/span><\/p>\n","protected":false},"featured_media":49126,"template":"","meta":{"_acf_changed":false,"wds_primary_product_brand":0,"wds_primary_product_cat":0},"product_brand":[],"product_cat":[445],"product_tag":[],"class_list":{"0":"post-42795","1":"product","2":"type-product","3":"status-publish","4":"has-post-thumbnail","6":"product_cat-automatische-tueroeffner-fuer-huehnerstaelle","8":"first","9":"instock","10":"taxable","11":"shipping-taxable","12":"purchasable","13":"product-type-simple"},"acf":[],"_links":{"self":[{"href":"https:\/\/netpet.ch\/de\/wp-json\/wp\/v2\/product\/42795","targetHints":{"allow":["GET"]}}],"collection":[{"href":"https:\/\/netpet.ch\/de\/wp-json\/wp\/v2\/product"}],"about":[{"href":"https:\/\/netpet.ch\/de\/wp-json\/wp\/v2\/types\/product"}],"wp:featuredmedia":[{"embeddable":true,"href":"https:\/\/netpet.ch\/de\/wp-json\/wp\/v2\/media\/49126"}],"wp:attachment":[{"href":"https:\/\/netpet.ch\/de\/wp-json\/wp\/v2\/media?parent=42795"}],"wp:term":[{"taxonomy":"product_brand","embeddable":true,"href":"https:\/\/netpet.ch\/de\/wp-json\/wp\/v2\/product_brand?post=42795"},{"taxonomy":"product_cat","embeddable":true,"href":"https:\/\/netpet.ch\/de\/wp-json\/wp\/v2\/product_cat?post=42795"},{"taxonomy":"product_tag","embeddable":true,"href":"https:\/\/netpet.ch\/de\/wp-json\/wp\/v2\/product_tag?post=42795"}],"curies":[{"name":"wp","href":"https:\/\/api.w.org\/{rel}","templated":true}]}}