{"id":42796,"date":"2023-03-10T23:16:14","date_gmt":"2023-03-10T22:16:14","guid":{"rendered":"https:\/\/dev.netpet.ch\/produit\/set-panneau-chauffant-pour-poussins-couvercle-de-protection-25x25cm\/"},"modified":"2024-02-09T21:49:21","modified_gmt":"2024-02-09T20:49:21","slug":"set-panneau-chauffant-pour-poussins-couvercle-de-protection-25x25cm","status":"publish","type":"product","link":"https:\/\/netpet.ch\/de\/produit\/set-panneau-chauffant-pour-poussins-couvercle-de-protection-25x25cm\/","title":{"rendered":"SET : W\u00e4rmeplatte f\u00fcr K\u00fcken + Schutzabdeckung - 25x25cm"},"content":{"rendered":"<p><strong>W&Auml;RMEPLATTE F&Uuml;R K&Uuml;KEN<\/strong><\/p>\n<p>Kleine K&uuml;ken wachsen schnell heran. Das verl&auml;uft gut, vorausgesetzt sie haben es ausreichend warm. Der W&auml;rmebedarf von ganz jungen K&uuml;ken ist h&ouml;her als der von schon &auml;lteren K&uuml;ken. Die Comfort W&auml;rmeplatte ber&uuml;cksichtigt das, insbesondere durch die leicht in H&ouml;he verstellbaren F&uuml;&szlig;e. Diese Garantie auf eine richtige Temperatur sorgt daf&uuml;r, dass die K&uuml;ken immer gen&uuml;gend W&auml;rme bekommen. Dies ungeachtet ob sie gerade geschl&uuml;pft oder schon ein paar Wochen alt sind.<\/p>\n<p><strong>Pluspunkte der Comfort W&auml;rmeplatte<\/strong><\/p>\n<ul>\n<li><strong>Naturgetreue W&auml;rme<\/strong>, so wie bei der Glucke, bei der die K&uuml;ken selbst die W&auml;rme aufsuchen, wenn sie es ben&ouml;tigen.<\/li>\n<li>Immer die <strong>richtige Temperatur <\/strong>f&uuml;r alle K&uuml;ken, dank der einfachen H&ouml;henverstellungsm&ouml;glichkeit.<\/li>\n<li>&Auml;u&szlig;erst <strong>niedriger <\/strong>Stromverbrauch: die Comfort W&auml;rmeplatte ist bis zu 5 Mal energiesparender als eine herk&ouml;mmliche W&auml;rmelampe.<\/li>\n<li><strong>Doppelte Sicherheit <\/strong>dank einer Temperatursicherung <span style=\"text-decoration: underline\">und<\/span> einer Widerstandsicherung.<\/li>\n<li><strong>LED-Anzeigel&auml;mpchen<\/strong>, sodass gleich zu sehen ist, ob die W&auml;rmeplatte eingeschaltet ist.<\/li>\n<li>Eine <strong>l&auml;ngere Lebensdauer<\/strong>, dank dem starken und nachhaltigen ABS-Kunststoff.<\/li>\n<\/ul>\n<p><strong>Warum eine W&auml;rmeplatte?<\/strong><\/p>\n<p>In der Natur sitzen die K&uuml;ken unter den Federn der Glucke. Viele Hobbyz&uuml;chter arbeiten jedoch mit Brutmaschinen, wodurch die K&uuml;ken eine andere W&auml;rmequelle ben&ouml;tigen. Hierf&uuml;r ist eine W&auml;rmeplatte die ideale L&ouml;sung. Die W&auml;rmeplatte fungiert als eine &ldquo;Glucke&rdquo; und die K&uuml;ken gehen zu ihr hin, als sie W&auml;rme ben&ouml;tigen. Au&szlig;erhalb der W&auml;rmeplatte ist die Temperatur viel niedriger, doch die K&uuml;ken gew&ouml;hnen sich daran. Sie h&auml;rten auf diese Weise viel schneller ab als mit einer W&auml;rmelampe. Diese erw&auml;rmt n&auml;mlich den ganzen Raum. Schnelles Abh&auml;rten bedeutet ein schnelleres Wachstum des Federkleides und dementsprechend einen besseren Schutz gegen die K&auml;lte. Dies alles tr&auml;gt zu gesunden und starken K&uuml;ken bei und macht die Comfort W&auml;rmeplatte zum idealen Ersatz einer Henne.<\/p>\n<p> Abh&auml;ngig von der Au&szlig;entemperatur und die H&uuml;hnerart, werden die K&uuml;ken die W&auml;rmeplatte ungef&auml;hr 4 bis 8 Wochen benutzen.<\/p>\n<p><strong>L&auml;ngere Lebensdauer, sicherere Nutzung und niedrigere Stromkosten<\/strong><\/p>\n<p>Die weitbekannte W&auml;rmelampe ist die traditionelle k&uuml;nstliche W&auml;rmequelle f&uuml;r K&uuml;ken. Obwohl eine W&auml;rmelampe auch Vorteile hat, sind ihre hohen Elektrizit&auml;tskosten und beschr&auml;nkte Zuverl&auml;ssigkeit einen gro&szlig;en Nachteil. Eine W&auml;rmelampe hat auf Papier theoretisch eine Lebensdauer von 3000-5000 Stunden, jedoch wird diese Lebensdauer durch St&ouml;&szlig;e und abrupte Bewegungen oft sehr gek&uuml;rzt.<\/p>\n<p> Eine W&auml;rmeplatte ist in vielen F&auml;llen eine bessere Alternative. Sie werden m&uuml;helos 10 Jahre alt, sind anwendungssicher, betriebssicher und verbrauchen sehr wenig Strom. Dank der Verwendung einer hochwertigen PIR-Isolierung an der Oberseite, geht die gesamte erzeugte W&auml;rme direkt zu den K&uuml;ken unter der Platte. Hierdurch ist der Unterschied im Elektrizit&auml;tsverbrauch im Vergleich zu einer W&auml;rmelampe sogar so gro&szlig;, dass der Kaufpreis einer W&auml;rmeplatte schon in 8 bis 20 Wochen amortisiert werden kann. Schon deswegen eine sehr gute Investition!<\/p>\n<p>Die Comfort W&auml;rmeplatte ist die L&ouml;sung f&uuml;r jeden, der K&uuml;ken aufz&uuml;chten will. Einfach im Gebrauch, extra sicher und energiesparend.<\/p>\n<p><strong>ACHTUNG: Die W&auml;rmeplatte muss dennoch in einer gem&auml;&szlig;igten Umgebung verwendet werden.<\/strong><\/p>\n<p><span style=\"color: #993300\">&nbsp;<\/span><\/p>\n<p><strong>SCHUTZABDECKUNG F&Uuml;R W&Auml;RMEPLATTE<\/strong><\/p>\n<p>Eine fantastische L&ouml;sung f&uuml;r ein bekanntes Problem!<\/p>\n<p>W&auml;rmeplatten werden schmutzig, weil K&uuml;ken auf sie klettern\/springen. Mit dieser Schutzabdeckung f&uuml;r W&auml;rmeplatten ist dieses Problem endg&uuml;ltig gel&ouml;st. Die Form der Schutzabdeckung sorgt daf&uuml;r, dass die K&uuml;ken, wenn sie auf die W&auml;rmeplatte springen oder klettern, von dieser gleich wieder abrutschen. Die Schutzabdeckung ist sehr einfach an zu bringen und zu entfernen. Sie ist aus durchsichtigem Kunststoff (PET) angefertigt. Nach jeder Verwendung ist die Schutzabdeckung ganz einfach mit warmen Wasser von allen Staubresten zu reinigen.<\/p>\n","protected":false},"excerpt":{"rendered":"<p>&nbsp;<\/p>\n<p><strong>W\u00e4rmeplatte geeignet f\u00fcr bis zu 15 K\u00fcken <span style=\"color: #f05957\">+<\/span> Schutzabdeckung<span style=\"color: #f05957\">, im Set<\/span><\/strong><br \/>\n<span style=\"color: #999999\"><em><span style=\"font-size: small\"> 15 Watt<\/span><\/em><\/span><\/p>\n","protected":false},"featured_media":43793,"template":"","meta":{"_acf_changed":false,"wds_primary_product_brand":0,"wds_primary_product_cat":0},"product_brand":[],"product_cat":[457,453],"product_tag":[],"class_list":{"0":"post-42796","1":"product","2":"type-product","3":"status-publish","4":"has-post-thumbnail","6":"product_cat-fur-kuken-und-wachteln","7":"product_cat-kuekenaufzucht-zubehoer","9":"first","10":"instock","11":"taxable","12":"shipping-taxable","13":"purchasable","14":"product-type-simple"},"acf":[],"_links":{"self":[{"href":"https:\/\/netpet.ch\/de\/wp-json\/wp\/v2\/product\/42796","targetHints":{"allow":["GET"]}}],"collection":[{"href":"https:\/\/netpet.ch\/de\/wp-json\/wp\/v2\/product"}],"about":[{"href":"https:\/\/netpet.ch\/de\/wp-json\/wp\/v2\/types\/product"}],"wp:featuredmedia":[{"embeddable":true,"href":"https:\/\/netpet.ch\/de\/wp-json\/wp\/v2\/media\/43793"}],"wp:attachment":[{"href":"https:\/\/netpet.ch\/de\/wp-json\/wp\/v2\/media?parent=42796"}],"wp:term":[{"taxonomy":"product_brand","embeddable":true,"href":"https:\/\/netpet.ch\/de\/wp-json\/wp\/v2\/product_brand?post=42796"},{"taxonomy":"product_cat","embeddable":true,"href":"https:\/\/netpet.ch\/de\/wp-json\/wp\/v2\/product_cat?post=42796"},{"taxonomy":"product_tag","embeddable":true,"href":"https:\/\/netpet.ch\/de\/wp-json\/wp\/v2\/product_tag?post=42796"}],"curies":[{"name":"wp","href":"https:\/\/api.w.org\/{rel}","templated":true}]}}