{"id":42798,"date":"2023-03-10T23:16:08","date_gmt":"2023-03-10T22:16:08","guid":{"rendered":"https:\/\/dev.netpet.ch\/produit\/mini-vanne-a-bille-en-laiton-avec-raccord-o-10mm-pour-tuyaux\/"},"modified":"2024-01-03T09:30:38","modified_gmt":"2024-01-03T08:30:38","slug":"mini-vanne-a-bille-en-laiton-avec-raccord-o-10mm-pour-tuyaux","status":"publish","type":"product","link":"https:\/\/netpet.ch\/de\/produit\/mini-vanne-a-bille-en-laiton-avec-raccord-o-10mm-pour-tuyaux\/","title":{"rendered":"Mini-Kugelhahn 10x10mm mit Schlauchanschl\u00fcssen, Messing"},"content":{"rendered":"<p>Dieser 10x10-Messing-Wasserhahn wird zum \u00d6ffnen oder Schlie\u00dfen der Wasserzufuhr in Ihrem Niederdrucknetz verwendet.<\/p>\n","protected":false},"excerpt":{"rendered":"<p>Dieser 10x10-Messing-Wasserhahn wird zum \u00d6ffnen oder Schlie\u00dfen der Wasserzufuhr in Ihrem Niederdrucknetz verwendet.<\/p>\n","protected":false},"featured_media":39976,"template":"","meta":{"_acf_changed":false,"wds_primary_product_brand":0,"wds_primary_product_cat":0},"product_brand":[],"product_cat":[433],"product_tag":[],"class_list":{"0":"post-42798","1":"product","2":"type-product","3":"status-publish","4":"has-post-thumbnail","6":"product_cat-tranken","8":"first","9":"instock","10":"taxable","11":"shipping-taxable","12":"purchasable","13":"product-type-simple"},"acf":[],"_links":{"self":[{"href":"https:\/\/netpet.ch\/de\/wp-json\/wp\/v2\/product\/42798","targetHints":{"allow":["GET"]}}],"collection":[{"href":"https:\/\/netpet.ch\/de\/wp-json\/wp\/v2\/product"}],"about":[{"href":"https:\/\/netpet.ch\/de\/wp-json\/wp\/v2\/types\/product"}],"wp:featuredmedia":[{"embeddable":true,"href":"https:\/\/netpet.ch\/de\/wp-json\/wp\/v2\/media\/39976"}],"wp:attachment":[{"href":"https:\/\/netpet.ch\/de\/wp-json\/wp\/v2\/media?parent=42798"}],"wp:term":[{"taxonomy":"product_brand","embeddable":true,"href":"https:\/\/netpet.ch\/de\/wp-json\/wp\/v2\/product_brand?post=42798"},{"taxonomy":"product_cat","embeddable":true,"href":"https:\/\/netpet.ch\/de\/wp-json\/wp\/v2\/product_cat?post=42798"},{"taxonomy":"product_tag","embeddable":true,"href":"https:\/\/netpet.ch\/de\/wp-json\/wp\/v2\/product_tag?post=42798"}],"curies":[{"name":"wp","href":"https:\/\/api.w.org\/{rel}","templated":true}]}}